




{"id":16804,"date":"2016-02-02T13:05:36","date_gmt":"2016-02-02T12:05:36","guid":{"rendered":"https:\/\/camptecnologico.com\/inicio\/?page_id=16804"},"modified":"2020-03-23T19:16:32","modified_gmt":"2020-03-23T18:16:32","slug":"campamentos-semana-santa-arrasate-mondragon","status":"publish","type":"page","link":"https:\/\/camptecnologico.com\/inicio\/campamentos-semana-santa-arrasate-mondragon\/","title":{"rendered":"Campamentos de Semana Santa 2020 en Arrasate-Mondrag\u00f3n"},"content":{"rendered":"<script>\r\n    sessionStorage.campus=5740;\r\n<\/script>\r\n\r\n<div class=\"row\">\r\n\r\n    <center style=\"font-size: 1.8em;\">Los alumnos de <strong>Arizmendi Ikastola<\/strong> deben apuntarse por su web (Alexia): \r\n          <a href=\"http:\/\/alexia.arizmendi.eus\" target=\"_blanc\" rel=\"nofollow noopener noreferrer\">entrar en Alexia<\/a>\r\n    <\/center>\r\n\r\n    <p>&nbsp;<\/p>\r\n\r\n    <!-- informaci\u00f3n general -->\r\n    <h3 class=\"tituloSeccion\">Informaci\u00f3n General<\/h3>\r\n\r\n    <div id=\"info\">\r\n        <div>\r\n            <h3><i class=\"fa fa-map-marker\" aria-hidden=\"true\"><\/i> D\u00f3nde<\/h3>\r\n            <p>Los Campamentos se realizan en <spam style=\"font-weight: bold; font-size: 1.4em;\">Mondragon Unibertsitatea<\/spam> (Campus Mondrag\u00f3n, Sede Garaia, Edificio 11)&nbsp;\r\n            <a href=\"https:\/\/www.google.com\/maps\/dir\/\/43.063182,-2.505612000000042\" target=\"_blanc\" rel=\"nofollow noopener noreferrer\"> mapa<\/a><\/p> \r\n            <p>&nbsp;<\/p>  \r\n        <\/div>\r\n        <div class=\"clear\"><\/div>\r\n\r\n        <div class=\"fivecol column\">\r\n            <h3><i class=\"fa fa-calendar\"><\/i> Fechas<\/h3>\r\n            <p>En la semana de vacaciones escolares.<\/p>\r\n            <ul>\r\n               <li>Del 14 al 17 de Abril (4 d\u00edas).<\/li>\r\n            <\/ul>\r\n            <h3><i class=\"fa fa-clock-o\" aria-hidden=\"true\"><\/i> Horario<\/h3>\r\n            <ul>\r\n                <li>De 9.00 a 14.00 horas (5 horas \/d\u00eda).<\/li>\r\n            <\/ul>            \r\n            <em>Nota: El \u00faltimo d\u00eda,<strong>1 hora de puertas abiertas<\/strong> (13.00 a 14.00), con las familias que podr\u00e1n ver el trabajo realizado.<\/em><br \/>&nbsp;\r\n        <\/div>\r\n\r\n        <div class=\"threecol column\">\r\n            <h3><i class=\"fa fa-money\" aria-hidden=\"true\"><\/i> Precio<\/h3>\r\n            <ul>\r\n                <li style=\"margin-bottom:0px;\">Talleres de 4 d\u00edas: <strong>160\u20ac<\/strong><\/li>\r\n            <\/ul>\r\n<!--\r\n            <center><a href=\"https:\/\/camptecnologico.com\/inicio\/inscripcion\/\"  class=\"button large primary\" rel=\"nofollow\">\r\n                   <i class=\"fa fa-paper-plane\"><\/i>&nbsp;&nbsp;Calendario e <i class=\"fa fa-paper-plane\" aria-hidden=\"true\">Inscripci\u00f3n<\/i><\/a>\r\n            <\/center>\r\n-->\r\n        <\/div>\r\n\r\n        <div class=\"fourcol column last\">\r\n            <h3><i class=\"fa fa-money\" aria-hidden=\"true\"><\/i> Descuentos<\/h3>\r\n            <ul>\r\n                <li>Antig\u00fco Alumno de CampTecnol\u00f3gico: <span style=\"font-size: 1.2em;\"> <strong>-10%<\/strong><\/span><\/li>\r\n                <li>Trabajadores de Mondragon Unibertsitatea y alumnos de Arizmendi Ikastola: <span style=\"font-size: 1.2em;\"> <strong>-20\u20ac<\/strong><\/span><br \/>\r\n                   (mediante c\u00f3digo de descuento)<\/li>\r\n            <\/ul>\r\n        <\/div>\r\n        <div class=\"clear\"><\/div>\r\n    <\/div>\r\n\r\n    <h3 class=\"tituloSeccion\">Talleres tecnol\u00f3gicos<\/h3>\r\n\r\n    <div class=\"taller\" id=\"fichaclubconborde\">\t \t \r\n        <br \/>\r\n        <img loading=\"lazy\" decoding=\"async\" src=\"https:\/\/camptecnologico.com\/inicio\/wp-content\/uploads\/INVENTOR-LAB-ROBOT-TRANSFORMER.jpg\" alt=\"\" width=\"298\" height=\"230\" class=\"alignleft size-blog wp-image-36851\" \/> \t \r\n        <h2 style=\"margin-top:10px;margin-bottom:10px;\">InventorLab: Robot Transformer<\/h2>\t \t \r\n        <p><i class=\"fa fa-book\"><\/i> Programaci\u00f3n de robots<\/p>\t \t \r\n        <p><i class=\"fa fa-calendar\"><\/i> Taller para ni\u00f1os\/as de LH1-LH3<\/p> \t \t \r\n\r\n        <div>\r\n            <p>En el taller de <strong>Inventor Lab<\/strong> los alumnos realizar\u00e1n distintos montajes del <strong>Robot: Transformer<\/strong> con los 173 bloques de construcci\u00f3n. La incorporaci\u00f3n de sensores y servos har\u00e1 que nuestro robot sea inteligente y podamos interactuar con \u00e9l. Realizar\u00e1n grandes montajes, como una catapulta m\u00f3vil, Robot Pinza, etc&#8230; incluso podr\u00e1n personalizar su veh\u00edculo para la realizaci\u00f3n de una batalla de robots.<\/p>\r\n\r\n            <p>Se programa y controla con una tarjeta electr\u00f3nica <strong>Micro:bit<\/strong> asociada a una placa de control de motores y sensores. Aprendiendo a programar con <strong>MakeCode<\/strong> (un lenguaje de bloques similar a <strong>Scratch<\/strong>) podemos gestionar el funcionamiento de sus motores y controlar los sensores que utilizaremos para sortear obst\u00e1culos, lanzar objetos, capturar piezas, etc&#8230; <\/p>\r\n\r\n            <center>\r\n                <iframe loading=\"lazy\" width=\"560\" height=\"315\" src=\"https:\/\/www.youtube.com\/embed\/AjsMXvPxwQ8\" frameborder=\"0\" \r\n                        allow=\"accelerometer; autoplay; encrypted-media; gyroscope; picture-in-picture\" allowfullscreen><\/iframe>\r\n            <\/center>\r\n<br \/>\r\n            <p>Adem\u00e1s, es controlable a trav\u00e9s de <strong>Android\/IOS<\/strong> o desde otra <strong>Micro:bit<\/strong> como un mando a distancia. Puedes personalizarlo con otros efectos programando el encendido de leds y crear efectos de luces de colores, reproducciones de m\u00fasica, etc.<\/p>\r\n        <\/div>\r\n    <\/div>\r\n\r\n    <div class=\"taller\" id=\"fichaclubconborde\">\t \t \r\n        <br \/>\r\n        <img loading=\"lazy\" decoding=\"async\" src=\"https:\/\/camptecnologico.com\/inicio\/wp-content\/uploads\/Inventor-Lab-ROBOTCAR-game-consola-1.jpg\" alt=\"\" width=\"298\" height=\"230\" class=\"alignleft size-blog wp-image-37059\" \/>\r\n        <h2 style=\"margin-top:10px;margin-bottom:10px;\">InventorLab: Robot_Car + Game Consola<\/h2>\t \t \r\n        <p><i class=\"fa fa-book\"><\/i> Programaci\u00f3n de robots<\/p>\r\n        <p><i class=\"fa fa-calendar\"><\/i> Taller para ni\u00f1os\/as de LH4-DBH4<\/p>\t \t \r\n\r\n        <div>\r\n            <p>Montar\u00e1s este <strong>Robot:Car<\/strong>, un robot con especiales caracter\u00edsticas. Compuesto de 146 bloques, 4 motores y 4 ruedas omnidireccionales. Son unas ruedas especiales, se llaman <strong>Mecanum<\/strong>, que le permiten moverse tambi\u00e9n en diagonal y girar sobre s\u00ed mismo en 360\u00ba.<\/p>\r\n            <p>Se programa y controla con una placa <strong>Micro:bit<\/strong> asociada a una placa de control de motores y sensores. Aprendiendo a programar con <strong>MakeCode<\/strong> (un lenguaje de bloques similar a <strong>Scratch<\/strong>) podemos gestionar el funcionamiento de sus 4 motores y controlar los sensores que utilizaremos para sortear obst\u00e1culos o conseguir seguir un camino o salir de un laberinto.<\/p>\r\n\r\n            <center>\r\n                <iframe loading=\"lazy\" width=\"560\" height=\"315\" src=\"https:\/\/www.youtube.com\/embed\/TtgFQGz_BNw\" frameborder=\"0\"\r\n                    allow=\"accelerometer; autoplay; encrypted-media; gyroscope; picture-in-picture\" allowfullscreen><\/iframe>\r\n            <\/center>\r\n\r\n            <p>Las ruedas <strong>Mecanum<\/strong> le permiten a <strong>Robot:Car<\/strong> avanzar r\u00e1pidamente en ocho direcciones diferentes: de frente, hacia atr\u00e1s, giro a izquierda o a derecha, diagonal izquierda o diagonal derecha, y con ello girar sobre s\u00ed mismo 360\u00ba.<\/p>\r\n            <p>Todo ello hace que evite obst\u00e1culos con una mayor precisi\u00f3n que cualquier otro autom\u00f3vil inteligente. Adem\u00e1s, es controlable a trav\u00e9s de <strong>Android\/IOS<\/strong> o desde otra <strong>Micro:bit<\/strong> como un mando a distancia. Puedes personalizarlo con otros efectos programando el encendido de leds y crear efectos de luces de colores, reproducciones de m\u00fasica, etc\u2026<\/p>\r\n            <p>De manera complementaria, utilizar\u00e1n una <strong>Game Consola<\/strong> para programar juegos tipo arcade como <strong>flappy bird, tetris, arkanoid<\/strong> y muchos m\u00e1s, mediante un lenguaje sencillo por bloques.<\/p>\r\n        <\/div>\r\n    <\/div>\r\n\r\n    <div>\r\n        <hr \/>\r\n        <p>\r\n            <spam style=\"color:#CC0000;font-weight: bold; font-size: 2.0em;\">AVISO:<\/spam> \r\n            <spam style=\"font-size: 1.7em;\">La realizaci\u00f3n de los talleres esta sujeta a alcanzar un grupo m\u00ednimo de asistentes al turno elegido. \r\n                                        En caso de no ser factible, desde la organizaci\u00f3n les ofreceremos las alternativas existentes.<\/spam>\r\n        <\/p>\r\n    <\/div>\r\n<\/div>","protected":false},"excerpt":{"rendered":"Los alumnos de Arizmendi Ikastola deben apuntarse por su web (Alexia): entrar en Alexia &nbsp; Informaci\u00f3n General D\u00f3nde Los Campamentos se realizan en Mondragon Unibertsitatea (Campus Mondrag\u00f3n, Sede Garaia, Edificio 11)&nbsp; mapa &nbsp; Fechas En la semana de vacaciones escolares. Del 14 al 17 de Abril (4 d\u00edas). Horario De 9.00 a 14.00 horas (5 [&hellip;]","protected":false},"author":27,"featured_media":16454,"parent":0,"menu_order":0,"comment_status":"closed","ping_status":"closed","template":"","meta":{"footnotes":"","_links_to":"","_links_to_target":""},"class_list":["post-16804","page","type-page","status-publish","has-post-thumbnail","hentry"],"yoast_head":"<!-- This site is optimized with the Yoast SEO plugin v22.6 - https:\/\/yoast.com\/wordpress\/plugins\/seo\/ -->\n<title>Campamentos de Semana Santa 2020 en Arrasate-Mondrag\u00f3n<\/title>\n<meta name=\"description\" content=\"Campamentos durante Semana Santa en Arrasate-Mondragon con talleres tecnol\u00f3gicos de Programaci\u00f3n, Rob\u00f3tica, Minecratf y otras disciplinas. De 5 a 17 a\u00f1os. \u00a1Ap\u00fantale!\" \/>\n<meta name=\"robots\" content=\"noindex, follow, max-snippet:-1, max-image-preview:large, max-video-preview:-1\" \/>\n<meta property=\"og:locale\" content=\"es_ES\" \/>\n<meta property=\"og:type\" content=\"article\" \/>\n<meta property=\"og:title\" content=\"Campamentos de Semana Santa 2020 en Arrasate-Mondrag\u00f3n\" \/>\n<meta property=\"og:description\" content=\"Campamentos durante Semana Santa en Arrasate-Mondragon con talleres tecnol\u00f3gicos de Programaci\u00f3n, Rob\u00f3tica, Minecratf y otras disciplinas. De 5 a 17 a\u00f1os. \u00a1Ap\u00fantale!\" \/>\n<meta property=\"og:url\" content=\"https:\/\/camptecnologico.com\/inicio\/campamentos-semana-santa-arrasate-mondragon\/\" \/>\n<meta property=\"og:site_name\" content=\"Camp Tecnologico\" \/>\n<meta property=\"article:publisher\" content=\"https:\/\/www.facebook.com\/camptecnologico\/\" \/>\n<meta property=\"article:modified_time\" content=\"2020-03-23T18:16:32+00:00\" \/>\n<meta property=\"og:image\" content=\"https:\/\/camptecnologico.com\/inicio\/wp-content\/uploads\/2015\/12\/camp-tecnologico-mondrago-robotica.jpg\" \/>\n\t<meta property=\"og:image:width\" content=\"302\" \/>\n\t<meta property=\"og:image:height\" content=\"226\" \/>\n\t<meta property=\"og:image:type\" content=\"image\/jpeg\" \/>\n<meta name=\"twitter:card\" content=\"summary_large_image\" \/>\n<meta name=\"twitter:site\" content=\"@CampTecnologico\" \/>\n<meta name=\"twitter:label1\" content=\"Tiempo de lectura\" \/>\n\t<meta name=\"twitter:data1\" content=\"3 minutos\" \/>\n<!-- \/ Yoast SEO plugin. -->","yoast_head_json":{"title":"Campamentos de Semana Santa 2020 en Arrasate-Mondrag\u00f3n","description":"Campamentos durante Semana Santa en Arrasate-Mondragon con talleres tecnol\u00f3gicos de Programaci\u00f3n, Rob\u00f3tica, Minecratf y otras disciplinas. De 5 a 17 a\u00f1os. \u00a1Ap\u00fantale!","robots":{"index":"noindex","follow":"follow","max-snippet":"max-snippet:-1","max-image-preview":"max-image-preview:large","max-video-preview":"max-video-preview:-1"},"og_locale":"es_ES","og_type":"article","og_title":"Campamentos de Semana Santa 2020 en Arrasate-Mondrag\u00f3n","og_description":"Campamentos durante Semana Santa en Arrasate-Mondragon con talleres tecnol\u00f3gicos de Programaci\u00f3n, Rob\u00f3tica, Minecratf y otras disciplinas. De 5 a 17 a\u00f1os. \u00a1Ap\u00fantale!","og_url":"https:\/\/camptecnologico.com\/inicio\/campamentos-semana-santa-arrasate-mondragon\/","og_site_name":"Camp Tecnologico","article_publisher":"https:\/\/www.facebook.com\/camptecnologico\/","article_modified_time":"2020-03-23T18:16:32+00:00","og_image":[{"width":302,"height":226,"url":"https:\/\/camptecnologico.com\/inicio\/wp-content\/uploads\/2015\/12\/camp-tecnologico-mondrago-robotica.jpg","type":"image\/jpeg"}],"twitter_card":"summary_large_image","twitter_site":"@CampTecnologico","twitter_misc":{"Tiempo de lectura":"3 minutos"},"schema":{"@context":"https:\/\/schema.org","@graph":[{"@type":"WebPage","@id":"https:\/\/camptecnologico.com\/inicio\/campamentos-semana-santa-arrasate-mondragon\/","url":"https:\/\/camptecnologico.com\/inicio\/campamentos-semana-santa-arrasate-mondragon\/","name":"Campamentos de Semana Santa 2020 en Arrasate-Mondrag\u00f3n","isPartOf":{"@id":"https:\/\/camptecnologico.com\/inicio\/#website"},"primaryImageOfPage":{"@id":"https:\/\/camptecnologico.com\/inicio\/campamentos-semana-santa-arrasate-mondragon\/#primaryimage"},"image":{"@id":"https:\/\/camptecnologico.com\/inicio\/campamentos-semana-santa-arrasate-mondragon\/#primaryimage"},"thumbnailUrl":"https:\/\/camptecnologico.com\/inicio\/wp-content\/uploads\/2015\/12\/camp-tecnologico-mondrago-robotica.jpg","datePublished":"2016-02-02T12:05:36+00:00","dateModified":"2020-03-23T18:16:32+00:00","description":"Campamentos durante Semana Santa en Arrasate-Mondragon con talleres tecnol\u00f3gicos de Programaci\u00f3n, Rob\u00f3tica, Minecratf y otras disciplinas. De 5 a 17 a\u00f1os. \u00a1Ap\u00fantale!","breadcrumb":{"@id":"https:\/\/camptecnologico.com\/inicio\/campamentos-semana-santa-arrasate-mondragon\/#breadcrumb"},"inLanguage":"es","potentialAction":[{"@type":"ReadAction","target":["https:\/\/camptecnologico.com\/inicio\/campamentos-semana-santa-arrasate-mondragon\/"]}]},{"@type":"ImageObject","inLanguage":"es","@id":"https:\/\/camptecnologico.com\/inicio\/campamentos-semana-santa-arrasate-mondragon\/#primaryimage","url":"https:\/\/camptecnologico.com\/inicio\/wp-content\/uploads\/2015\/12\/camp-tecnologico-mondrago-robotica.jpg","contentUrl":"https:\/\/camptecnologico.com\/inicio\/wp-content\/uploads\/2015\/12\/camp-tecnologico-mondrago-robotica.jpg","width":302,"height":226,"caption":"talleres, tecnologia, robotica, videojuegos, cursos, ninos, ninas, campamentos, camp tecnologico, mondragon, arrasate"},{"@type":"BreadcrumbList","@id":"https:\/\/camptecnologico.com\/inicio\/campamentos-semana-santa-arrasate-mondragon\/#breadcrumb","itemListElement":[{"@type":"ListItem","position":1,"name":"Home","item":"https:\/\/camptecnologico.com\/"},{"@type":"ListItem","position":2,"name":"Campamentos de Semana Santa 2020 en Arrasate-Mondrag\u00f3n"}]},{"@type":"WebSite","@id":"https:\/\/camptecnologico.com\/inicio\/#website","url":"https:\/\/camptecnologico.com\/inicio\/","name":"Camp Tecnologico","description":"Campamento tecnol\u00f3gico para ni\u00f1os y j\u00f3venes. Tecnolog\u00eda para ni\u00f1os. Minecraft.","publisher":{"@id":"https:\/\/camptecnologico.com\/inicio\/#organization"},"potentialAction":[{"@type":"SearchAction","target":{"@type":"EntryPoint","urlTemplate":"https:\/\/camptecnologico.com\/inicio\/?s={search_term_string}"},"query-input":"required name=search_term_string"}],"inLanguage":"es"},{"@type":"Organization","@id":"https:\/\/camptecnologico.com\/inicio\/#organization","name":"Camp Tecnol\u00f3gico","url":"https:\/\/camptecnologico.com\/inicio\/","logo":{"@type":"ImageObject","inLanguage":"es","@id":"https:\/\/camptecnologico.com\/inicio\/#\/schema\/logo\/image\/","url":"https:\/\/camptecnologico.com\/inicio\/wp-content\/uploads\/logo1.jpg","contentUrl":"https:\/\/camptecnologico.com\/inicio\/wp-content\/uploads\/logo1.jpg","width":120,"height":120,"caption":"Camp Tecnol\u00f3gico"},"image":{"@id":"https:\/\/camptecnologico.com\/inicio\/#\/schema\/logo\/image\/"},"sameAs":["https:\/\/www.facebook.com\/camptecnologico\/","https:\/\/x.com\/CampTecnologico","https:\/\/www.instagram.com\/camptecnologico\/","https:\/\/www.linkedin.com\/company\/camptecnol-gico","https:\/\/www.youtube.com\/user\/CampTecologico"]}]}},"_links":{"self":[{"href":"https:\/\/camptecnologico.com\/inicio\/wp-json\/wp\/v2\/pages\/16804","targetHints":{"allow":["GET"]}}],"collection":[{"href":"https:\/\/camptecnologico.com\/inicio\/wp-json\/wp\/v2\/pages"}],"about":[{"href":"https:\/\/camptecnologico.com\/inicio\/wp-json\/wp\/v2\/types\/page"}],"author":[{"embeddable":true,"href":"https:\/\/camptecnologico.com\/inicio\/wp-json\/wp\/v2\/users\/27"}],"replies":[{"embeddable":true,"href":"https:\/\/camptecnologico.com\/inicio\/wp-json\/wp\/v2\/comments?post=16804"}],"version-history":[{"count":89,"href":"https:\/\/camptecnologico.com\/inicio\/wp-json\/wp\/v2\/pages\/16804\/revisions"}],"predecessor-version":[{"id":46322,"href":"https:\/\/camptecnologico.com\/inicio\/wp-json\/wp\/v2\/pages\/16804\/revisions\/46322"}],"wp:featuredmedia":[{"embeddable":true,"href":"https:\/\/camptecnologico.com\/inicio\/wp-json\/wp\/v2\/media\/16454"}],"wp:attachment":[{"href":"https:\/\/camptecnologico.com\/inicio\/wp-json\/wp\/v2\/media?parent=16804"}],"curies":[{"name":"wp","href":"https:\/\/api.w.org\/{rel}","templated":true}]}}