




{"id":16738,"date":"2016-03-04T11:13:01","date_gmt":"2016-03-04T10:13:01","guid":{"rendered":"https:\/\/camptecnologico.com\/inicio\/?page_id=16738"},"modified":"2019-05-15T08:52:53","modified_gmt":"2019-05-15T07:52:53","slug":"quienes-somos","status":"publish","type":"page","link":"https:\/\/camptecnologico.com\/inicio\/quienes-somos\/","title":{"rendered":"Qui\u00e9nes somos"},"content":{"rendered":"<style>\r\n.tama\u00f1o22 {font-family: Roboto Condensed, Arial, Helvetica, sans-serif;font-size: 1.5em;}\r\nh4 {font-family: Roboto Condensed, Arial, Helvetica, sans-serif!Important;}\r\nul {list-style-image: url(\"https:\/\/camptecnologico.com\/inicio\/wp-content\/uploads\/2015\/09\/cuadrado-verde-8x8.jpg\");    margin: 20px 0px;}\r\nblockquote {margin: 20px 0 20px!important;}\r\n#home { padding: 0 12px;}\r\n    #home .opcion {\r\n        float: left;\r\n        height: 304px;\r\n        margin: 0 15px;\r\n        width: 210px;\r\n    }#home .opcion:nth-of-type(1) {\r\n        background: url('https:\/\/camptecnologico.com\/inicio\/wp-content\/uploads\/2015\/02\/home-sprite.jpg') no-repeat 0 0;\r\n    }#home .opcion:nth-of-type(2) {\r\n        background: url('https:\/\/camptecnologico.com\/inicio\/wp-content\/uploads\/2015\/02\/home-sprite.jpg') no-repeat -231px 0;\r\n    }#home .opcion:nth-of-type(3) {\r\n        background: url('https:\/\/camptecnologico.com\/inicio\/wp-content\/uploads\/2015\/02\/home-sprite.jpg') no-repeat -462px 0;\r\n    }#home .opcion .enlaces {\r\n        position: relative;\r\n        top: 255px;\r\n        width: 100%;\r\n        height: 50px;\r\n    }#home .opcion .enlaces ul {\r\n            padding-left: 0 !important;\r\n            text-indent: 0 !important;\r\n            text-align: center;\r\n        }#home .opcion .enlaces ul li {\r\n            display: inline-block;\r\n            list-style: none;\r\n            margin: 0 10px;\r\n        }#home .opcion .enlaces ul li a {\r\n                border: 2px solid #000;\r\n                color: #fff;\r\n                font-size: 24px;\r\n                padding: 0 10px;\r\n            }#home .opcion .enlaces ul li:nth-of-type(2) a {\r\n                padding: 0 11px;\r\n    }#home .opcion:nth-of-type(1) .enlaces ul li a {\r\n        background: #c28585;\r\n        }#home .opcion:nth-of-type(1) .enlaces ul li a:hover {\r\n            background: #993333;\r\n            text-decoration: none;\r\n    }#home .opcion:nth-of-type(2) .enlaces ul li a {\r\n        background: #66a366;\r\n        }#home .opcion:nth-of-type(2) .enlaces ul li a:hover {\r\n            background: #006600;\r\n            text-decoration: none;\r\n    }#home .opcion:nth-of-type(3) .enlaces ul li a {\r\n        background: #6685a3;\r\n        }#home .opcion:nth-of-type(3) .enlaces ul li a:hover {background: #003366; text-decoration: none;}\r\n<\/style>\r\n\r\n<div class=\"row\">\r\n\r\n<p class=\"tama\u00f1o22\">Camp Tecnol\u00f3gico es un <strong>proyecto educativo<\/strong> l\u00edder cuyo objetivo es despertar el inter\u00e9s de los m\u00e1s j\u00f3venes por las materias del \u00e1rea STEM: <strong>ciencia<\/strong>, <strong>tecnolog\u00eda<\/strong>, <strong>ingenier\u00eda<\/strong> y  <strong>matem\u00e1ticas<\/strong> a trav\u00e9s de la Tecnolog\u00eda Educativa. Nuestro foco es mejorar sus habilidades en estas \u00e1reas y, con ello, aumentar sus probabilidades de <strong>\u00e9xito acad\u00e9mico y profesional futuro<\/strong>.<\/p>\r\n\r\n<h4>Nacer a partir de una idea&#8230; Y crecer a\u00f1o a a\u00f1o<\/h4>\r\n\r\n<img loading=\"lazy\" decoding=\"async\" src=\"https:\/\/camptecnologico.com\/inicio\/wp-content\/uploads\/jesus-angel-bravo-300x225.jpg\" alt=\"\" width=\"300\" height=\"225\" class=\"alignright size-medium wp-image-26222\" style=\"padding: 10px;box-shadow: 0px 4px 8px #ebebeb;border: 1px solid #ebebeb;\"\/><p>\r\n<ul>\r\n\t<li><strong>2011<\/strong>: <strong>Camp Tecnol\u00f3gico<\/strong> surge en este a\u00f1o en <strong>Bilbao,<\/strong> debido a la inquietud personal de <a href=\"https:\/\/www.linkedin.com\/in\/jesusangelbravo\/\" target=\"_blank\" rel=\"nofollow noopener noreferrer\">Jes\u00fas \u00c1ngel Bravo Duque<\/a> de dar la posibilidad a su hijo de que pudiera aprender <strong>programaci\u00f3n<\/strong> y <a href=\"https:\/\/camptecnologico.com\/inicio\/talleres\/robotica-2\/\" target=\"_blank\" rel=\"noopener noreferrer\"><strong>rob\u00f3tica<\/strong><\/a> junto a otros ni\u00f1os y ni\u00f1as de su edad. Apenas unas semanas antes de empezar las vacaciones escolares de verano Jes\u00fas \u00c1ngel se pone a trabajar en el proyecto, donde involucra a diferentes empresas e instituciones del entorno, como la Fundaci\u00f3n Novia Salcedo o Innobasque, con la grata sorpresa de que m\u00e1s de 250 chicos y chicas deciden participar en los primeros <strong>Campamentos Tecnol\u00f3gicos de Verano<\/strong>. El \u00e9xito de esa primera edici\u00f3n nos ayud\u00f3 a reflexionar sobre la impl\u00edcita necesidad que tienen las familias de <strong>complementar la educaci\u00f3n<\/strong> de sus hijos e hijas con la <strong>tecnolog\u00eda<\/strong> y, desde entonces, trabajamos sobre esa base.<\/li>\r\n\t<li><strong>2012<\/strong>: El verano de este a\u00f1o, extendimos nuestras actividades a las principales ciudades vascas (<strong>Bilbao<\/strong>, <strong>Vitoria<\/strong> y <strong>San Sebasti\u00e1n<\/strong>), as\u00ed como a <span style=\"color: #000000;\"><strong>Pamplona<\/strong><\/span>, <strong>Barcelona<\/strong> y <strong>Madrid<\/strong>. Adem\u00e1s dimos el paso de ampliar sustancialmente nuestra oferta de talleres, introduciendo, ante el boom de la irrupci\u00f3n de los smartphones en 2012, nuestro taller de <a href=\"https:\/\/camptecnologico.com\/inicio\/talleres\/desarrollo-de-apps-android\/\" target=\"_blank\" rel=\"noopener noreferrer\"><strong>Desarrollo de Aplicaciones para Dispositivos M\u00f3viles<\/strong><\/a>, entre otros. Adem\u00e1s, ese mismo a\u00f1o tambi\u00e9n incluimos el <a href=\"https:\/\/camptecnologico.com\/inicio\/club-fin-de-semana\/\" target=\"_blank\" rel=\"noopener noreferrer\">Club Tecnol\u00f3gico Fin de Semana<\/a>, bajo petici\u00f3n de las propias familias y con el fin de dar continuidad al programa tambi\u00e9n durante el curso escolar, con talleres orientados a ni\u00f1os y ni\u00f1as desde los 4 a\u00f1os.<\/li>\r\n<li><strong>2013<\/strong>: Podemos considerar este a\u00f1o como el a\u00f1o de la <strong>consolidaci\u00f3n<\/strong>, habiendo generado talleres, <a href=\"https:\/\/camptecnologico.com\/inicio\/campamentos\/\" target=\"_blank\" rel=\"noopener noreferrer\">Campamentos<\/a> y cursos para m\u00e1s de 5.000 chicos y chicas en esos dos a\u00f1os. Tambi\u00e9n inauguramos nuevas sedes en otros puntos de la pen\u00ednsula como son <strong>Santander<\/strong>, <strong>Mondrag\u00f3n<\/strong> y <strong>La Rioja<\/strong>.<\/li>\r\n<li><strong>Desde entonces<\/strong>: Al movimiento de fomentar las habilidades en \u00e1reas tecnol\u00f3gicas de los m\u00e1s j\u00f3venes se unen tambi\u00e9n los <strong>Centros Escolares<\/strong> y <strong>Empresas<\/strong>. Es por eso por lo que comenzamos a trasladarnos a los colegios para ofertar sus cursos en formato <a href=\"https:\/\/camptecnologico.com\/inicio\/extraescolares\/\" target=\"_blank\" rel=\"noopener noreferrer\">Extraescolares<\/a>. A su vez se ponen en contacto con nosotros empresas de primer nivel para que, dentro de sus acciones de <strong>Responsabilidad Social Corporativa,<\/strong> puedan ofrecer cursos a los hijos e hijas de sus empleados, visitas de colegios&#8230; Actualmente estamos trabajando en este modelo con referentes como <a href=\"http:\/\/www.ingeteam.com\/\" target=\"a_blanc\" rel=\"noopener noreferrer\"><strong>Ingeteam<\/strong><\/a>, <a href=\"https:\/\/www.google.es\/?gws_rd=ssl\" target=\"_blank\" rel=\"noopener noreferrer\"><strong>Google Espa\u00f1a<\/strong><\/a>, <a href=\"http:\/\/www.microsoft.com\/es-es\/default.aspx\" target=\"_blank\" rel=\"noopener noreferrer\"><strong>Microsoft<\/strong><\/a> o <a href=\"http:\/\/www.telefonica.com\/es\/home\/jsp\/home.jsp\" target=\"_blank\" rel=\"noopener noreferrer\"><strong>Telef\u00f3nica<\/strong><\/a>.<\/li>\r\n<\/ul><\/p>\r\n\r\n<h4>Pioneros en educaci\u00f3n tecnol\u00f3gica<\/h4>\r\n\r\n<div style=\"width:50%; float:left;\">\r\n<iframe loading=\"lazy\" width=\"560\" height=\"315\" src=\"https:\/\/www.youtube.com\/embed\/7OeeAjged0c?ecver=1\" frameborder=\"0\" allowfullscreen><\/iframe>\r\n<\/div>\r\n<div style=\"float: left; width: 48%; margin-left: 1%\"><p>En 2013 surgi\u00f3 un nuevo fen\u00f3meno alrededor del mundo de los videojuegos con la aparici\u00f3n de <strong>Minecraft <\/strong>, al que decidimos dar una vuelta de tuerca y organizar los primeros <strong>cursos educativos<\/strong> a nivel nacional, relacionando el aprendizaje en programaci\u00f3n y el propio videojuego tranformando el novedoso <a href=\"https:\/\/camptecnologico.com\/inicio\/talleres\/minecraft\/\" target=\"_blank\" rel=\"noopener noreferrer\">Minecraft<\/a> en un impulso did\u00e1ctico. <\/p><p>Otro de nuestros objetivos es ser un <strong>referente internacional<\/strong> en el terreno de la tecnolog\u00eda educativa, ya que actualmente se ha generado un movimiento muy importante a nivel global sobre las posibilidades de Minecraft en el mundo de la educaci\u00f3n. Gracias a estas novedades, en los a\u00f1os 2014 y 2015, nos posicionamos como la empresa referente del sector, duplicando  anualmente nuestra actividad y generando nuevas sedes.<\/p>\r\n<\/div>\r\n\r\n<div style=\"clear:both;top: 25px;position: relative;\">\r\n\r\n\r\n<blockquote><p>Hemos dedicado estos \u00faltimas a\u00f1os a potenciar y desarrollar lo que llamamos <strong>Lab Tecnol\u00f3gico<\/strong>, (nuestro departamento de I+D+i de desarrollo de nuevos materiales did\u00e1cticos). Esto es <strong>clave<\/strong> para poder ofrecer a nuestros chicos y chicas lo \u00faltimo en tecnolog\u00eda. Por ello, hemos asistido a las dos \u00faltimas ediciones de la mayor feria de educaci\u00f3n del mundo <a href=\"http:\/\/www.bettshow.com\/\" target=\"a_blanc\" rel=\"nofollow noopener noreferrer\"><strong>Bett<\/strong><\/a> en Londres, a la <a href=\"http:\/\/makerfaire.com\/\" target=\"a_blanc\" rel=\"nofollow noopener noreferrer\"><strong>World Maker Faire<\/strong><\/a> en 2014 en Nueva York o al <strong>CES 2015<\/strong> en Las Vegas.<\/p><\/blockquote>\r\n\r\n\r\n\r\n<p>El futuro es incorporar la educaci\u00f3n en tecnolog\u00eda dentro del <strong>Curriculum Oficial de los Colegios<\/strong>, por ese motivo hemos creado cursos espec\u00edficos para la <a href=\"https:\/\/camptecnologico.com\/inicio\/formacion-profesorado\/\" target=\"_blank\" rel=\"noopener noreferrer\"><strong>formaci\u00f3n a profesorado<\/strong><\/a>. Consideramos la <a href=\"https:\/\/camptecnologico.com\/inicio\/implantacion-curricular\/\" target=\"_blank\" rel=\"noopener noreferrer\">implantaci\u00f3n curricular<\/a> como un esencial para aquellos docentes que quieran estar actualizados en nuevas herramientas y metodolog\u00edas educacionales, y que esto les permita divulgar ciencia y tecnolog\u00eda correctamente en los centros educativos.<span style=\"font-size: medium;\"><strong> \u00a1\u00a1Manos a la obra!!<\/strong><\/span><\/p>\r\n<\/div>\r\n\r\n<\/div>","protected":false},"excerpt":{"rendered":"Camp Tecnol\u00f3gico es un proyecto educativo l\u00edder cuyo objetivo es despertar el inter\u00e9s de los m\u00e1s j\u00f3venes por las materias del \u00e1rea STEM: ciencia, tecnolog\u00eda, ingenier\u00eda y matem\u00e1ticas a trav\u00e9s de la Tecnolog\u00eda Educativa. Nuestro foco es mejorar sus habilidades en estas \u00e1reas y, con ello, aumentar sus probabilidades de \u00e9xito acad\u00e9mico y profesional futuro. [&hellip;]","protected":false},"author":27,"featured_media":49704,"parent":0,"menu_order":0,"comment_status":"closed","ping_status":"closed","template":"","meta":{"footnotes":"","_links_to":"","_links_to_target":""},"class_list":["post-16738","page","type-page","status-publish","has-post-thumbnail","hentry"],"yoast_head":"<!-- This site is optimized with the Yoast SEO plugin v22.6 - https:\/\/yoast.com\/wordpress\/plugins\/seo\/ -->\n<title>Camp Tecnol\u00f3gico | Quienes Somos<\/title>\n<meta name=\"description\" content=\"Camp Tecnol\u00f3gico es un Proyecto Educativo l\u00edder desde 2011. Formamos en Tecnolog\u00eda Educativa en las \u00e1reas de Rob\u00f3tica Educativa, programaci\u00f3n y Electr\u00f3nica.\" \/>\n<meta name=\"robots\" content=\"noindex, follow\" \/>\n<meta property=\"og:locale\" content=\"es_ES\" \/>\n<meta property=\"og:type\" content=\"article\" \/>\n<meta property=\"og:title\" content=\"Camp Tecnol\u00f3gico | Quienes Somos\" \/>\n<meta property=\"og:description\" content=\"Camp Tecnol\u00f3gico es un Proyecto Educativo l\u00edder desde 2011. Formamos en Tecnolog\u00eda Educativa en las \u00e1reas de Rob\u00f3tica Educativa, programaci\u00f3n y Electr\u00f3nica.\" \/>\n<meta property=\"og:url\" content=\"https:\/\/camptecnologico.com\/inicio\/quienes-somos\/\" \/>\n<meta property=\"og:site_name\" content=\"Camp Tecnologico\" \/>\n<meta property=\"article:publisher\" content=\"https:\/\/www.facebook.com\/camptecnologico\/\" \/>\n<meta property=\"article:modified_time\" content=\"2019-05-15T07:52:53+00:00\" \/>\n<meta property=\"og:image\" content=\"https:\/\/camptecnologico.com\/inicio\/wp-content\/uploads\/industry-4.0camptec-1.jpg\" \/>\n\t<meta property=\"og:image:width\" content=\"400\" \/>\n\t<meta property=\"og:image:height\" content=\"235\" \/>\n\t<meta property=\"og:image:type\" content=\"image\/jpeg\" \/>\n<meta name=\"twitter:card\" content=\"summary_large_image\" \/>\n<meta name=\"twitter:site\" content=\"@CampTecnologico\" \/>\n<meta name=\"twitter:label1\" content=\"Tiempo de lectura\" \/>\n\t<meta name=\"twitter:data1\" content=\"4 minutos\" \/>\n<!-- \/ Yoast SEO plugin. -->","yoast_head_json":{"title":"Camp Tecnol\u00f3gico | Quienes Somos","description":"Camp Tecnol\u00f3gico es un Proyecto Educativo l\u00edder desde 2011. Formamos en Tecnolog\u00eda Educativa en las \u00e1reas de Rob\u00f3tica Educativa, programaci\u00f3n y Electr\u00f3nica.","robots":{"index":"noindex","follow":"follow"},"og_locale":"es_ES","og_type":"article","og_title":"Camp Tecnol\u00f3gico | Quienes Somos","og_description":"Camp Tecnol\u00f3gico es un Proyecto Educativo l\u00edder desde 2011. Formamos en Tecnolog\u00eda Educativa en las \u00e1reas de Rob\u00f3tica Educativa, programaci\u00f3n y Electr\u00f3nica.","og_url":"https:\/\/camptecnologico.com\/inicio\/quienes-somos\/","og_site_name":"Camp Tecnologico","article_publisher":"https:\/\/www.facebook.com\/camptecnologico\/","article_modified_time":"2019-05-15T07:52:53+00:00","og_image":[{"width":400,"height":235,"url":"https:\/\/camptecnologico.com\/inicio\/wp-content\/uploads\/industry-4.0camptec-1.jpg","type":"image\/jpeg"}],"twitter_card":"summary_large_image","twitter_site":"@CampTecnologico","twitter_misc":{"Tiempo de lectura":"4 minutos"},"schema":{"@context":"https:\/\/schema.org","@graph":[{"@type":"WebPage","@id":"https:\/\/camptecnologico.com\/inicio\/quienes-somos\/","url":"https:\/\/camptecnologico.com\/inicio\/quienes-somos\/","name":"Camp Tecnol\u00f3gico | Quienes Somos","isPartOf":{"@id":"https:\/\/camptecnologico.com\/inicio\/#website"},"primaryImageOfPage":{"@id":"https:\/\/camptecnologico.com\/inicio\/quienes-somos\/#primaryimage"},"image":{"@id":"https:\/\/camptecnologico.com\/inicio\/quienes-somos\/#primaryimage"},"thumbnailUrl":"https:\/\/camptecnologico.com\/inicio\/wp-content\/uploads\/industry-4.0camptec-1.jpg","datePublished":"2016-03-04T10:13:01+00:00","dateModified":"2019-05-15T07:52:53+00:00","description":"Camp Tecnol\u00f3gico es un Proyecto Educativo l\u00edder desde 2011. Formamos en Tecnolog\u00eda Educativa en las \u00e1reas de Rob\u00f3tica Educativa, programaci\u00f3n y Electr\u00f3nica.","breadcrumb":{"@id":"https:\/\/camptecnologico.com\/inicio\/quienes-somos\/#breadcrumb"},"inLanguage":"es","potentialAction":[{"@type":"ReadAction","target":["https:\/\/camptecnologico.com\/inicio\/quienes-somos\/"]}]},{"@type":"ImageObject","inLanguage":"es","@id":"https:\/\/camptecnologico.com\/inicio\/quienes-somos\/#primaryimage","url":"https:\/\/camptecnologico.com\/inicio\/wp-content\/uploads\/industry-4.0camptec-1.jpg","contentUrl":"https:\/\/camptecnologico.com\/inicio\/wp-content\/uploads\/industry-4.0camptec-1.jpg","width":400,"height":235},{"@type":"BreadcrumbList","@id":"https:\/\/camptecnologico.com\/inicio\/quienes-somos\/#breadcrumb","itemListElement":[{"@type":"ListItem","position":1,"name":"Home","item":"https:\/\/camptecnologico.com\/"},{"@type":"ListItem","position":2,"name":"Qui\u00e9nes somos"}]},{"@type":"WebSite","@id":"https:\/\/camptecnologico.com\/inicio\/#website","url":"https:\/\/camptecnologico.com\/inicio\/","name":"Camp Tecnologico","description":"Campamento tecnol\u00f3gico para ni\u00f1os y j\u00f3venes. Tecnolog\u00eda para ni\u00f1os. Minecraft.","publisher":{"@id":"https:\/\/camptecnologico.com\/inicio\/#organization"},"potentialAction":[{"@type":"SearchAction","target":{"@type":"EntryPoint","urlTemplate":"https:\/\/camptecnologico.com\/inicio\/?s={search_term_string}"},"query-input":"required name=search_term_string"}],"inLanguage":"es"},{"@type":"Organization","@id":"https:\/\/camptecnologico.com\/inicio\/#organization","name":"Camp Tecnol\u00f3gico","url":"https:\/\/camptecnologico.com\/inicio\/","logo":{"@type":"ImageObject","inLanguage":"es","@id":"https:\/\/camptecnologico.com\/inicio\/#\/schema\/logo\/image\/","url":"https:\/\/camptecnologico.com\/inicio\/wp-content\/uploads\/logo1.jpg","contentUrl":"https:\/\/camptecnologico.com\/inicio\/wp-content\/uploads\/logo1.jpg","width":120,"height":120,"caption":"Camp Tecnol\u00f3gico"},"image":{"@id":"https:\/\/camptecnologico.com\/inicio\/#\/schema\/logo\/image\/"},"sameAs":["https:\/\/www.facebook.com\/camptecnologico\/","https:\/\/x.com\/CampTecnologico","https:\/\/www.instagram.com\/camptecnologico\/","https:\/\/www.linkedin.com\/company\/camptecnol-gico","https:\/\/www.youtube.com\/user\/CampTecologico"]}]}},"_links":{"self":[{"href":"https:\/\/camptecnologico.com\/inicio\/wp-json\/wp\/v2\/pages\/16738","targetHints":{"allow":["GET"]}}],"collection":[{"href":"https:\/\/camptecnologico.com\/inicio\/wp-json\/wp\/v2\/pages"}],"about":[{"href":"https:\/\/camptecnologico.com\/inicio\/wp-json\/wp\/v2\/types\/page"}],"author":[{"embeddable":true,"href":"https:\/\/camptecnologico.com\/inicio\/wp-json\/wp\/v2\/users\/27"}],"replies":[{"embeddable":true,"href":"https:\/\/camptecnologico.com\/inicio\/wp-json\/wp\/v2\/comments?post=16738"}],"version-history":[{"count":10,"href":"https:\/\/camptecnologico.com\/inicio\/wp-json\/wp\/v2\/pages\/16738\/revisions"}],"predecessor-version":[{"id":39852,"href":"https:\/\/camptecnologico.com\/inicio\/wp-json\/wp\/v2\/pages\/16738\/revisions\/39852"}],"wp:featuredmedia":[{"embeddable":true,"href":"https:\/\/camptecnologico.com\/inicio\/wp-json\/wp\/v2\/media\/49704"}],"wp:attachment":[{"href":"https:\/\/camptecnologico.com\/inicio\/wp-json\/wp\/v2\/media?parent=16738"}],"curies":[{"name":"wp","href":"https:\/\/api.w.org\/{rel}","templated":true}]}}