




{"id":15593,"date":"2015-11-12T10:50:24","date_gmt":"2015-11-12T09:50:24","guid":{"rendered":"https:\/\/camptecnologico.com\/inicio\/?page_id=15593"},"modified":"2020-02-26T13:40:39","modified_gmt":"2020-02-26T12:40:39","slug":"campamentos-navidad-mondragon-arrasate","status":"publish","type":"page","link":"https:\/\/camptecnologico.com\/inicio\/campamentos-navidad-mondragon-arrasate\/","title":{"rendered":"Campamentos Navidad 2019 en Arrasate-Mondrag\u00f3n"},"content":{"rendered":"<script>\r\n    sessionStorage.campus=5615;\r\n<\/script>\r\n\r\n<!-- NO TOCAR, SE DESMONTA LA PARTE DE INFORMACION GENERAL -->\r\n<style type=\"text\/css\">\r\n#descripcion {\r\n    margin-top: 50px;\r\n}\r\n#descripcion .fourcol.column {\r\n    float: left;\r\n    display: block;\r\n}\r\n.column {  \r\n    margin-right: 2.6%;\r\n    display: inline-grid;float: none;}\r\n<\/style>\r\n<!----------------------------------------------------------->\r\n\r\n<div class=\"row\">\r\n    <center style=\"font-size: 1.8em;\">Los alumnos de Arizmendi Ikastola deben apuntarse por su web (Alexia): <a href=\"http:\/\/alexia.arizmendi.eus\" target=\"_blanc\" rel=\"nofollow noopener noreferrer\">entrar en Alexia<\/a><\/center>\r\n    <p>&nbsp;<\/p>\r\n\r\n    <!-- informaci\u00f3n general -->\r\n    <h3 class=\"tituloSeccion\">Informaci\u00f3n General<\/h3>\r\n\r\n    <div id=\"info\">\r\n    <div>\r\n            <h3>D\u00f3nde<\/h3>\r\n            <p>Los Campamentos se realizan en <spam style=\"font-weight: bold; font-size: 1.4em;\">Mondragon Unibertsitatea<\/spam> (POLO GARAIAKO KANPUSA: edificio 11)&nbsp;\r\n            <a href=\"https:\/\/www.google.com\/maps\/dir\/\/43.063182,-2.505612000000042\" target=\"_blanc\" rel=\"nofollow noopener noreferrer\">Ver Mapa De Localizaci\u00f3n<\/a><\/p> \r\n            <p>&nbsp;<\/p>  \r\n        <\/div>\r\n        <div class=\"clear\"><\/div>\r\n\r\n        <div class=\"fourcol column\">\r\n            <h3>Fechas<\/h3>\r\n            <p>Talleres las dos semanas de vacaciones escolares.<\/p>\r\n            <ul>\r\n               <li>23, 24, 26 y 27 de diciembre (4 d\u00edas).<\/li>\r\n               <li>30, 31 diciembre y 2, 3 de Enero (4 d\u00edas).<\/li>\r\n            <\/ul>\r\n            <h3>Horario<\/h3>\r\n            <p><strong>De 9.00 a 14.00 horas<\/strong> (5 horas \/d\u00eda).<\/p>            \r\n            <p>Nota: El \u00faltimo d\u00eda del campamento habr\u00e1 una <strong>hora de puertas abiertas<\/strong> (de 13.00 a 14.00 horas), donde las familias podr\u00e9is ver el \r\n                    trabajo que los participantes han hecho durante la semana.<\/p>\r\n        <\/div>\r\n\r\n        <div class=\"fourcol column\">\r\n           <h3>Precios<\/h3>\r\n            <ul>\r\n               <li>Talleres de Kid&#038;Tech: <span style=\"font-size: 1.4em;\"> <strong>140\u20ac<\/strong><\/span><\/li>\r\n               <li>Los dem\u00e1s talleres: <span style=\"font-size: 1.4em;\"> <strong>165\u20ac<\/strong><\/span><\/li>\r\n            <\/ul>\r\n<br \/><br \/>\r\n            <p><center><a href=\"https:\/\/camptecnologico.com\/inicio\/inscripcion\/\"  class=\"button large primary\" rel=\"nofollow\">\r\n                       <i class=\"fa fa-location-arrow\" aria-hidden=\"true\"><\/i> Inscribir Ahora<\/a>\r\n               <\/center><\/p>\r\n        <\/div>\r\n\r\n        <div class=\"fourcol column last\">\r\n            <h3>Descuentos<\/h3>\r\n            <ul>\r\n             <li>Antig\u00fco Alumno de CampTecnol\u00f3gico: <span style=\"font-size: 1.2em;\"> <strong>-10%<\/strong><\/span><\/li>\r\n             <li>Trabajadores de Mondragon Unibertsitatea y alumnos de Arizmendi Ikastola: <span style=\"font-size: 1.2em;\"> <strong>-20\u20ac<\/strong><\/span><br \/>\r\n                   (mediante c\u00f3digo de descuento)<\/li>\r\n            <\/ul>\r\n        <\/div>\r\n        <div class=\"clear\"><\/div>\r\n    <\/div>\r\n\r\n    <div class=\"taller\" id=\"fichaclubconborde\">\t \t \r\n        <div class=\"threecol column\">\r\n            <p class=\"segmento_kid\" style=\"text-align: center;font-size: 1.5em;\">LH1<\/p>\r\n\t \r\n            <img decoding=\"async\" src=\"https:\/\/camptecnologico.com\/inicio\/wp-content\/uploads\/taller-de-tobotica-kids-350x270.jpg\" alt=\"Kids\" width=\"250\" class=\"alignleft size-full wp-image-16592\" \/> \r\n        <\/div>\r\n        <div class=\"ninecol column last\">\t \t \t \t \r\n            <h2 style=\"margin-top:10px;margin-bottom:10px;\">Kids&#038;Tech<\/h2>\t \t \r\n            <p><i class=\"fa fa-calendar\"><\/i> Taller para ni\u00f1os\/as de <strong>LH1<\/strong><\/p>\t \t \r\n \t \t \r\n            <p style=\"padding-right:20px;\">De una forma divertida y variada explorar\u00e1n el mundo de la tecnolog\u00eda. Mediante comandos e instrucciones dar\u00e1n sus primeros pasos en la programaci\u00f3n  \r\n             secuencial con alguno de estos divertidos robots: Beebot, Dash&#038;dot, eMouse, Botley, los robots tendr\u00e1n que llegar a su destino, sortear obst\u00e1culos, seguir lineas o dibujar \r\n             figuras geom\u00e9tricas.<\/p>\r\n\r\n            <p style=\"text-align:justify; font-size:large; color:#000000;\">\r\n               <strong>Mira en este v\u00eddeo para conocer m\u00e1s de Kids&#038;Tech:<\/strong> <a href=\"https:\/\/www.youtube.com\/watch?v=V9OTuZWfFO4\" rel=\"noopener noreferrer\" target=\"_blank\">video de kids&#038;tech<\/a>\r\n            <\/p>\r\n        <\/div>\r\n    <\/div>\t \t \r\n\r\n    <div class=\"taller\" id=\"fichaclubconborde\">\r\n        <div class=\"threecol column\">\r\n            <p class=\"segmento_junior\" style=\"text-align: center;font-size: 1.5em;\">LH2-LH4<\/p>\r\n\t \r\n            <img decoding=\"async\" src=\"https:\/\/camptecnologico.com\/inicio\/wp-content\/uploads\/InventorLab-Especial-Navidad.jpg\" alt=\"\" width=\"250\" class=\"alignleft size-full wp-image-16592\" \/>\t \t \r\n        <\/div>\r\n        <div class=\"ninecol column last\">\t \t \r\n            <h2 style=\"margin-top:10px;margin-bottom:10px;\">InventorLab: Especial Navidad<\/h2>\t \t \r\n            <p><i class=\"fa fa-calendar\"><\/i> Taller para ni\u00f1os\/as de <strong>LH2-LH4<\/strong><\/p> \t \t \r\n\r\n            <p style=\"padding-right:20px;\">Con el Lego Wedo construir\u00e1s robots navide\u00f1os y aprender\u00e1s a programarlo para que haga divertidos desaf\u00edos. Adem\u00e1s, con Scratch y Kodu te adentrar\u00e1s \r\n             en el apasionante mundo de la programaci\u00f3n de videojuegos, desarrollando personajes y mundos donde interact\u00faan.<\/p>\r\n            <p style=\"padding-right:20px;\">En Especial Navidad, la tem\u00e1tica navide\u00f1a es la central.<\/p>\r\n            <p style=\"color:red;padding-right:20px;padding-left:20px;\">NOTA: los participantes de LH4 que el a\u00f1o anterior han realizado ya alguno de los talleres de LEGO Wedo pueden \r\n             apuntarse al siguiente nivel InventorLab:veh\u00edculo aut\u00f3nomo<\/p> \r\n\r\n            <p style=\"text-align:justify; font-size:large; color:#000000;\">\r\n               <strong>Mira en este v\u00eddeo para conocer m\u00e1s de InventorLab:<\/strong> <a href=\"https:\/\/youtu.be\/0FKkEi0Ksjg\" rel=\"noopener noreferrer\" target=\"_blank\">video de inventorlab<\/a>\r\n            <\/p>\r\n        <\/div>\r\n    <\/div>\r\n\r\n    <div class=\"taller\" id=\"fichaclubconborde\">\t \t \r\n        <div class=\"threecol column\">\r\n            <p class=\"segmento_genius\" style=\"text-align: center;font-size: 1.5em;\">LH5-DBH4<\/p>\r\n\t \r\n            <img loading=\"lazy\" decoding=\"async\" src=\"https:\/\/camptecnologico.com\/inicio\/wp-content\/uploads\/Inventor-Lab-coche-autonomo.jpg\" alt=\"\" width=\"250\" height=\"190\" class=\"alignleft size-full wp-image-16592\" \/>\r\n        <\/div>\r\n        <div class=\"ninecol column last\">\r\n            <h2 style=\"margin-top:10px;margin-bottom:10px;\">InventorLab: Veh\u00edculo Aut\u00f3nomo<\/h2>\t \t \r\n            <p><i class=\"fa fa-calendar\"><\/i> Taller para ni\u00f1os\/as de <strong>LH5-DBH4<\/strong><\/p>\t \t \r\n\r\n            <p style=\"padding-right:20px;\">Montar\u00e1n un veh\u00edculo mediante Lego Mindstorm. La actividad consistir\u00e1 en correr en una gran competici\u00f3n con veh\u00edculos aut\u00f3nomos. \r\n             Para alcanzar la meta el primero, tendr\u00e1n que ser r\u00e1pidos y h\u00e1biles, el robot tendr\u00e1 que sortear un circuito lleno de obst\u00e1culos. Programar\u00e1n una peque\u00f1a placa \r\n             electr\u00f3nica Crumble o Micro:bit para cronometrar y contar las vueltas de los veh\u00edculos. Tambi\u00e9n aprenderemos con Tynker los fundamentos de la programaci\u00f3n de \r\n             videojuegos por bloques.<\/p>\r\n\r\n            <p style=\"text-align:justify; font-size:large; color:#000000;\">\r\n                <strong>Mira en este v\u00eddeo para conocer m\u00e1s de InventorLab:<\/strong> <a href=\"https:\/\/www.youtube.com\/watch?v=vqi6XQnjkhc\" rel=\"noopener noreferrer\" target=\"_blank\">video de inventorlab<\/a>\r\n            <\/p>\r\n        <\/div>\t \t \r\n    <\/div>\r\n\r\n    <div class=\"taller\" id=\"fichaclubconborde\">\t\t \r\n        <div class=\"threecol column\">\r\n            <p class=\"segmento_genius\" style=\"text-align: center;font-size: 1.5em;\">LH5-DBH4<\/p>\r\n\t \r\n            <img decoding=\"async\" src=\"https:\/\/camptecnologico.com\/inicio\/wp-content\/uploads\/Impresi\u00f3n-3D-Hovercraft.jpg\" alt=\"\" width=\"250\"  \/>\r\n        <\/div>\r\n        <div class=\"ninecol column last\">\r\n            <h2 style=\"margin-top:10px;margin-bottom:10px;\">Transforma un minidr\u00f3n en un hovercraft<\/h2>\t \t \r\n            <p><i class=\"fa fa-calendar\"><\/i> Taller para ni\u00f1os\/as de <strong>LH5-DBH4<\/strong><\/p>\t \t \r\n\r\n            <p style=\"padding-right:20px;\">En este taller los alumnos conocer\u00e1n todas las caracter\u00edsticas de transformar un minidron en un Hovercraft, dotando de toda la tecnolog\u00eda \r\n             necesaria para poder manipularlo mediante control remoto.<\/p>\r\n            <p style=\"padding-right:20px;\">Durante el curso se aprender\u00e1n a saber: montar un Hovercraft y entender el funcionamiento de sus componentes: motores, controladora, aceler\u00f3metros y\r\n             gir\u00f3scopos, etc. Dise\u00f1ar\u00e1n e imprimir\u00e1n el chasis. Mediante un simulador aprender\u00e1n sin riesgo a manejar veh\u00edculos y drones, antes de dar el \u00faltimo paso, manejar el Hovercraft.<\/p>\r\n            <p style=\"padding-right:20px;\">Englobamos nuestras actividades en relaci\u00f3n a un tema o un proyecto y este nos sirve como hilo conductor durante todo el taller, estamos \r\n             englobando tem\u00e1ticas como electr\u00f3nica, normativas, impresi\u00f3n 3D, simulaci\u00f3n\u2026<\/p>\r\n\r\n            <p style=\"text-align:justify; font-size:large; color:#000000;\">\r\n                <strong>Mira en este v\u00eddeo para conocer m\u00e1s este taller:<\/strong> \r\n                        <a href=\"https:\/\/www.youtube.com\/watch?v=e0CwWyeIpIc\" rel=\"noopener noreferrer\" target=\"_blank\">video 1<\/a> \/ \r\n                        <a href=\"https:\/\/www.youtube.com\/watch?v=miAuEv63J7o\" rel=\"noopener noreferrer\" target=\"_blank\">video 2<\/a>\r\n                       \r\n            <\/p>\r\n        <\/div>\t \t \r\n    <\/div>\r\n<\/div>","protected":false},"excerpt":{"rendered":"Los alumnos de Arizmendi Ikastola deben apuntarse por su web (Alexia): entrar en Alexia &nbsp; Informaci\u00f3n General D\u00f3nde Los Campamentos se realizan en Mondragon Unibertsitatea (POLO GARAIAKO KANPUSA: edificio 11)&nbsp; Ver Mapa De Localizaci\u00f3n &nbsp; Fechas Talleres las dos semanas de vacaciones escolares. 23, 24, 26 y 27 de diciembre (4 d\u00edas). 30, 31 diciembre [&hellip;]","protected":false},"author":21,"featured_media":33742,"parent":0,"menu_order":0,"comment_status":"closed","ping_status":"closed","template":"","meta":{"footnotes":"","_links_to":"","_links_to_target":""},"class_list":["post-15593","page","type-page","status-publish","has-post-thumbnail","hentry"],"yoast_head":"<!-- This site is optimized with the Yoast SEO plugin v22.6 - https:\/\/yoast.com\/wordpress\/plugins\/seo\/ -->\n<title>Campamento de Navidad en Arrasate-Mondrag\u00f3n | Camp Tecnol\u00f3gico<\/title>\n<meta name=\"description\" content=\"Estas vacaciones de Navidad en Arrasate-Mondrag\u00f3n pueden ser productivas en algo que le gusta. \u00a1Ap\u00fantale al campamento tecnol\u00f3gico de Navidad! De 4 a 17 a\u00f1os.\" \/>\n<meta name=\"robots\" content=\"noindex, follow\" \/>\n<meta property=\"og:locale\" content=\"es_ES\" \/>\n<meta property=\"og:type\" content=\"article\" \/>\n<meta property=\"og:title\" content=\"Campamento de Navidad en Arrasate-Mondrag\u00f3n | Camp Tecnol\u00f3gico\" \/>\n<meta property=\"og:description\" content=\"Estas vacaciones de Navidad en Arrasate-Mondrag\u00f3n pueden ser productivas en algo que le gusta. \u00a1Ap\u00fantale al campamento tecnol\u00f3gico de Navidad! De 4 a 17 a\u00f1os.\" \/>\n<meta property=\"og:url\" content=\"https:\/\/camptecnologico.com\/inicio\/campamentos-navidad-mondragon-arrasate\/\" \/>\n<meta property=\"og:site_name\" content=\"Camp Tecnologico\" \/>\n<meta property=\"article:publisher\" content=\"https:\/\/www.facebook.com\/camptecnologico\/\" \/>\n<meta property=\"article:modified_time\" content=\"2020-02-26T12:40:39+00:00\" \/>\n<meta property=\"og:image\" content=\"https:\/\/camptecnologico.com\/inicio\/wp-content\/uploads\/reducida-5-1.jpg\" \/>\n\t<meta property=\"og:image:width\" content=\"1000\" \/>\n\t<meta property=\"og:image:height\" content=\"500\" \/>\n\t<meta property=\"og:image:type\" content=\"image\/jpeg\" \/>\n<meta name=\"twitter:card\" content=\"summary_large_image\" \/>\n<meta name=\"twitter:site\" content=\"@CampTecnologico\" \/>\n<meta name=\"twitter:label1\" content=\"Tiempo de lectura\" \/>\n\t<meta name=\"twitter:data1\" content=\"3 minutos\" \/>\n<!-- \/ Yoast SEO plugin. -->","yoast_head_json":{"title":"Campamento de Navidad en Arrasate-Mondrag\u00f3n | Camp Tecnol\u00f3gico","description":"Estas vacaciones de Navidad en Arrasate-Mondrag\u00f3n pueden ser productivas en algo que le gusta. \u00a1Ap\u00fantale al campamento tecnol\u00f3gico de Navidad! De 4 a 17 a\u00f1os.","robots":{"index":"noindex","follow":"follow"},"og_locale":"es_ES","og_type":"article","og_title":"Campamento de Navidad en Arrasate-Mondrag\u00f3n | Camp Tecnol\u00f3gico","og_description":"Estas vacaciones de Navidad en Arrasate-Mondrag\u00f3n pueden ser productivas en algo que le gusta. \u00a1Ap\u00fantale al campamento tecnol\u00f3gico de Navidad! De 4 a 17 a\u00f1os.","og_url":"https:\/\/camptecnologico.com\/inicio\/campamentos-navidad-mondragon-arrasate\/","og_site_name":"Camp Tecnologico","article_publisher":"https:\/\/www.facebook.com\/camptecnologico\/","article_modified_time":"2020-02-26T12:40:39+00:00","og_image":[{"width":1000,"height":500,"url":"https:\/\/camptecnologico.com\/inicio\/wp-content\/uploads\/reducida-5-1.jpg","type":"image\/jpeg"}],"twitter_card":"summary_large_image","twitter_site":"@CampTecnologico","twitter_misc":{"Tiempo de lectura":"3 minutos"},"schema":{"@context":"https:\/\/schema.org","@graph":[{"@type":"WebPage","@id":"https:\/\/camptecnologico.com\/inicio\/campamentos-navidad-mondragon-arrasate\/","url":"https:\/\/camptecnologico.com\/inicio\/campamentos-navidad-mondragon-arrasate\/","name":"Campamento de Navidad en Arrasate-Mondrag\u00f3n | Camp Tecnol\u00f3gico","isPartOf":{"@id":"https:\/\/camptecnologico.com\/inicio\/#website"},"primaryImageOfPage":{"@id":"https:\/\/camptecnologico.com\/inicio\/campamentos-navidad-mondragon-arrasate\/#primaryimage"},"image":{"@id":"https:\/\/camptecnologico.com\/inicio\/campamentos-navidad-mondragon-arrasate\/#primaryimage"},"thumbnailUrl":"https:\/\/camptecnologico.com\/inicio\/wp-content\/uploads\/reducida-5-1.jpg","datePublished":"2015-11-12T09:50:24+00:00","dateModified":"2020-02-26T12:40:39+00:00","description":"Estas vacaciones de Navidad en Arrasate-Mondrag\u00f3n pueden ser productivas en algo que le gusta. \u00a1Ap\u00fantale al campamento tecnol\u00f3gico de Navidad! De 4 a 17 a\u00f1os.","breadcrumb":{"@id":"https:\/\/camptecnologico.com\/inicio\/campamentos-navidad-mondragon-arrasate\/#breadcrumb"},"inLanguage":"es","potentialAction":[{"@type":"ReadAction","target":["https:\/\/camptecnologico.com\/inicio\/campamentos-navidad-mondragon-arrasate\/"]}]},{"@type":"ImageObject","inLanguage":"es","@id":"https:\/\/camptecnologico.com\/inicio\/campamentos-navidad-mondragon-arrasate\/#primaryimage","url":"https:\/\/camptecnologico.com\/inicio\/wp-content\/uploads\/reducida-5-1.jpg","contentUrl":"https:\/\/camptecnologico.com\/inicio\/wp-content\/uploads\/reducida-5-1.jpg","width":1000,"height":500,"caption":"Campamento Tecnologico Navidad"},{"@type":"BreadcrumbList","@id":"https:\/\/camptecnologico.com\/inicio\/campamentos-navidad-mondragon-arrasate\/#breadcrumb","itemListElement":[{"@type":"ListItem","position":1,"name":"Home","item":"https:\/\/camptecnologico.com\/"},{"@type":"ListItem","position":2,"name":"Campamentos Navidad 2019 en Arrasate-Mondrag\u00f3n"}]},{"@type":"WebSite","@id":"https:\/\/camptecnologico.com\/inicio\/#website","url":"https:\/\/camptecnologico.com\/inicio\/","name":"Camp Tecnologico","description":"Campamento tecnol\u00f3gico para ni\u00f1os y j\u00f3venes. Tecnolog\u00eda para ni\u00f1os. Minecraft.","publisher":{"@id":"https:\/\/camptecnologico.com\/inicio\/#organization"},"potentialAction":[{"@type":"SearchAction","target":{"@type":"EntryPoint","urlTemplate":"https:\/\/camptecnologico.com\/inicio\/?s={search_term_string}"},"query-input":"required name=search_term_string"}],"inLanguage":"es"},{"@type":"Organization","@id":"https:\/\/camptecnologico.com\/inicio\/#organization","name":"Camp Tecnol\u00f3gico","url":"https:\/\/camptecnologico.com\/inicio\/","logo":{"@type":"ImageObject","inLanguage":"es","@id":"https:\/\/camptecnologico.com\/inicio\/#\/schema\/logo\/image\/","url":"https:\/\/camptecnologico.com\/inicio\/wp-content\/uploads\/logo1.jpg","contentUrl":"https:\/\/camptecnologico.com\/inicio\/wp-content\/uploads\/logo1.jpg","width":120,"height":120,"caption":"Camp Tecnol\u00f3gico"},"image":{"@id":"https:\/\/camptecnologico.com\/inicio\/#\/schema\/logo\/image\/"},"sameAs":["https:\/\/www.facebook.com\/camptecnologico\/","https:\/\/x.com\/CampTecnologico","https:\/\/www.instagram.com\/camptecnologico\/","https:\/\/www.linkedin.com\/company\/camptecnol-gico","https:\/\/www.youtube.com\/user\/CampTecologico"]}]}},"_links":{"self":[{"href":"https:\/\/camptecnologico.com\/inicio\/wp-json\/wp\/v2\/pages\/15593","targetHints":{"allow":["GET"]}}],"collection":[{"href":"https:\/\/camptecnologico.com\/inicio\/wp-json\/wp\/v2\/pages"}],"about":[{"href":"https:\/\/camptecnologico.com\/inicio\/wp-json\/wp\/v2\/types\/page"}],"author":[{"embeddable":true,"href":"https:\/\/camptecnologico.com\/inicio\/wp-json\/wp\/v2\/users\/21"}],"replies":[{"embeddable":true,"href":"https:\/\/camptecnologico.com\/inicio\/wp-json\/wp\/v2\/comments?post=15593"}],"version-history":[{"count":73,"href":"https:\/\/camptecnologico.com\/inicio\/wp-json\/wp\/v2\/pages\/15593\/revisions"}],"predecessor-version":[{"id":45594,"href":"https:\/\/camptecnologico.com\/inicio\/wp-json\/wp\/v2\/pages\/15593\/revisions\/45594"}],"wp:featuredmedia":[{"embeddable":true,"href":"https:\/\/camptecnologico.com\/inicio\/wp-json\/wp\/v2\/media\/33742"}],"wp:attachment":[{"href":"https:\/\/camptecnologico.com\/inicio\/wp-json\/wp\/v2\/media?parent=15593"}],"curies":[{"name":"wp","href":"https:\/\/api.w.org\/{rel}","templated":true}]}}