




{"id":1519,"date":"2012-02-20T07:59:38","date_gmt":"2012-02-20T07:59:38","guid":{"rendered":"https:\/\/camptecnologico.com\/inicio\/wordpress\/?page_id=12"},"modified":"2020-11-17T11:07:18","modified_gmt":"2020-11-17T10:07:18","slug":"contacto","status":"publish","type":"page","link":"https:\/\/camptecnologico.com\/inicio\/contacto\/","title":{"rendered":"Contacto"},"content":{"rendered":"<div class=\"row\" style=\"margin-left: 50px;\">\r\n\r\n    <div itemscope itemtype=\"http:\/\/schema.org\/LocalBusiness\">\r\n\t<div itemprop=\"address\" itemscope itemtype=\"http:\/\/schema.org\/PostalAddress\">\r\n\t\t<div style=\"float:left;width:46%;\"> \r\n\t\t\t<p><span style=\"color: #000000; font-size:large;\"><strong>Camp Tecnol\u00f3gico &#8211; Basauri<\/strong><\/span><\/p> \r\n\t\t\t<p itemprop=\"streetAddress\">Av Cervantes 51, \r\n\t\t\t<br \/>Edif.11, 4\u00ba Planta<br \/> \r\n\t\t\t<span itemprop=\"addressLocality\">48970 &#8211; Basauri<\/span><\/p>\r\n\t\t\t<p><strong>Tlfnos:<\/strong> <a href=\"tel:+34946941390\">94&nbsp;694&nbsp;13&nbsp;90<\/a> | <a href=\"tel:+34686510900\">686 510 900<\/a> <\/p>\r\n\t\t<\/div>\r\n\r\n\t\t<div style=\"float:left;width:52%;\">\r\n\t\t\t<p><span style=\"color: #000000; font-size:large;\"><strong>Camp Tecnol\u00f3gico &#8211; Madrid (garAJE) Box 3<\/strong><\/span><\/p> \r\n\t\t\t<p itemprop=\"streetAddress\">Asociaci\u00f3n de J\u00f3venes Empresarios<br \/>\r\n\t\t\tCalle Matilde Diez, 11<br \/>\r\n\t\t\t<span itemprop=\"addressLocality\">28002 \u2013 Madrid<\/span><\/p>\r\n\t\t\t<p><strong>Tlfnos:<\/strong> <a href=\"tel:+34912900533\">91&nbsp;290&nbsp;05&nbsp;33<\/a> | <a href=\"tel:+34686510900\">686 510 900<\/a><\/p>\r\n\t\t<\/div>\t\r\n                <div class=\"clear\"><\/div><br \/>\r\n<!--\r\n\t\t<div style=\"float:left;width:46%;\">\r\n\t\t\t<p><span style=\"color: #000000; font-size:large;\"><strong>Camp Tecnol\u00f3gico - Bilbao<\/strong><\/span><\/p> \r\n\t\t\t<p itemprop=\"streetAddress\">Azkuna Zentroa<br \/>Arriqu\u00edbar Plaza 4<br \/>\r\n\t\t\t<span itemprop=\"addressLocality\">48010 \u2013 Bilbao<\/span><\/p>\r\n\t\t\t<p><strong>Tlfnos:<\/strong> <a href=\"tel:+34946941390\">94&nbsp;694&nbsp;13&nbsp;90<\/a> | <a href=\"tel:+34686510900\">686 510 900<\/a> <\/p>\r\n\t\t<\/div>\t\r\n-->\r\n\t\t<div style=\"float:left;width:52%;\">\r\n\t\t\t<p><span style=\"color: #000000; font-size:large;\"><strong>Camp Tecnol\u00f3gico &#8211; Barcelona<\/strong><\/span><\/p> \r\n\t\t\t<p itemprop=\"streetAddress\">Barcelona Learning Innovation Center<br \/>\r\n\t\t\tCarrer d\u2019Enric Granados, 7<br \/>\r\n\t\t\t<span itemprop=\"addressLocality\">08007 \u2013 Barcelona<\/span><\/p>\r\n\t\t\t<p><strong>Tlfnos:<\/strong> <a href=\"tel:+34912900533\">930&nbsp;18&nbsp;51&nbsp;48<\/a> | <a href=\"tel:+34686510900\">686 510 900<\/a><\/p>\r\n\t\t<\/div>\t\r\n                <div class=\"clear\"><\/div><br \/>\r\n\t<\/div>\r\n    <\/div>\r\n\r\n    <div class=\"clear\"><\/div>\r\n\r\n    <br \/>\r\n\r\n    <p>Cualquier duda o sugerencia puedes escribirnos a <a href=\"mailto:info@camptecnologico.com\">info@camptecnologico.com<\/a> o llamarnos al tel\u00e9fono de cualquier sede. Estamos en las principales Redes Sociales escuch\u00e1ndote y contando lo que pensamos que puede ser de tu inter\u00e9s.<\/p>\r\n\r\n    <p>Adem\u00e1s trabajamos de forma continua por mejorar este proyecto educativo y para ello creemos que es esencial cualquier opini\u00f3n, cualquier idea de colaboraci\u00f3n, una sugerencia de mejora, lo que te apetezca contarnos. Estamos encantados de estar en contacto.<\/p>\r\n\r\n    <script type=\"text\/javascript\">var gform;gform||(document.addEventListener(\"gform_main_scripts_loaded\",function(){gform.scriptsLoaded=!0}),window.addEventListener(\"DOMContentLoaded\",function(){gform.domLoaded=!0}),gform={domLoaded:!1,scriptsLoaded:!1,initializeOnLoaded:function(o){gform.domLoaded&&gform.scriptsLoaded?o():!gform.domLoaded&&gform.scriptsLoaded?window.addEventListener(\"DOMContentLoaded\",o):document.addEventListener(\"gform_main_scripts_loaded\",o)},hooks:{action:{},filter:{}},addAction:function(o,n,r,t){gform.addHook(\"action\",o,n,r,t)},addFilter:function(o,n,r,t){gform.addHook(\"filter\",o,n,r,t)},doAction:function(o){gform.doHook(\"action\",o,arguments)},applyFilters:function(o){return gform.doHook(\"filter\",o,arguments)},removeAction:function(o,n){gform.removeHook(\"action\",o,n)},removeFilter:function(o,n,r){gform.removeHook(\"filter\",o,n,r)},addHook:function(o,n,r,t,i){null==gform.hooks[o][n]&&(gform.hooks[o][n]=[]);var e=gform.hooks[o][n];null==i&&(i=n+\"_\"+e.length),gform.hooks[o][n].push({tag:i,callable:r,priority:t=null==t?10:t})},doHook:function(n,o,r){var t;if(r=Array.prototype.slice.call(r,1),null!=gform.hooks[n][o]&&((o=gform.hooks[n][o]).sort(function(o,n){return o.priority-n.priority}),o.forEach(function(o){\"function\"!=typeof(t=o.callable)&&(t=window[t]),\"action\"==n?t.apply(null,r):r[0]=t.apply(null,r)})),\"filter\"==n)return r[0]},removeHook:function(o,n,t,i){var r;null!=gform.hooks[o][n]&&(r=(r=gform.hooks[o][n]).filter(function(o,n,r){return!!(null!=i&&i!=o.tag||null!=t&&t!=o.priority)}),gform.hooks[o][n]=r)}});<\/script>\n                <div class='gf_browser_gecko gform_wrapper gform_legacy_markup_wrapper' id='gform_wrapper_1' ><div id='gf_1' class='gform_anchor' tabindex='-1'><\/div><form method='post' enctype='multipart\/form-data' target='gform_ajax_frame_1' id='gform_1'  action='\/inicio\/wp-json\/wp\/v2\/pages\/1519#gf_1' >\n                        <div class='gform_body gform-body'><ul id='gform_fields_1' class='gform_fields top_label form_sublabel_below description_below'><li id=\"field_1_6\"  class=\"gfield gform_hidden field_sublabel_below field_description_below gfield_visibility_visible\"  data-js-reload=\"field_1_6\"><div class='ginput_container ginput_container_text'><input name='input_6' id='input_1_6' type='hidden' class='gform_hidden'  aria-invalid=\"false\" value='12\/04\/2026 - 09:54' \/><\/div><\/li><li id=\"field_1_1\"  class=\"gfield gf_left_half gfield_contains_required field_sublabel_below field_description_below gfield_visibility_visible\"  data-js-reload=\"field_1_1\"><label class='gfield_label' for='input_1_1' >Nombre<span class=\"gfield_required\"><span class=\"gfield_required gfield_required_asterisk\">*<\/span><\/span><\/label><div class='ginput_container ginput_container_text'><input name='input_1' id='input_1_1' type='text' value='' class='medium'   tabindex='49'  aria-required=\"true\" aria-invalid=\"false\"   \/> <\/div><\/li><li id=\"field_1_2\"  class=\"gfield gf_right_half gfield_contains_required field_sublabel_below field_description_below gfield_visibility_visible\"  data-js-reload=\"field_1_2\"><label class='gfield_label' for='input_1_2' >Email<span class=\"gfield_required\"><span class=\"gfield_required gfield_required_asterisk\">*<\/span><\/span><\/label><div class='ginput_container ginput_container_text'><input name='input_2' id='input_1_2' type='text' value='' class='medium'   tabindex='50'  aria-required=\"true\" aria-invalid=\"false\"   \/> <\/div><\/li><li id=\"field_1_7\"  class=\"gfield gfield_contains_required field_sublabel_below field_description_below gfield_visibility_visible\"  data-js-reload=\"field_1_7\"><label class='gfield_label' for='input_1_7' >Asunto<span class=\"gfield_required\"><span class=\"gfield_required gfield_required_asterisk\">*<\/span><\/span><\/label><div class='ginput_container ginput_container_text'><input name='input_7' id='input_1_7' type='text' value='' class='medium'   tabindex='51'  aria-required=\"true\" aria-invalid=\"false\"   \/> <\/div><\/li><li id=\"field_1_4\"  class=\"gfield gfield_contains_required field_sublabel_below field_description_below gfield_visibility_visible\"  data-js-reload=\"field_1_4\"><label class='gfield_label' for='input_1_4' >Mensaje<span class=\"gfield_required\"><span class=\"gfield_required gfield_required_asterisk\">*<\/span><\/span><\/label><div class='ginput_container ginput_container_textarea'><textarea name='input_4' id='input_1_4' class='textarea medium' tabindex='52'    aria-required=\"true\" aria-invalid=\"false\"   rows='10' cols='50'><\/textarea><\/div><\/li><\/ul><\/div>\n        <div class='gform_footer top_label'> <input type='submit' id='gform_submit_button_1' class='gform_button button' value='Enviar' tabindex='53' onclick='if(window[\"gf_submitting_1\"]){return false;}  window[\"gf_submitting_1\"]=true;  ' onkeypress='if( event.keyCode == 13 ){ if(window[\"gf_submitting_1\"]){return false;} window[\"gf_submitting_1\"]=true;  jQuery(\"#gform_1\").trigger(\"submit\",[true]); }' \/> <input type='hidden' name='gform_ajax' value='form_id=1&amp;title=&amp;description=&amp;tabindex=49' \/>\n            <input type='hidden' class='gform_hidden' name='is_submit_1' value='1' \/>\n            <input type='hidden' class='gform_hidden' name='gform_submit' value='1' \/>\n            \n            <input type='hidden' class='gform_hidden' name='gform_unique_id' value='' \/>\n            <input type='hidden' class='gform_hidden' name='state_1' value='WyJbXSIsIjQxMjljMmNmMzkzNGViN2Y5ZDJmNDU1NjAzNmU3YTM0Il0=' \/>\n            <input type='hidden' class='gform_hidden' name='gform_target_page_number_1' id='gform_target_page_number_1' value='0' \/>\n            <input type='hidden' class='gform_hidden' name='gform_source_page_number_1' id='gform_source_page_number_1' value='1' \/>\n            <input type='hidden' name='gform_field_values' value='' \/>\n            \n        <\/div>\n                        <p style=\"display: none !important;\" class=\"akismet-fields-container\" data-prefix=\"ak_\"><label>&#916;<textarea name=\"ak_hp_textarea\" cols=\"45\" rows=\"8\" maxlength=\"100\"><\/textarea><\/label><input type=\"hidden\" id=\"ak_js_1\" name=\"ak_js\" value=\"46\"\/><script>document.getElementById( \"ak_js_1\" ).setAttribute( \"value\", ( new Date() ).getTime() );<\/script><\/p><\/form>\n                        <\/div>\n                <iframe style='display:none;width:0px;height:0px;' src='about:blank' name='gform_ajax_frame_1' id='gform_ajax_frame_1' title='Este iframe contiene la l\u00f3gica necesaria para gestionar formularios con ajax activado.'><\/iframe>\n                <script type=\"text\/javascript\">\n\/* <![CDATA[ *\/\n gform.initializeOnLoaded( function() {gformInitSpinner( 1, 'https:\/\/camptecnologico.com\/inicio\/wp-content\/plugins\/gravityforms\/images\/spinner.svg' );jQuery('#gform_ajax_frame_1').on('load',function(){var contents = jQuery(this).contents().find('*').html();var is_postback = contents.indexOf('GF_AJAX_POSTBACK') >= 0;if(!is_postback){return;}var form_content = jQuery(this).contents().find('#gform_wrapper_1');var is_confirmation = jQuery(this).contents().find('#gform_confirmation_wrapper_1').length > 0;var is_redirect = contents.indexOf('gformRedirect(){') >= 0;var is_form = form_content.length > 0 && ! is_redirect && ! is_confirmation;var mt = parseInt(jQuery('html').css('margin-top'), 10) + parseInt(jQuery('body').css('margin-top'), 10) + 100;if(is_form){jQuery('#gform_wrapper_1').html(form_content.html());if(form_content.hasClass('gform_validation_error')){jQuery('#gform_wrapper_1').addClass('gform_validation_error');} else {jQuery('#gform_wrapper_1').removeClass('gform_validation_error');}setTimeout( function() { \/* delay the scroll by 50 milliseconds to fix a bug in chrome *\/ jQuery(document).scrollTop(jQuery('#gform_wrapper_1').offset().top - mt); }, 50 );if(window['gformInitDatepicker']) {gformInitDatepicker();}if(window['gformInitPriceFields']) {gformInitPriceFields();}var current_page = jQuery('#gform_source_page_number_1').val();gformInitSpinner( 1, 'https:\/\/camptecnologico.com\/inicio\/wp-content\/plugins\/gravityforms\/images\/spinner.svg' );jQuery(document).trigger('gform_page_loaded', [1, current_page]);window['gf_submitting_1'] = false;}else if(!is_redirect){var confirmation_content = jQuery(this).contents().find('.GF_AJAX_POSTBACK').html();if(!confirmation_content){confirmation_content = contents;}setTimeout(function(){jQuery('#gform_wrapper_1').replaceWith(confirmation_content);jQuery(document).scrollTop(jQuery('#gf_1').offset().top - mt);jQuery(document).trigger('gform_confirmation_loaded', [1]);window['gf_submitting_1'] = false;wp.a11y.speak(jQuery('#gform_confirmation_message_1').text());}, 50);}else{jQuery('#gform_1').append(contents);if(window['gformRedirect']) {gformRedirect();}}jQuery(document).trigger('gform_post_render', [1, current_page]);} );} ); \n\/* ]]> *\/\n<\/script>\n\r\n\r\n<\/div>","protected":false},"excerpt":{"rendered":"Camp Tecnol\u00f3gico &#8211; Basauri Av Cervantes 51, Edif.11, 4\u00ba Planta 48970 &#8211; Basauri Tlfnos: 94&nbsp;694&nbsp;13&nbsp;90 | 686 510 900 Camp Tecnol\u00f3gico &#8211; Madrid (garAJE) Box 3 Asociaci\u00f3n de J\u00f3venes Empresarios Calle Matilde Diez, 11 28002 \u2013 Madrid Tlfnos: 91&nbsp;290&nbsp;05&nbsp;33 | 686 510 900 Camp Tecnol\u00f3gico &#8211; Barcelona Barcelona Learning Innovation Center Carrer d\u2019Enric Granados, 7 [&hellip;]","protected":false},"author":27,"featured_media":49704,"parent":0,"menu_order":7,"comment_status":"closed","ping_status":"closed","template":"template-right.php","meta":{"footnotes":"","_links_to":"","_links_to_target":""},"class_list":["post-1519","page","type-page","status-publish","has-post-thumbnail","hentry"],"yoast_head":"<!-- This site is optimized with the Yoast SEO plugin v22.6 - https:\/\/yoast.com\/wordpress\/plugins\/seo\/ -->\n<title>Contacto | Camp Tecnol\u00f3gico<\/title>\n<meta name=\"description\" content=\"Contacto Camp Tecnol\u00f3gico | Euskadi | Madrid | Barcelona | Galicia Tel\u00e9fono: 686 510 900 Correo: info@camptecnologico.com\" \/>\n<meta name=\"robots\" content=\"noindex, follow\" \/>\n<meta property=\"og:locale\" content=\"es_ES\" \/>\n<meta property=\"og:type\" content=\"article\" \/>\n<meta property=\"og:title\" content=\"Contacto | Camp Tecnol\u00f3gico\" \/>\n<meta property=\"og:description\" content=\"Contacto Camp Tecnol\u00f3gico | Euskadi | Madrid | Barcelona | Galicia Tel\u00e9fono: 686 510 900 Correo: info@camptecnologico.com\" \/>\n<meta property=\"og:url\" content=\"https:\/\/camptecnologico.com\/inicio\/contacto\/\" \/>\n<meta property=\"og:site_name\" content=\"Camp Tecnologico\" \/>\n<meta property=\"article:publisher\" content=\"https:\/\/www.facebook.com\/camptecnologico\/\" \/>\n<meta property=\"article:modified_time\" content=\"2020-11-17T10:07:18+00:00\" \/>\n<meta property=\"og:image\" content=\"https:\/\/camptecnologico.com\/inicio\/wp-content\/uploads\/industry-4.0camptec-1.jpg\" \/>\n\t<meta property=\"og:image:width\" content=\"400\" \/>\n\t<meta property=\"og:image:height\" content=\"235\" \/>\n\t<meta property=\"og:image:type\" content=\"image\/jpeg\" \/>\n<meta name=\"twitter:card\" content=\"summary_large_image\" \/>\n<meta name=\"twitter:site\" content=\"@CampTecnologico\" \/>\n<meta name=\"twitter:label1\" content=\"Tiempo de lectura\" \/>\n\t<meta name=\"twitter:data1\" content=\"1 minuto\" \/>\n<!-- \/ Yoast SEO plugin. -->","yoast_head_json":{"title":"Contacto | Camp Tecnol\u00f3gico","description":"Contacto Camp Tecnol\u00f3gico | Euskadi | Madrid | Barcelona | Galicia Tel\u00e9fono: 686 510 900 Correo: info@camptecnologico.com","robots":{"index":"noindex","follow":"follow"},"og_locale":"es_ES","og_type":"article","og_title":"Contacto | Camp Tecnol\u00f3gico","og_description":"Contacto Camp Tecnol\u00f3gico | Euskadi | Madrid | Barcelona | Galicia Tel\u00e9fono: 686 510 900 Correo: info@camptecnologico.com","og_url":"https:\/\/camptecnologico.com\/inicio\/contacto\/","og_site_name":"Camp Tecnologico","article_publisher":"https:\/\/www.facebook.com\/camptecnologico\/","article_modified_time":"2020-11-17T10:07:18+00:00","og_image":[{"width":400,"height":235,"url":"https:\/\/camptecnologico.com\/inicio\/wp-content\/uploads\/industry-4.0camptec-1.jpg","type":"image\/jpeg"}],"twitter_card":"summary_large_image","twitter_site":"@CampTecnologico","twitter_misc":{"Tiempo de lectura":"1 minuto"},"schema":{"@context":"https:\/\/schema.org","@graph":[{"@type":"WebPage","@id":"https:\/\/camptecnologico.com\/inicio\/contacto\/","url":"https:\/\/camptecnologico.com\/inicio\/contacto\/","name":"Contacto | Camp Tecnol\u00f3gico","isPartOf":{"@id":"https:\/\/camptecnologico.com\/inicio\/#website"},"primaryImageOfPage":{"@id":"https:\/\/camptecnologico.com\/inicio\/contacto\/#primaryimage"},"image":{"@id":"https:\/\/camptecnologico.com\/inicio\/contacto\/#primaryimage"},"thumbnailUrl":"https:\/\/camptecnologico.com\/inicio\/wp-content\/uploads\/industry-4.0camptec-1.jpg","datePublished":"2012-02-20T07:59:38+00:00","dateModified":"2020-11-17T10:07:18+00:00","description":"Contacto Camp Tecnol\u00f3gico | Euskadi | Madrid | Barcelona | Galicia Tel\u00e9fono: 686 510 900 Correo: info@camptecnologico.com","breadcrumb":{"@id":"https:\/\/camptecnologico.com\/inicio\/contacto\/#breadcrumb"},"inLanguage":"es","potentialAction":[{"@type":"ReadAction","target":["https:\/\/camptecnologico.com\/inicio\/contacto\/"]}]},{"@type":"ImageObject","inLanguage":"es","@id":"https:\/\/camptecnologico.com\/inicio\/contacto\/#primaryimage","url":"https:\/\/camptecnologico.com\/inicio\/wp-content\/uploads\/industry-4.0camptec-1.jpg","contentUrl":"https:\/\/camptecnologico.com\/inicio\/wp-content\/uploads\/industry-4.0camptec-1.jpg","width":400,"height":235},{"@type":"BreadcrumbList","@id":"https:\/\/camptecnologico.com\/inicio\/contacto\/#breadcrumb","itemListElement":[{"@type":"ListItem","position":1,"name":"Home","item":"https:\/\/camptecnologico.com\/"},{"@type":"ListItem","position":2,"name":"Contacto"}]},{"@type":"WebSite","@id":"https:\/\/camptecnologico.com\/inicio\/#website","url":"https:\/\/camptecnologico.com\/inicio\/","name":"Camp Tecnologico","description":"Campamento tecnol\u00f3gico para ni\u00f1os y j\u00f3venes. Tecnolog\u00eda para ni\u00f1os. Minecraft.","publisher":{"@id":"https:\/\/camptecnologico.com\/inicio\/#organization"},"potentialAction":[{"@type":"SearchAction","target":{"@type":"EntryPoint","urlTemplate":"https:\/\/camptecnologico.com\/inicio\/?s={search_term_string}"},"query-input":"required name=search_term_string"}],"inLanguage":"es"},{"@type":"Organization","@id":"https:\/\/camptecnologico.com\/inicio\/#organization","name":"Camp Tecnol\u00f3gico","url":"https:\/\/camptecnologico.com\/inicio\/","logo":{"@type":"ImageObject","inLanguage":"es","@id":"https:\/\/camptecnologico.com\/inicio\/#\/schema\/logo\/image\/","url":"https:\/\/camptecnologico.com\/inicio\/wp-content\/uploads\/logo1.jpg","contentUrl":"https:\/\/camptecnologico.com\/inicio\/wp-content\/uploads\/logo1.jpg","width":120,"height":120,"caption":"Camp Tecnol\u00f3gico"},"image":{"@id":"https:\/\/camptecnologico.com\/inicio\/#\/schema\/logo\/image\/"},"sameAs":["https:\/\/www.facebook.com\/camptecnologico\/","https:\/\/x.com\/CampTecnologico","https:\/\/www.instagram.com\/camptecnologico\/","https:\/\/www.linkedin.com\/company\/camptecnol-gico","https:\/\/www.youtube.com\/user\/CampTecologico"]}]}},"_links":{"self":[{"href":"https:\/\/camptecnologico.com\/inicio\/wp-json\/wp\/v2\/pages\/1519","targetHints":{"allow":["GET"]}}],"collection":[{"href":"https:\/\/camptecnologico.com\/inicio\/wp-json\/wp\/v2\/pages"}],"about":[{"href":"https:\/\/camptecnologico.com\/inicio\/wp-json\/wp\/v2\/types\/page"}],"author":[{"embeddable":true,"href":"https:\/\/camptecnologico.com\/inicio\/wp-json\/wp\/v2\/users\/27"}],"replies":[{"embeddable":true,"href":"https:\/\/camptecnologico.com\/inicio\/wp-json\/wp\/v2\/comments?post=1519"}],"version-history":[{"count":13,"href":"https:\/\/camptecnologico.com\/inicio\/wp-json\/wp\/v2\/pages\/1519\/revisions"}],"predecessor-version":[{"id":28113,"href":"https:\/\/camptecnologico.com\/inicio\/wp-json\/wp\/v2\/pages\/1519\/revisions\/28113"}],"wp:featuredmedia":[{"embeddable":true,"href":"https:\/\/camptecnologico.com\/inicio\/wp-json\/wp\/v2\/media\/49704"}],"wp:attachment":[{"href":"https:\/\/camptecnologico.com\/inicio\/wp-json\/wp\/v2\/media?parent=1519"}],"curies":[{"name":"wp","href":"https:\/\/api.w.org\/{rel}","templated":true}]}}