




{"id":14445,"date":"2015-09-15T11:48:15","date_gmt":"2015-09-15T10:48:15","guid":{"rendered":"https:\/\/camptecnologico.com\/inicio\/?page_id=14445"},"modified":"2015-09-15T12:32:10","modified_gmt":"2015-09-15T11:32:10","slug":"proposar-la-meva-centre-escolar","status":"publish","type":"page","link":"https:\/\/camptecnologico.cat\/inicio\/proposar-la-meva-centre-escolar\/","title":{"rendered":"Proposar la meva Centre Escolar"},"content":{"rendered":"<h2>Extraescolars de dilluns a divendres &#8211; Curs 2015\/2016<\/h2>\r\n<p>En el programa d&#8217;Extraescolars oferim la possibilitat de realitzar activitats tecnol\u00f2giques durant el curs escolar en el teu propi centre escolar. Donada la traject\u00f2ria del projecte educatiu que desenvolupem des de 2011, disposem de m\u00faltiples recursos i la tutoritzaci\u00f3 dels millors facilitadors perqu\u00e8 puguin realitzar projectes veritablement interessants.<\/p>\r\n\r\n<p>Arribem a tots els centres educatius que ens comuniquin el seu inter\u00e8s per impartir classes extraescolars de tecnologia i se us donar\u00e0 l&#8217;itinerari acad\u00e8mic que es desenvolupa.<\/p>\r\n\r\n<br><br>\r\n<h4>Vols extraescolars de tecnologia en el teu propi centre?<\/h4>\r\n<br>\r\n<center><a class=\"button large primary\" href=\"https:\/\/camptecnologico.com\/inicio\/extraescolares\/clases-extraescolares-colegio\/\" target=\"_blank\" title=\"Proponer extraescolar\">proposar la meva centre escolar<\/a><\/center>\r\n<br>\r\n<p>Estem presents en moltes ciutats, per\u00f2 ens agradaria estar en el vostre centre escolar per oferir els tallers tecnol\u00f2gics i que sigui encara m\u00e9s c\u00f2mode per a la fam\u00edlia.<\/p>\r\n\r\n<p>Si t&#8217;agradaria que a la teva localitat es form\u00e9s un centre on poder realitzar activitats extraescolars tecnol\u00f2giques, no ho dubtis, omple el seg\u00fcent formulari i proponla per a les Extraescolars 2015\/2016, aix\u00ed nosaltres sabrem on hi ha fam\u00edlies interessades en el projecte d&#8217;Educaci\u00f3 Tecnol\u00f2gica i estudiar la possibilitat d&#8217;estar en el vostre centre escolar (perqu\u00e8 surti la Extraescolar el m\u00ednim ha de ser de 5 alumnes interessats).<\/p>","protected":false},"excerpt":{"rendered":"Extraescolars de dilluns a divendres &#8211; Curs 2015\/2016 En el programa d&#8217;Extraescolars oferim la possibilitat de realitzar activitats tecnol\u00f2giques durant el curs escolar en el teu propi centre escolar. Donada la traject\u00f2ria del projecte educatiu que desenvolupem des de 2011, disposem de m\u00faltiples recursos i la tutoritzaci\u00f3 dels millors facilitadors perqu\u00e8 puguin realitzar projectes veritablement [&hellip;]","protected":false},"author":27,"featured_media":49704,"parent":0,"menu_order":1,"comment_status":"open","ping_status":"closed","template":"template-right.php","meta":{"footnotes":"","_links_to":"","_links_to_target":""},"class_list":["post-14445","page","type-page","status-publish","has-post-thumbnail","hentry"],"yoast_head":"<!-- This site is optimized with the Yoast SEO plugin v22.6 - https:\/\/yoast.com\/wordpress\/plugins\/seo\/ -->\n<title>Extraescolars | Camp Tecnol\u00f3gico<\/title>\n<meta name=\"description\" content=\"Talleres durante las semana del curso escolar. Rob\u00f3tica, videojuegos, Programaci\u00f3n, Minecraft, Impresi\u00f3n 3D.\" \/>\n<meta name=\"robots\" content=\"noindex, follow, max-snippet:-1, max-image-preview:large, max-video-preview:-1\" \/>\n<meta property=\"og:locale\" content=\"es_ES\" \/>\n<meta property=\"og:type\" content=\"article\" \/>\n<meta property=\"og:title\" content=\"Extraescolars | Camp Tecnol\u00f3gico\" \/>\n<meta property=\"og:description\" content=\"Talleres durante las semana del curso escolar. Rob\u00f3tica, videojuegos, Programaci\u00f3n, Minecraft, Impresi\u00f3n 3D.\" \/>\n<meta property=\"og:url\" content=\"https:\/\/camptecnologico.cat\/inicio\/proposar-la-meva-centre-escolar\/\" \/>\n<meta property=\"og:site_name\" content=\"Camp Tecnologico\" \/>\n<meta property=\"article:publisher\" content=\"https:\/\/www.facebook.com\/camptecnologico\/\" \/>\n<meta property=\"article:modified_time\" content=\"2015-09-15T11:32:10+00:00\" \/>\n<meta property=\"og:image\" content=\"https:\/\/camptecnologico.cat\/inicio\/wp-content\/uploads\/industry-4.0camptec-1.jpg\" \/>\n\t<meta property=\"og:image:width\" content=\"400\" \/>\n\t<meta property=\"og:image:height\" content=\"235\" \/>\n\t<meta property=\"og:image:type\" content=\"image\/jpeg\" \/>\n<meta name=\"twitter:card\" content=\"summary_large_image\" \/>\n<meta name=\"twitter:site\" content=\"@CampTecnologico\" \/>\n<meta name=\"twitter:label1\" content=\"Tiempo de lectura\" \/>\n\t<meta name=\"twitter:data1\" content=\"1 minuto\" \/>\n<!-- \/ Yoast SEO plugin. -->","yoast_head_json":{"title":"Extraescolars | Camp Tecnol\u00f3gico","description":"Talleres durante las semana del curso escolar. Rob\u00f3tica, videojuegos, Programaci\u00f3n, Minecraft, Impresi\u00f3n 3D.","robots":{"index":"noindex","follow":"follow","max-snippet":"max-snippet:-1","max-image-preview":"max-image-preview:large","max-video-preview":"max-video-preview:-1"},"og_locale":"es_ES","og_type":"article","og_title":"Extraescolars | Camp Tecnol\u00f3gico","og_description":"Talleres durante las semana del curso escolar. Rob\u00f3tica, videojuegos, Programaci\u00f3n, Minecraft, Impresi\u00f3n 3D.","og_url":"https:\/\/camptecnologico.cat\/inicio\/proposar-la-meva-centre-escolar\/","og_site_name":"Camp Tecnologico","article_publisher":"https:\/\/www.facebook.com\/camptecnologico\/","article_modified_time":"2015-09-15T11:32:10+00:00","og_image":[{"width":400,"height":235,"url":"https:\/\/camptecnologico.cat\/inicio\/wp-content\/uploads\/industry-4.0camptec-1.jpg","type":"image\/jpeg"}],"twitter_card":"summary_large_image","twitter_site":"@CampTecnologico","twitter_misc":{"Tiempo de lectura":"1 minuto"},"schema":{"@context":"https:\/\/schema.org","@graph":[{"@type":"WebPage","@id":"https:\/\/camptecnologico.cat\/inicio\/proposar-la-meva-centre-escolar\/","url":"https:\/\/camptecnologico.cat\/inicio\/proposar-la-meva-centre-escolar\/","name":"Extraescolars | Camp Tecnol\u00f3gico","isPartOf":{"@id":"https:\/\/camptecnologico.com\/inicio\/#website"},"primaryImageOfPage":{"@id":"https:\/\/camptecnologico.cat\/inicio\/proposar-la-meva-centre-escolar\/#primaryimage"},"image":{"@id":"https:\/\/camptecnologico.cat\/inicio\/proposar-la-meva-centre-escolar\/#primaryimage"},"thumbnailUrl":"https:\/\/camptecnologico.com\/inicio\/wp-content\/uploads\/industry-4.0camptec-1.jpg","datePublished":"2015-09-15T10:48:15+00:00","dateModified":"2015-09-15T11:32:10+00:00","description":"Talleres durante las semana del curso escolar. Rob\u00f3tica, videojuegos, Programaci\u00f3n, Minecraft, Impresi\u00f3n 3D.","breadcrumb":{"@id":"https:\/\/camptecnologico.cat\/inicio\/proposar-la-meva-centre-escolar\/#breadcrumb"},"inLanguage":"es","potentialAction":[{"@type":"ReadAction","target":["https:\/\/camptecnologico.cat\/inicio\/proposar-la-meva-centre-escolar\/"]}]},{"@type":"ImageObject","inLanguage":"es","@id":"https:\/\/camptecnologico.cat\/inicio\/proposar-la-meva-centre-escolar\/#primaryimage","url":"https:\/\/camptecnologico.com\/inicio\/wp-content\/uploads\/industry-4.0camptec-1.jpg","contentUrl":"https:\/\/camptecnologico.com\/inicio\/wp-content\/uploads\/industry-4.0camptec-1.jpg","width":400,"height":235},{"@type":"BreadcrumbList","@id":"https:\/\/camptecnologico.cat\/inicio\/proposar-la-meva-centre-escolar\/#breadcrumb","itemListElement":[{"@type":"ListItem","position":1,"name":"Home","item":"https:\/\/camptecnologico.com\/"},{"@type":"ListItem","position":2,"name":"Proposar la meva Centre Escolar"}]},{"@type":"WebSite","@id":"https:\/\/camptecnologico.com\/inicio\/#website","url":"https:\/\/camptecnologico.com\/inicio\/","name":"Camp Tecnologico","description":"Campamento tecnol\u00f3gico para ni\u00f1os y j\u00f3venes. Tecnolog\u00eda para ni\u00f1os. Minecraft.","publisher":{"@id":"https:\/\/camptecnologico.com\/inicio\/#organization"},"potentialAction":[{"@type":"SearchAction","target":{"@type":"EntryPoint","urlTemplate":"https:\/\/camptecnologico.com\/inicio\/?s={search_term_string}"},"query-input":"required name=search_term_string"}],"inLanguage":"es"},{"@type":"Organization","@id":"https:\/\/camptecnologico.com\/inicio\/#organization","name":"Camp Tecnol\u00f3gico","url":"https:\/\/camptecnologico.com\/inicio\/","logo":{"@type":"ImageObject","inLanguage":"es","@id":"https:\/\/camptecnologico.com\/inicio\/#\/schema\/logo\/image\/","url":"https:\/\/camptecnologico.com\/inicio\/wp-content\/uploads\/logo1.jpg","contentUrl":"https:\/\/camptecnologico.com\/inicio\/wp-content\/uploads\/logo1.jpg","width":120,"height":120,"caption":"Camp Tecnol\u00f3gico"},"image":{"@id":"https:\/\/camptecnologico.com\/inicio\/#\/schema\/logo\/image\/"},"sameAs":["https:\/\/www.facebook.com\/camptecnologico\/","https:\/\/x.com\/CampTecnologico","https:\/\/www.instagram.com\/camptecnologico\/","https:\/\/www.linkedin.com\/company\/camptecnol-gico","https:\/\/www.youtube.com\/user\/CampTecologico"]}]}},"_links":{"self":[{"href":"https:\/\/camptecnologico.com\/inicio\/wp-json\/wp\/v2\/pages\/14445","targetHints":{"allow":["GET"]}}],"collection":[{"href":"https:\/\/camptecnologico.com\/inicio\/wp-json\/wp\/v2\/pages"}],"about":[{"href":"https:\/\/camptecnologico.com\/inicio\/wp-json\/wp\/v2\/types\/page"}],"author":[{"embeddable":true,"href":"https:\/\/camptecnologico.com\/inicio\/wp-json\/wp\/v2\/users\/27"}],"replies":[{"embeddable":true,"href":"https:\/\/camptecnologico.com\/inicio\/wp-json\/wp\/v2\/comments?post=14445"}],"version-history":[{"count":5,"href":"https:\/\/camptecnologico.com\/inicio\/wp-json\/wp\/v2\/pages\/14445\/revisions"}],"predecessor-version":[{"id":14458,"href":"https:\/\/camptecnologico.com\/inicio\/wp-json\/wp\/v2\/pages\/14445\/revisions\/14458"}],"wp:featuredmedia":[{"embeddable":true,"href":"https:\/\/camptecnologico.com\/inicio\/wp-json\/wp\/v2\/media\/49704"}],"wp:attachment":[{"href":"https:\/\/camptecnologico.com\/inicio\/wp-json\/wp\/v2\/media?parent=14445"}],"curies":[{"name":"wp","href":"https:\/\/api.w.org\/{rel}","templated":true}]}}