




{"id":14440,"date":"2015-09-15T11:30:42","date_gmt":"2015-09-15T10:30:42","guid":{"rendered":"https:\/\/camptecnologico.com\/inicio\/?page_id=14440"},"modified":"2015-09-15T12:31:09","modified_gmt":"2015-09-15T11:31:09","slug":"extraescolars-amb-tecnologia","status":"publish","type":"page","link":"https:\/\/camptecnologico.cat\/inicio\/extraescolars-amb-tecnologia\/","title":{"rendered":"Extraescolars amb tecnologia"},"content":{"rendered":"<div style=\"float: right;\"><a href=\"https:\/\/camptecnologico.com\/inicio\/extraescolares\/\">Castellano<\/a><\/div>\r\n<h3>Rob\u00f2tica-electr\u00f2nica-Programaci\u00f3-Minecraft <\/h3>\r\n\r\n<p>Llancem en aquest curs escolar 2015-16 el nou programa \u00abExtraescolars amb tecnologia\u00bb que inclou un itinerari acad\u00e8mic que refor\u00e7a les capacitats dels alumnes. En aquest treballarem les tecnologies (Rob\u00f2tica-Electr\u00f2nica-Programaci\u00f3-Minecraft) de manera combinada per refor\u00e7ar, d&#8217;una banda l&#8217;aprenentatge de compet\u00e8ncies espec\u00edfiques i tamb\u00e9 coneixements transversals per la incorporaci\u00f3 d&#8217;activitats alineades amb el curr\u00edculum.<\/p>\r\n\r\n<p>Amb aquest nou planejament Camp Tecnol\u00f2gic pren la iniciativa en dotar les extraescolars d&#8217;un major valor did\u00e0ctic i acad\u00e8mic, en l\u00ednia amb la nostra filosofia d&#8217;innovar en educaci\u00f3.<\/p>\r\n\r\n<h4>Caracter\u00edstiques de les extraescolars amb tecnologia:<\/h4>\r\n\r\n<ul>\r\n<li>Refor\u00e7 curricular (matem\u00e0tiques, f\u00edsica, tecnologia &#8230;)<\/li>\r\n<\/li>Refor\u00e7 compet\u00e8ncies transversals (visi\u00f3 espacial, pensament cient\u00edfic, l\u00f2gica &#8230;)<\/li>\r\n<li>Programa modular: aprendre amb m\u00f2duls tem\u00e0tics desplegats per trimestres<\/li>\r\n<li>Pr\u00e0ctiques i exercicis alineats amb els requeriments del curr\u00edculum per refor\u00e7ar els requeriments del nou model de compet\u00e8ncies STEM<\/li>\r\n<li>Seguiment i avaluaci\u00f3 individual de l&#8217;aprenentatge en cada trimestre.<\/li>\r\n<li>Activitats orientades a projectes.<\/li>\r\n<\/ul>\r\n<br>\r\n\r\n<h4>Facilitats exclusives de Camp Tecnol\u00f2gic<\/h4>\r\n\r\n<ul>\r\n<li>Dirigit a: Escoles a qu\u00e8 es formi un grup m\u00ednim de 8 participants.<\/li>\r\n<li>Dates i horari: A concretar en funci\u00f3 de les necessitats de l&#8217;escola.<\/li>\r\n<li>Durada: Entre 1 i 2 hores per setmana durant el curs escolar<\/li>\r\n<li>Lloc: Instal\u00b7lacions del col\u00b7legi.<\/li>\r\n<li>Adaptades a tots els nivells infantil, prim\u00e0ria i secund\u00e0ria<\/li>\r\n<\/ul>\r\n\r\n<a href=\"https:\/\/camptecnologico.cat\/proposar-la-meva-centre-escolar\" target=\"_blank\" title=\"proposar la meva centre escolar\">Proposar la meva Centre Escolar<\/a>\r\n\r\n\r\n\r\n","protected":false},"excerpt":{"rendered":"Castellano Rob\u00f2tica-electr\u00f2nica-Programaci\u00f3-Minecraft Llancem en aquest curs escolar 2015-16 el nou programa \u00abExtraescolars amb tecnologia\u00bb que inclou un itinerari acad\u00e8mic que refor\u00e7a les capacitats dels alumnes. En aquest treballarem les tecnologies (Rob\u00f2tica-Electr\u00f2nica-Programaci\u00f3-Minecraft) de manera combinada per refor\u00e7ar, d&#8217;una banda l&#8217;aprenentatge de compet\u00e8ncies espec\u00edfiques i tamb\u00e9 coneixements transversals per la incorporaci\u00f3 d&#8217;activitats alineades amb el curr\u00edculum. Amb [&hellip;]","protected":false},"author":27,"featured_media":49704,"parent":0,"menu_order":2,"comment_status":"closed","ping_status":"closed","template":"template-right.php","meta":{"footnotes":"","_links_to":"","_links_to_target":""},"class_list":["post-14440","page","type-page","status-publish","has-post-thumbnail","hentry"],"yoast_head":"<!-- This site is optimized with the Yoast SEO plugin v22.6 - https:\/\/yoast.com\/wordpress\/plugins\/seo\/ -->\n<title>Extraescolars amb tecnologia<\/title>\n<meta name=\"description\" content=\"Camp Tecnol\u00f3gico se traslada a los centros educativos con el formato de actividad extraescolar.\" \/>\n<meta name=\"robots\" content=\"noindex, follow, max-snippet:-1, max-image-preview:large, max-video-preview:-1\" \/>\n<meta property=\"og:locale\" content=\"es_ES\" \/>\n<meta property=\"og:type\" content=\"article\" \/>\n<meta property=\"og:title\" content=\"Extraescolars amb tecnologia\" \/>\n<meta property=\"og:description\" content=\"Camp Tecnol\u00f3gico se traslada a los centros educativos con el formato de actividad extraescolar.\" \/>\n<meta property=\"og:url\" content=\"https:\/\/camptecnologico.cat\/inicio\/extraescolars-amb-tecnologia\/\" \/>\n<meta property=\"og:site_name\" content=\"Camp Tecnologico\" \/>\n<meta property=\"article:publisher\" content=\"https:\/\/www.facebook.com\/camptecnologico\/\" \/>\n<meta property=\"article:modified_time\" content=\"2015-09-15T11:31:09+00:00\" \/>\n<meta property=\"og:image\" content=\"https:\/\/camptecnologico.cat\/inicio\/wp-content\/uploads\/industry-4.0camptec-1.jpg\" \/>\n\t<meta property=\"og:image:width\" content=\"400\" \/>\n\t<meta property=\"og:image:height\" content=\"235\" \/>\n\t<meta property=\"og:image:type\" content=\"image\/jpeg\" \/>\n<meta name=\"twitter:card\" content=\"summary_large_image\" \/>\n<meta name=\"twitter:site\" content=\"@CampTecnologico\" \/>\n<meta name=\"twitter:label1\" content=\"Tiempo de lectura\" \/>\n\t<meta name=\"twitter:data1\" content=\"1 minuto\" \/>\n<!-- \/ Yoast SEO plugin. -->","yoast_head_json":{"title":"Extraescolars amb tecnologia","description":"Camp Tecnol\u00f3gico se traslada a los centros educativos con el formato de actividad extraescolar.","robots":{"index":"noindex","follow":"follow","max-snippet":"max-snippet:-1","max-image-preview":"max-image-preview:large","max-video-preview":"max-video-preview:-1"},"og_locale":"es_ES","og_type":"article","og_title":"Extraescolars amb tecnologia","og_description":"Camp Tecnol\u00f3gico se traslada a los centros educativos con el formato de actividad extraescolar.","og_url":"https:\/\/camptecnologico.cat\/inicio\/extraescolars-amb-tecnologia\/","og_site_name":"Camp Tecnologico","article_publisher":"https:\/\/www.facebook.com\/camptecnologico\/","article_modified_time":"2015-09-15T11:31:09+00:00","og_image":[{"width":400,"height":235,"url":"https:\/\/camptecnologico.cat\/inicio\/wp-content\/uploads\/industry-4.0camptec-1.jpg","type":"image\/jpeg"}],"twitter_card":"summary_large_image","twitter_site":"@CampTecnologico","twitter_misc":{"Tiempo de lectura":"1 minuto"},"schema":{"@context":"https:\/\/schema.org","@graph":[{"@type":"WebPage","@id":"https:\/\/camptecnologico.cat\/inicio\/extraescolars-amb-tecnologia\/","url":"https:\/\/camptecnologico.cat\/inicio\/extraescolars-amb-tecnologia\/","name":"Extraescolars amb tecnologia","isPartOf":{"@id":"https:\/\/camptecnologico.com\/inicio\/#website"},"primaryImageOfPage":{"@id":"https:\/\/camptecnologico.cat\/inicio\/extraescolars-amb-tecnologia\/#primaryimage"},"image":{"@id":"https:\/\/camptecnologico.cat\/inicio\/extraescolars-amb-tecnologia\/#primaryimage"},"thumbnailUrl":"https:\/\/camptecnologico.com\/inicio\/wp-content\/uploads\/industry-4.0camptec-1.jpg","datePublished":"2015-09-15T10:30:42+00:00","dateModified":"2015-09-15T11:31:09+00:00","description":"Camp Tecnol\u00f3gico se traslada a los centros educativos con el formato de actividad extraescolar.","breadcrumb":{"@id":"https:\/\/camptecnologico.cat\/inicio\/extraescolars-amb-tecnologia\/#breadcrumb"},"inLanguage":"es","potentialAction":[{"@type":"ReadAction","target":["https:\/\/camptecnologico.cat\/inicio\/extraescolars-amb-tecnologia\/"]}]},{"@type":"ImageObject","inLanguage":"es","@id":"https:\/\/camptecnologico.cat\/inicio\/extraescolars-amb-tecnologia\/#primaryimage","url":"https:\/\/camptecnologico.com\/inicio\/wp-content\/uploads\/industry-4.0camptec-1.jpg","contentUrl":"https:\/\/camptecnologico.com\/inicio\/wp-content\/uploads\/industry-4.0camptec-1.jpg","width":400,"height":235},{"@type":"BreadcrumbList","@id":"https:\/\/camptecnologico.cat\/inicio\/extraescolars-amb-tecnologia\/#breadcrumb","itemListElement":[{"@type":"ListItem","position":1,"name":"Home","item":"https:\/\/camptecnologico.com\/"},{"@type":"ListItem","position":2,"name":"Extraescolars amb tecnologia"}]},{"@type":"WebSite","@id":"https:\/\/camptecnologico.com\/inicio\/#website","url":"https:\/\/camptecnologico.com\/inicio\/","name":"Camp Tecnologico","description":"Campamento tecnol\u00f3gico para ni\u00f1os y j\u00f3venes. Tecnolog\u00eda para ni\u00f1os. Minecraft.","publisher":{"@id":"https:\/\/camptecnologico.com\/inicio\/#organization"},"potentialAction":[{"@type":"SearchAction","target":{"@type":"EntryPoint","urlTemplate":"https:\/\/camptecnologico.com\/inicio\/?s={search_term_string}"},"query-input":"required name=search_term_string"}],"inLanguage":"es"},{"@type":"Organization","@id":"https:\/\/camptecnologico.com\/inicio\/#organization","name":"Camp Tecnol\u00f3gico","url":"https:\/\/camptecnologico.com\/inicio\/","logo":{"@type":"ImageObject","inLanguage":"es","@id":"https:\/\/camptecnologico.com\/inicio\/#\/schema\/logo\/image\/","url":"https:\/\/camptecnologico.com\/inicio\/wp-content\/uploads\/logo1.jpg","contentUrl":"https:\/\/camptecnologico.com\/inicio\/wp-content\/uploads\/logo1.jpg","width":120,"height":120,"caption":"Camp Tecnol\u00f3gico"},"image":{"@id":"https:\/\/camptecnologico.com\/inicio\/#\/schema\/logo\/image\/"},"sameAs":["https:\/\/www.facebook.com\/camptecnologico\/","https:\/\/x.com\/CampTecnologico","https:\/\/www.instagram.com\/camptecnologico\/","https:\/\/www.linkedin.com\/company\/camptecnol-gico","https:\/\/www.youtube.com\/user\/CampTecologico"]}]}},"_links":{"self":[{"href":"https:\/\/camptecnologico.com\/inicio\/wp-json\/wp\/v2\/pages\/14440","targetHints":{"allow":["GET"]}}],"collection":[{"href":"https:\/\/camptecnologico.com\/inicio\/wp-json\/wp\/v2\/pages"}],"about":[{"href":"https:\/\/camptecnologico.com\/inicio\/wp-json\/wp\/v2\/types\/page"}],"author":[{"embeddable":true,"href":"https:\/\/camptecnologico.com\/inicio\/wp-json\/wp\/v2\/users\/27"}],"replies":[{"embeddable":true,"href":"https:\/\/camptecnologico.com\/inicio\/wp-json\/wp\/v2\/comments?post=14440"}],"version-history":[{"count":5,"href":"https:\/\/camptecnologico.com\/inicio\/wp-json\/wp\/v2\/pages\/14440\/revisions"}],"predecessor-version":[{"id":14451,"href":"https:\/\/camptecnologico.com\/inicio\/wp-json\/wp\/v2\/pages\/14440\/revisions\/14451"}],"wp:featuredmedia":[{"embeddable":true,"href":"https:\/\/camptecnologico.com\/inicio\/wp-json\/wp\/v2\/media\/49704"}],"wp:attachment":[{"href":"https:\/\/camptecnologico.com\/inicio\/wp-json\/wp\/v2\/media?parent=14440"}],"curies":[{"name":"wp","href":"https:\/\/api.w.org\/{rel}","templated":true}]}}