




{"id":12505,"date":"2015-06-11T12:28:23","date_gmt":"2015-06-11T11:28:23","guid":{"rendered":"https:\/\/camptecnologico.com\/inicio\/?page_id=12505"},"modified":"2015-06-11T12:32:29","modified_gmt":"2015-06-11T11:32:29","slug":"campament-urbano-instagram-concurs","status":"publish","type":"page","link":"https:\/\/camptecnologico.com\/inicio\/campament-urbano-instagram-concurs\/","title":{"rendered":"Tecnologia Urbana en Catalunya"},"content":{"rendered":"<div style=\"float: right;\"><strong><a href=\"https:\/\/camptecnologico.com\/inicio\/campamento-urbano-instagram-concurso\/\">Castellano<\/a><\/strong><\/div>\r\n<br>\r\n<br>\r\n<p style=\"text-align:justify;\"><strong>Camp Tecnol\u00f3gico<\/strong> utilitza la plataforma <strong>Instagram<\/strong> per fer-vos arribar totes les novetats i curiositats que van passant i en aquest sentit avui inclou un concurs relacionat amb la <strong>Ciutat i la Tecnologia<\/strong> per les seus de Catalunya: Barcelona, \u200b\u200bTarragona i Sant Cugat.<br><br>\r\n<strong>Vols participar? Nom\u00e9s cal una mica d&#8217;imaginaci\u00f3!<\/strong>\r\n\r\n\r\n\r\n<div class=\"campamento\" style=\"text-align: justify;\">\r\n<div class=\"row\">\r\n<div class=\"eightcol column\">\r\n<h2><span style=\"color:#000000;\"> Concurs Ciutat i Tecnologia a Catalunya<\/span><\/h2>\r\n\r\n<p style=\"font-size: large; color:#000000;\"><strong>Convocat\u00f2ria per les seus de Barcelona, \u200b\u200bTarragona i Sant Cugat<\/strong><\/p>\r\n\r\n<p><strong>Tema del concurs<\/strong><strong>: Ciutat i Tecnologia<\/strong>Tecnologia urbana, com cotxes o motocicletes el\u00e8ctriques, il\u00b7luminaci\u00f3 nocturna, m\u00f2bils \/ tauletes \/ ordinadors al carrer o en algun lloc recognoscible de les tres ciutats, sem\u00e0fors i fanals, una persona amb una c\u00e0mera digital o un m\u00f2bil, baldufes electr\u00f2niques , etc. Ser\u00e0 v\u00e0lid, tot all\u00f2 que disposi de tecnologia, que es trobi dins d\u2019una d\u2019eq\u00fcestres tres ciutats i \/ o tingui relaci\u00f3 amb els campaments urbans i sigui identificable .<\/p>\r\n<p><strong>Edat participants<\/strong>: Per a tot el p\u00fablic, no sent necessari que la foto hagi estat feta pel possible guanyador del campament..<\/p>\r\n<p><strong>Dates concurs<\/strong>: Del 5 de Juny fins el 19 de Juny.<\/p>\r\n<p><strong>Premi concurs<\/strong>: Hi haur\u00e0 tres guanyadors en cadascuna de les ciutats. L&#8217;usuari guanyador podr\u00e0 beneficiar-se d&#8217;un campament urb\u00e0 gratu\u00eft a la ciutat, el segon tindr\u00e0 un 50% de descompte en el campament urb\u00e0, i el tercer un 25% de descompte en el campament urb\u00e0. Els tres usuaris guanyadors triaran la setmana i el taller que ho desitgi.\r\n<p><strong>Bases del concurs<\/strong>:  Per participar en el concurs \u00fanicament has de seguir el compte de <a href=\"https:\/\/instagram.com\/camptecnologico\/\">CAMPTECNOLOGICO<\/a>, pujar la teva fotografia utilitzant el hashtag de la teva ciutat: <strong>#CampBarcelona<\/strong>, \u200b\u200b<strong>#CampTarragona<\/strong> o <strong>#CampSantcugat<\/strong> i que la teva foto sigui sobre qualsevol tecnologia que podem trobar-nos en la ciutat. Publicarem els <strong>nou guanyadors<\/strong> (tres guanyadors de cada ciutat) via Instagram i Twitter.\r\n<br>\r\n<ul><li><p style=\"text-align:justify;\"><a href=\"https:\/\/camptecnologico.com\/inicio\/wp-content\/uploads\/2015\/06\/concurso-bases-barcelona.pdf\">Bases del Concurs<\/a> de Barcelona.<\/li><\/p>\r\n<li><p style=\"text-align:justify;\"><a href=\"https:\/\/camptecnologico.com\/inicio\/wp-content\/uploads\/2015\/06\/concurso-bases-tarragona-1.pdf\">Bases del Concurs<\/a> de Tarragona.<\/li><\/p>\r\n<li><p style=\"text-align:justify;\"><a href=\"https:\/\/camptecnologico.com\/inicio\/wp-content\/uploads\/2015\/06\/concurso-bases-santcugat.pdf\">Bases del Concurs<\/a> de Sant Cugat.<\/li><\/p>\r\n<\/ul>\r\n<br>\r\n\r\n<p style=\"font-size: large; color:#000000;\"><strong>Quin \u00e9s el prop\u00f2sit del concurs?<\/strong><\/p>\r\n<p style=\"text-align:justify;\"> La nostra finalitat \u00e9s animar els joves a con\u00e8ixer i gaudir de la <strong>tecnologia<\/strong> d&#8217;una forma social i constructiva. Per aquest motiu hem llan\u00e7at el concurs en una APP com Instagram, ja que es tracta d&#8217;un exemple de com coneixent la tecnologia i les seves eines, es poden fer grans projectes..<\/p>\r\n\r\n<p><em>El 6 octubre 2010 Kevin Systrom i Krieger Mike, <strong>amb tot just 17 anys<\/strong>, llancen la seva pr\u00f2pia APP a la qual van denominar Instagram. Van optar per centrar els seus m\u00faltiples funcions HTML5 en un projecte de fotografia m\u00f2bil. Actualment compta amb m\u00e9s de 300 milions d&#8217;usuaris actius..<\/em><\/p>\r\n<p>Durant aquest estiu 2015, volem posar l\u2019accent en l&#8217;adolesc\u00e8ncia, volen donar-vos a con\u00e8ixer dos campaments de tecnologia per adolescents de de 13 a 17 anys.<\/p>\r\n<!--<ul>\r\n<li><a href=\"https:\/\/camptecnologico.com\/inicio\/talleres\/desarrollo-de-apps-android\/\">Desarrollo de juegos y aplicaciones m\u00f3viles<\/a><\/li>\r\n<li><a href=\"https:\/\/camptecnologico.com\/inicio\/talleres\/edicion-web\/\">Crea tu propia web o blog<\/a><\/li>\r\n<\/ul>\r\n-->\r\n<br>\r\n<h3>Col-laboradrs de l&#8217;activitat:<\/h3>\r\n\t<img loading=\"lazy\" decoding=\"async\" src=\"https:\/\/camptecnologico.com\/inicio\/wp-content\/uploads\/2015\/05\/bepoolp.jpg\" alt=\"bepoolp\" width=\"150\" height=\"65\" class=\"alignleft size-full wp-image-11539\" \/>\r\n\t<!--<img loading=\"lazy\" decoding=\"async\" src=\"https:\/\/camptecnologico.com\/inicio\/wp-content\/uploads\/2015\/05\/logo-deusto.png\" alt=\"logo-deusto\" width=\"100\" height=\"65\" class=\"alignleft size-full wp-image-11541\" \/>\r\n\t<img loading=\"lazy\" decoding=\"async\" src=\"https:\/\/camptecnologico.com\/inicio\/wp-content\/uploads\/2015\/05\/logo-deusto.png\" alt=\"logo-deusto\" width=\"100\" height=\"65\" class=\"alignleft size-full wp-image-11541\" \/>\r\n\r\n\t<img loading=\"lazy\" decoding=\"async\" src=\"https:\/\/camptecnologico.com\/inicio\/wp-content\/uploads\/2015\/05\/innobasque_logo.png\" alt=\"innobasque_logo\" width=\"150\" height=\"65\" class=\"alignleft size-full wp-image-11543\" \/>\r\n\r\n\t<img loading=\"lazy\" decoding=\"async\" src=\"https:\/\/camptecnologico.com\/inicio\/wp-content\/uploads\/2015\/05\/logo-bilbo-meeting.png\" alt=\"Bilbao meeting\" width=\"100\" height=\"108\" class=\"alignleft size-full wp-image-11528\" \/>\r\n\t\r\n-->\r\n<\/div> \r\n\r\n\r\n\r\n<br>\r\n<br>\r\n<br>\r\n<div class=\"fourcol column last\">\r\n\r\n<img decoding=\"async\" src=\"https:\/\/camptecnologico.com\/inicio\/wp-content\/uploads\/2015\/06\/instagram-catalunya1.jpg\" alt=\"Catalunya concurso Instagram \" \/>\r\n\r\n<\/div>\r\n<\/div>\r\n<\/div>\t\r\n\r\n\r\n","protected":false},"excerpt":{"rendered":"Castellano Camp Tecnol\u00f3gico utilitza la plataforma Instagram per fer-vos arribar totes les novetats i curiositats que van passant i en aquest sentit avui inclou un concurs relacionat amb la Ciutat i la Tecnologia per les seus de Catalunya: Barcelona, \u200b\u200bTarragona i Sant Cugat. Vols participar? Nom\u00e9s cal una mica d&#8217;imaginaci\u00f3! Concurs Ciutat i Tecnologia a [&hellip;]","protected":false},"author":27,"featured_media":49704,"parent":0,"menu_order":0,"comment_status":"open","ping_status":"open","template":"","meta":{"footnotes":"","_links_to":"","_links_to_target":""},"class_list":["post-12505","page","type-page","status-publish","has-post-thumbnail","hentry"],"yoast_head":"<!-- This site is optimized with the Yoast SEO plugin v22.6 - https:\/\/yoast.com\/wordpress\/plugins\/seo\/ -->\n<title>Tecnologia Urbana en Catalunya<\/title>\n<meta name=\"description\" content=\"Castellano Camp Tecnol\u00f3gico utilitza la plataforma Instagram per fer-vos arribar totes les novetats i curiositats que van passant i en aquest sentit avui\" \/>\n<meta name=\"robots\" content=\"noindex, follow, max-snippet:-1, max-image-preview:large, max-video-preview:-1\" \/>\n<meta property=\"og:locale\" content=\"es_ES\" \/>\n<meta property=\"og:type\" content=\"article\" \/>\n<meta property=\"og:title\" content=\"Tecnologia Urbana en Catalunya\" \/>\n<meta property=\"og:description\" content=\"Castellano Camp Tecnol\u00f3gico utilitza la plataforma Instagram per fer-vos arribar totes les novetats i curiositats que van passant i en aquest sentit avui\" \/>\n<meta property=\"og:url\" content=\"https:\/\/camptecnologico.com\/inicio\/campament-urbano-instagram-concurs\/\" \/>\n<meta property=\"og:site_name\" content=\"Camp Tecnologico\" \/>\n<meta property=\"article:publisher\" content=\"https:\/\/www.facebook.com\/camptecnologico\/\" \/>\n<meta property=\"article:modified_time\" content=\"2015-06-11T11:32:29+00:00\" \/>\n<meta property=\"og:image\" content=\"https:\/\/camptecnologico.com\/inicio\/wp-content\/uploads\/industry-4.0camptec-1.jpg\" \/>\n\t<meta property=\"og:image:width\" content=\"400\" \/>\n\t<meta property=\"og:image:height\" content=\"235\" \/>\n\t<meta property=\"og:image:type\" content=\"image\/jpeg\" \/>\n<meta name=\"twitter:card\" content=\"summary_large_image\" \/>\n<meta name=\"twitter:site\" content=\"@CampTecnologico\" \/>\n<meta name=\"twitter:label1\" content=\"Tiempo de lectura\" \/>\n\t<meta name=\"twitter:data1\" content=\"2 minutos\" \/>\n<!-- \/ Yoast SEO plugin. -->","yoast_head_json":{"title":"Tecnologia Urbana en Catalunya","description":"Castellano Camp Tecnol\u00f3gico utilitza la plataforma Instagram per fer-vos arribar totes les novetats i curiositats que van passant i en aquest sentit avui","robots":{"index":"noindex","follow":"follow","max-snippet":"max-snippet:-1","max-image-preview":"max-image-preview:large","max-video-preview":"max-video-preview:-1"},"og_locale":"es_ES","og_type":"article","og_title":"Tecnologia Urbana en Catalunya","og_description":"Castellano Camp Tecnol\u00f3gico utilitza la plataforma Instagram per fer-vos arribar totes les novetats i curiositats que van passant i en aquest sentit avui","og_url":"https:\/\/camptecnologico.com\/inicio\/campament-urbano-instagram-concurs\/","og_site_name":"Camp Tecnologico","article_publisher":"https:\/\/www.facebook.com\/camptecnologico\/","article_modified_time":"2015-06-11T11:32:29+00:00","og_image":[{"width":400,"height":235,"url":"https:\/\/camptecnologico.com\/inicio\/wp-content\/uploads\/industry-4.0camptec-1.jpg","type":"image\/jpeg"}],"twitter_card":"summary_large_image","twitter_site":"@CampTecnologico","twitter_misc":{"Tiempo de lectura":"2 minutos"},"schema":{"@context":"https:\/\/schema.org","@graph":[{"@type":"WebPage","@id":"https:\/\/camptecnologico.com\/inicio\/campament-urbano-instagram-concurs\/","url":"https:\/\/camptecnologico.com\/inicio\/campament-urbano-instagram-concurs\/","name":"Tecnologia Urbana en Catalunya","isPartOf":{"@id":"https:\/\/camptecnologico.com\/inicio\/#website"},"primaryImageOfPage":{"@id":"https:\/\/camptecnologico.com\/inicio\/campament-urbano-instagram-concurs\/#primaryimage"},"image":{"@id":"https:\/\/camptecnologico.com\/inicio\/campament-urbano-instagram-concurs\/#primaryimage"},"thumbnailUrl":"https:\/\/camptecnologico.com\/inicio\/wp-content\/uploads\/industry-4.0camptec-1.jpg","datePublished":"2015-06-11T11:28:23+00:00","dateModified":"2015-06-11T11:32:29+00:00","description":"Castellano Camp Tecnol\u00f3gico utilitza la plataforma Instagram per fer-vos arribar totes les novetats i curiositats que van passant i en aquest sentit avui","breadcrumb":{"@id":"https:\/\/camptecnologico.com\/inicio\/campament-urbano-instagram-concurs\/#breadcrumb"},"inLanguage":"es","potentialAction":[{"@type":"ReadAction","target":["https:\/\/camptecnologico.com\/inicio\/campament-urbano-instagram-concurs\/"]}]},{"@type":"ImageObject","inLanguage":"es","@id":"https:\/\/camptecnologico.com\/inicio\/campament-urbano-instagram-concurs\/#primaryimage","url":"https:\/\/camptecnologico.com\/inicio\/wp-content\/uploads\/industry-4.0camptec-1.jpg","contentUrl":"https:\/\/camptecnologico.com\/inicio\/wp-content\/uploads\/industry-4.0camptec-1.jpg","width":400,"height":235},{"@type":"BreadcrumbList","@id":"https:\/\/camptecnologico.com\/inicio\/campament-urbano-instagram-concurs\/#breadcrumb","itemListElement":[{"@type":"ListItem","position":1,"name":"Home","item":"https:\/\/camptecnologico.com\/"},{"@type":"ListItem","position":2,"name":"Tecnologia Urbana en Catalunya"}]},{"@type":"WebSite","@id":"https:\/\/camptecnologico.com\/inicio\/#website","url":"https:\/\/camptecnologico.com\/inicio\/","name":"Camp Tecnologico","description":"Campamento tecnol\u00f3gico para ni\u00f1os y j\u00f3venes. Tecnolog\u00eda para ni\u00f1os. Minecraft.","publisher":{"@id":"https:\/\/camptecnologico.com\/inicio\/#organization"},"potentialAction":[{"@type":"SearchAction","target":{"@type":"EntryPoint","urlTemplate":"https:\/\/camptecnologico.com\/inicio\/?s={search_term_string}"},"query-input":"required name=search_term_string"}],"inLanguage":"es"},{"@type":"Organization","@id":"https:\/\/camptecnologico.com\/inicio\/#organization","name":"Camp Tecnol\u00f3gico","url":"https:\/\/camptecnologico.com\/inicio\/","logo":{"@type":"ImageObject","inLanguage":"es","@id":"https:\/\/camptecnologico.com\/inicio\/#\/schema\/logo\/image\/","url":"https:\/\/camptecnologico.com\/inicio\/wp-content\/uploads\/logo1.jpg","contentUrl":"https:\/\/camptecnologico.com\/inicio\/wp-content\/uploads\/logo1.jpg","width":120,"height":120,"caption":"Camp Tecnol\u00f3gico"},"image":{"@id":"https:\/\/camptecnologico.com\/inicio\/#\/schema\/logo\/image\/"},"sameAs":["https:\/\/www.facebook.com\/camptecnologico\/","https:\/\/x.com\/CampTecnologico","https:\/\/www.instagram.com\/camptecnologico\/","https:\/\/www.linkedin.com\/company\/camptecnol-gico","https:\/\/www.youtube.com\/user\/CampTecologico"]}]}},"_links":{"self":[{"href":"https:\/\/camptecnologico.com\/inicio\/wp-json\/wp\/v2\/pages\/12505","targetHints":{"allow":["GET"]}}],"collection":[{"href":"https:\/\/camptecnologico.com\/inicio\/wp-json\/wp\/v2\/pages"}],"about":[{"href":"https:\/\/camptecnologico.com\/inicio\/wp-json\/wp\/v2\/types\/page"}],"author":[{"embeddable":true,"href":"https:\/\/camptecnologico.com\/inicio\/wp-json\/wp\/v2\/users\/27"}],"replies":[{"embeddable":true,"href":"https:\/\/camptecnologico.com\/inicio\/wp-json\/wp\/v2\/comments?post=12505"}],"version-history":[{"count":4,"href":"https:\/\/camptecnologico.com\/inicio\/wp-json\/wp\/v2\/pages\/12505\/revisions"}],"predecessor-version":[{"id":12511,"href":"https:\/\/camptecnologico.com\/inicio\/wp-json\/wp\/v2\/pages\/12505\/revisions\/12511"}],"wp:featuredmedia":[{"embeddable":true,"href":"https:\/\/camptecnologico.com\/inicio\/wp-json\/wp\/v2\/media\/49704"}],"wp:attachment":[{"href":"https:\/\/camptecnologico.com\/inicio\/wp-json\/wp\/v2\/media?parent=12505"}],"curies":[{"name":"wp","href":"https:\/\/api.w.org\/{rel}","templated":true}]}}