




{"id":12220,"date":"2015-06-05T11:41:56","date_gmt":"2015-06-05T10:41:56","guid":{"rendered":"https:\/\/camptecnologico.com\/inicio\/?page_id=12220"},"modified":"2015-06-11T12:29:45","modified_gmt":"2015-06-11T11:29:45","slug":"campamento-urbano-instagram-concurso","status":"publish","type":"page","link":"https:\/\/camptecnologico.com\/inicio\/campamento-urbano-instagram-concurso\/","title":{"rendered":"Tecnolog\u00eda Urbana en Catalunya"},"content":{"rendered":"<div style=\"float: right;\"><strong><a href=\"https:\/\/camptecnologico.com\/inicio\/campament-urbano-instagram-concurs\/\">Catal\u00e1n<\/a><\/strong><\/div>\r\n<br><br>\r\n<p style=\"text-align:justify;\"><strong>Camp Tecnol\u00f3gico<\/strong> utiliza la plataforma <strong>Instagram<\/strong> para haceros llegar todas las novedades y curiosidades que van pasando, y con ello, un concurso relacionado con la <strong> Ciudad<\/strong> y la <strong>Tecnolog\u00eda<\/strong> para las sedes de Catalu\u00f1a: Barcelona, Tarragona y Sant Cugat. \r\n<br><br>\r\n<strong>\u00bfQui\u00e9res participar? \u00a1S\u00f3lo hace falta un poco de imaginaci\u00f3n!<\/strong>\r\n\r\n\r\n\r\n<div class=\"campamento\" style=\"text-align: justify;\">\r\n<div class=\"row\">\r\n<div class=\"eightcol column\">\r\n<h2><span style=\"color:#000000;\"> Concurso Ciudad y Tecnolog\u00eda en Catalunya<\/span><\/h2>\r\n\r\n<p style=\"font-size: large; color:#000000;\"><strong>V\u00e1lido para las sedes de Barcelona, Tarragona y Sant Cugat<\/strong><\/p>\r\n\r\n<p><strong>Tema del concurso<\/strong><strong>: Ciudad y Tecnolog\u00eda<\/strong> Tecnolog\u00eda urbana en cada una de las ciudades nombradas, como personas con una c\u00e1mara digital, ordenador port\u00e1til, m\u00f3vil o j\u00f3venes jugando con consolas tipo Nintendo, Wii o Gameboy. Adem\u00e1s, material urbano, como farolas y\/o  sem\u00e1foros, paneles informativos, Leds nocturnos, coches o motocicletas el\u00e9ctricas. En definitiva, todas aquellas cosas que tengan que ver con la tecnolog\u00eda y se puedan ver en la ciudad.<\/p>\r\n<p><strong>Edad participantes<\/strong>: Para todo el p\u00fablico, no siendo necesario que la foto haya sido hecha por el posible ganador del campamento.<\/p>\r\n<p><strong>Fechas concurso<\/strong>: Desde el viernes 5 de junio, hasta el viernes 19 de junio.<\/p>\r\n<p><strong>Premio concurso<\/strong>: Habr\u00e1 tres ganadores en cada una de las ciudades.  El usuario ganador podr\u00e1 beneficiarse de un campamento urbano gratis en la ciudad, el segundo tendr\u00e1 un 50% de descuento en el campamento urbano, y el tercero un 25% de descuento en el campamento urbano. Los tres usuarios ganadores elegir\u00e1n la semana y el taller que lo desee de la ciudad donde concurse\r\n<p><strong>Bases del concurso<\/strong>: Para participar en el concurso solamente deber\u00e9is seguir la cuenta de Camp Tecnol\u00f3gico en Instagram <a href=\"https:\/\/instagram.com\/camptecnologico\/\">CAMPTECNOLOGICO<\/a> y subir la fotograf\u00eda usando el hashtag de la ciudad correspondiente <strong>#campBarcelona<\/strong>, <strong>#campTarragona<\/strong> o <strong>#campSantCugat<\/strong>. Publicaremos los <strong>nueve ganadores<\/strong> (tres ganadores por cada ciudad) v\u00eda Instagram y Twitter.\r\n<br>\r\n<ul><li><p style=\"text-align:justify;\"><a href=\"https:\/\/camptecnologico.com\/inicio\/wp-content\/uploads\/2015\/06\/concurso-bases-barcelona.pdf\">Bases del Concurso<\/a> de Barcelona.<\/li><\/p>\r\n<li><p style=\"text-align:justify;\"><a href=\"https:\/\/camptecnologico.com\/inicio\/wp-content\/uploads\/2015\/06\/concurso-bases-tarragona-1.pdf\">Bases del Concurso<\/a> de Tarragona.<\/li><\/p>\r\n<li><p style=\"text-align:justify;\"><a href=\"https:\/\/camptecnologico.com\/inicio\/wp-content\/uploads\/2015\/06\/concurso-bases-santcugat.pdf\">Bases del Concurso<\/a> de Sant Cugat.<\/li><\/p>\r\n<\/ul>\r\n<br>\r\n\r\n<p style=\"font-size: large; color:#000000;\"><strong>\u00bfCu\u00e1l es el prop\u00f3sito del concurso?<\/strong><\/p>\r\n<p style=\"text-align:justify;\"> La finalidad del concurso es animar a los j\u00f3venes a que conozcan y vean la <strong>tecnolog\u00eda<\/strong> de una forma social y constructiva. Que se pueden divertir mientras aprenden con ella. Por este motivo hemos lanzado el concurso en una APP como Instagram, ya que se trata de un ejemplo de c\u00f3mo conociendo la tecnolog\u00eda y sus herramientas, se pueden hacer grandes proyectos.<\/p>\r\n\r\n<p><em>El 6 de octubre de 2010 Kevin Systrom y Krieger Mike, con <strong>apenas 17 a\u00f1os<\/strong>, <strong>lanzan su propia App<\/strong> a la que denominaron Instagram. Optaron por centrar sus m\u00faltiples funciones HTML5 en un proyecto de fotograf\u00eda m\u00f3vil. Actualmente cuanta con m\u00e1s de 300 millones de usuarios activos.<\/em><\/p>\r\n<p>Durante este verano 2015, tenemos a la adolescencia en el punto de mira, queremos daros a conocer dos campamentos de tecnolog\u00eda para adolescentes entre 13 y 17 a\u00f1os en toda Catalunya.<\/p>\r\n<!--<ul>\r\n<li><a href=\"https:\/\/camptecnologico.com\/inicio\/talleres\/desarrollo-de-apps-android\/\">Desarrollo de juegos y aplicaciones m\u00f3viles<\/a><\/li>\r\n<li><a href=\"https:\/\/camptecnologico.com\/inicio\/talleres\/edicion-web\/\">Crea tu propia web o blog<\/a><\/li>\r\n<\/ul>\r\n-->\r\n<br>\r\n<h3>Colaboradores del evento:<\/h3>\r\n\t<img loading=\"lazy\" decoding=\"async\" src=\"https:\/\/camptecnologico.com\/inicio\/wp-content\/uploads\/2015\/05\/bepoolp.jpg\" alt=\"bepoolp\" width=\"150\" height=\"65\" class=\"alignleft size-full wp-image-11539\" \/>\r\n\t<!--<img loading=\"lazy\" decoding=\"async\" src=\"https:\/\/camptecnologico.com\/inicio\/wp-content\/uploads\/2015\/05\/logo-deusto.png\" alt=\"logo-deusto\" width=\"100\" height=\"65\" class=\"alignleft size-full wp-image-11541\" \/>\r\n\t<img loading=\"lazy\" decoding=\"async\" src=\"https:\/\/camptecnologico.com\/inicio\/wp-content\/uploads\/2015\/05\/logo-deusto.png\" alt=\"logo-deusto\" width=\"100\" height=\"65\" class=\"alignleft size-full wp-image-11541\" \/>\r\n\r\n\t<img loading=\"lazy\" decoding=\"async\" src=\"https:\/\/camptecnologico.com\/inicio\/wp-content\/uploads\/2015\/05\/innobasque_logo.png\" alt=\"innobasque_logo\" width=\"150\" height=\"65\" class=\"alignleft size-full wp-image-11543\" \/>\r\n\r\n\t<img loading=\"lazy\" decoding=\"async\" src=\"https:\/\/camptecnologico.com\/inicio\/wp-content\/uploads\/2015\/05\/logo-bilbo-meeting.png\" alt=\"Bilbao meeting\" width=\"100\" height=\"108\" class=\"alignleft size-full wp-image-11528\" \/>\r\n\t\r\n-->\r\n<\/div> \r\n\r\n\r\n\r\n<br>\r\n<br>\r\n<br>\r\n<div class=\"fourcol column last\">\r\n\r\n<img decoding=\"async\" src=\"https:\/\/camptecnologico.com\/inicio\/wp-content\/uploads\/2015\/06\/instagram-catalunya1.jpg\" alt=\"Catalunya concurso Instagram \" \/>\r\n\r\n<\/div>\r\n<\/div>\r\n<\/div>\t\r\n\t\t\r\n\t\t","protected":false},"excerpt":{"rendered":"Catal\u00e1n Camp Tecnol\u00f3gico utiliza la plataforma Instagram para haceros llegar todas las novedades y curiosidades que van pasando, y con ello, un concurso relacionado con la Ciudad y la Tecnolog\u00eda para las sedes de Catalu\u00f1a: Barcelona, Tarragona y Sant Cugat. \u00bfQui\u00e9res participar? \u00a1S\u00f3lo hace falta un poco de imaginaci\u00f3n! Concurso Ciudad y Tecnolog\u00eda en Catalunya [&hellip;]","protected":false},"author":27,"featured_media":49704,"parent":0,"menu_order":0,"comment_status":"open","ping_status":"open","template":"","meta":{"footnotes":"","_links_to":"","_links_to_target":""},"class_list":["post-12220","page","type-page","status-publish","has-post-thumbnail","hentry"],"yoast_head":"<!-- This site is optimized with the Yoast SEO plugin v22.6 - https:\/\/yoast.com\/wordpress\/plugins\/seo\/ -->\n<title>Tecnolog\u00eda Urbana en Catalunya<\/title>\n<meta name=\"description\" content=\"Sorteo de Camp Tecnol\u00f3gico v\u00eda Instagram para Catalunya en el que habr\u00e1 tres ganadores en cada ciudad, pudiendo ganar un campamento urbano.\" \/>\n<meta name=\"robots\" content=\"noindex, follow, max-snippet:-1, max-image-preview:large, max-video-preview:-1\" \/>\n<meta property=\"og:locale\" content=\"es_ES\" \/>\n<meta property=\"og:type\" content=\"article\" \/>\n<meta property=\"og:title\" content=\"Tecnolog\u00eda Urbana en Catalunya\" \/>\n<meta property=\"og:description\" content=\"Sorteo de Camp Tecnol\u00f3gico v\u00eda Instagram para Catalunya en el que habr\u00e1 tres ganadores en cada ciudad, pudiendo ganar un campamento urbano.\" \/>\n<meta property=\"og:url\" content=\"https:\/\/camptecnologico.com\/inicio\/campamento-urbano-instagram-concurso\/\" \/>\n<meta property=\"og:site_name\" content=\"Camp Tecnologico\" \/>\n<meta property=\"article:publisher\" content=\"https:\/\/www.facebook.com\/camptecnologico\/\" \/>\n<meta property=\"article:modified_time\" content=\"2015-06-11T11:29:45+00:00\" \/>\n<meta property=\"og:image\" content=\"https:\/\/camptecnologico.com\/inicio\/wp-content\/uploads\/industry-4.0camptec-1.jpg\" \/>\n\t<meta property=\"og:image:width\" content=\"400\" \/>\n\t<meta property=\"og:image:height\" content=\"235\" \/>\n\t<meta property=\"og:image:type\" content=\"image\/jpeg\" \/>\n<meta name=\"twitter:card\" content=\"summary_large_image\" \/>\n<meta name=\"twitter:site\" content=\"@CampTecnologico\" \/>\n<meta name=\"twitter:label1\" content=\"Tiempo de lectura\" \/>\n\t<meta name=\"twitter:data1\" content=\"2 minutos\" \/>\n<!-- \/ Yoast SEO plugin. -->","yoast_head_json":{"title":"Tecnolog\u00eda Urbana en Catalunya","description":"Sorteo de Camp Tecnol\u00f3gico v\u00eda Instagram para Catalunya en el que habr\u00e1 tres ganadores en cada ciudad, pudiendo ganar un campamento urbano.","robots":{"index":"noindex","follow":"follow","max-snippet":"max-snippet:-1","max-image-preview":"max-image-preview:large","max-video-preview":"max-video-preview:-1"},"og_locale":"es_ES","og_type":"article","og_title":"Tecnolog\u00eda Urbana en Catalunya","og_description":"Sorteo de Camp Tecnol\u00f3gico v\u00eda Instagram para Catalunya en el que habr\u00e1 tres ganadores en cada ciudad, pudiendo ganar un campamento urbano.","og_url":"https:\/\/camptecnologico.com\/inicio\/campamento-urbano-instagram-concurso\/","og_site_name":"Camp Tecnologico","article_publisher":"https:\/\/www.facebook.com\/camptecnologico\/","article_modified_time":"2015-06-11T11:29:45+00:00","og_image":[{"width":400,"height":235,"url":"https:\/\/camptecnologico.com\/inicio\/wp-content\/uploads\/industry-4.0camptec-1.jpg","type":"image\/jpeg"}],"twitter_card":"summary_large_image","twitter_site":"@CampTecnologico","twitter_misc":{"Tiempo de lectura":"2 minutos"},"schema":{"@context":"https:\/\/schema.org","@graph":[{"@type":"WebPage","@id":"https:\/\/camptecnologico.com\/inicio\/campamento-urbano-instagram-concurso\/","url":"https:\/\/camptecnologico.com\/inicio\/campamento-urbano-instagram-concurso\/","name":"Tecnolog\u00eda Urbana en Catalunya","isPartOf":{"@id":"https:\/\/camptecnologico.com\/inicio\/#website"},"primaryImageOfPage":{"@id":"https:\/\/camptecnologico.com\/inicio\/campamento-urbano-instagram-concurso\/#primaryimage"},"image":{"@id":"https:\/\/camptecnologico.com\/inicio\/campamento-urbano-instagram-concurso\/#primaryimage"},"thumbnailUrl":"https:\/\/camptecnologico.com\/inicio\/wp-content\/uploads\/industry-4.0camptec-1.jpg","datePublished":"2015-06-05T10:41:56+00:00","dateModified":"2015-06-11T11:29:45+00:00","description":"Sorteo de Camp Tecnol\u00f3gico v\u00eda Instagram para Catalunya en el que habr\u00e1 tres ganadores en cada ciudad, pudiendo ganar un campamento urbano.","breadcrumb":{"@id":"https:\/\/camptecnologico.com\/inicio\/campamento-urbano-instagram-concurso\/#breadcrumb"},"inLanguage":"es","potentialAction":[{"@type":"ReadAction","target":["https:\/\/camptecnologico.com\/inicio\/campamento-urbano-instagram-concurso\/"]}]},{"@type":"ImageObject","inLanguage":"es","@id":"https:\/\/camptecnologico.com\/inicio\/campamento-urbano-instagram-concurso\/#primaryimage","url":"https:\/\/camptecnologico.com\/inicio\/wp-content\/uploads\/industry-4.0camptec-1.jpg","contentUrl":"https:\/\/camptecnologico.com\/inicio\/wp-content\/uploads\/industry-4.0camptec-1.jpg","width":400,"height":235},{"@type":"BreadcrumbList","@id":"https:\/\/camptecnologico.com\/inicio\/campamento-urbano-instagram-concurso\/#breadcrumb","itemListElement":[{"@type":"ListItem","position":1,"name":"Home","item":"https:\/\/camptecnologico.com\/"},{"@type":"ListItem","position":2,"name":"Tecnolog\u00eda Urbana en Catalunya"}]},{"@type":"WebSite","@id":"https:\/\/camptecnologico.com\/inicio\/#website","url":"https:\/\/camptecnologico.com\/inicio\/","name":"Camp Tecnologico","description":"Campamento tecnol\u00f3gico para ni\u00f1os y j\u00f3venes. Tecnolog\u00eda para ni\u00f1os. Minecraft.","publisher":{"@id":"https:\/\/camptecnologico.com\/inicio\/#organization"},"potentialAction":[{"@type":"SearchAction","target":{"@type":"EntryPoint","urlTemplate":"https:\/\/camptecnologico.com\/inicio\/?s={search_term_string}"},"query-input":"required name=search_term_string"}],"inLanguage":"es"},{"@type":"Organization","@id":"https:\/\/camptecnologico.com\/inicio\/#organization","name":"Camp Tecnol\u00f3gico","url":"https:\/\/camptecnologico.com\/inicio\/","logo":{"@type":"ImageObject","inLanguage":"es","@id":"https:\/\/camptecnologico.com\/inicio\/#\/schema\/logo\/image\/","url":"https:\/\/camptecnologico.com\/inicio\/wp-content\/uploads\/logo1.jpg","contentUrl":"https:\/\/camptecnologico.com\/inicio\/wp-content\/uploads\/logo1.jpg","width":120,"height":120,"caption":"Camp Tecnol\u00f3gico"},"image":{"@id":"https:\/\/camptecnologico.com\/inicio\/#\/schema\/logo\/image\/"},"sameAs":["https:\/\/www.facebook.com\/camptecnologico\/","https:\/\/x.com\/CampTecnologico","https:\/\/www.instagram.com\/camptecnologico\/","https:\/\/www.linkedin.com\/company\/camptecnol-gico","https:\/\/www.youtube.com\/user\/CampTecologico"]}]}},"_links":{"self":[{"href":"https:\/\/camptecnologico.com\/inicio\/wp-json\/wp\/v2\/pages\/12220","targetHints":{"allow":["GET"]}}],"collection":[{"href":"https:\/\/camptecnologico.com\/inicio\/wp-json\/wp\/v2\/pages"}],"about":[{"href":"https:\/\/camptecnologico.com\/inicio\/wp-json\/wp\/v2\/types\/page"}],"author":[{"embeddable":true,"href":"https:\/\/camptecnologico.com\/inicio\/wp-json\/wp\/v2\/users\/27"}],"replies":[{"embeddable":true,"href":"https:\/\/camptecnologico.com\/inicio\/wp-json\/wp\/v2\/comments?post=12220"}],"version-history":[{"count":5,"href":"https:\/\/camptecnologico.com\/inicio\/wp-json\/wp\/v2\/pages\/12220\/revisions"}],"predecessor-version":[{"id":12510,"href":"https:\/\/camptecnologico.com\/inicio\/wp-json\/wp\/v2\/pages\/12220\/revisions\/12510"}],"wp:featuredmedia":[{"embeddable":true,"href":"https:\/\/camptecnologico.com\/inicio\/wp-json\/wp\/v2\/media\/49704"}],"wp:attachment":[{"href":"https:\/\/camptecnologico.com\/inicio\/wp-json\/wp\/v2\/media?parent=12220"}],"curies":[{"name":"wp","href":"https:\/\/api.w.org\/{rel}","templated":true}]}}