




{"id":11903,"date":"2015-05-28T10:56:54","date_gmt":"2015-05-28T09:56:54","guid":{"rendered":"https:\/\/camptecnologico.com\/inicio\/?page_id=11903"},"modified":"2017-04-27T10:07:42","modified_gmt":"2017-04-27T09:07:42","slug":"eskolaz-kanpokoak","status":"publish","type":"page","link":"https:\/\/camptecnologico.com\/inicio\/eskolaz-kanpokoak\/","title":{"rendered":"Eskolaz kanpokoak"},"content":{"rendered":"<div style=\"float: right;\"><a href=\"https:\/\/camptecnologico.com\/inicio\/extraescolares\">Castellano<\/a><\/div>\r\n<h1>Eskolaz kanpoko teknologikoak<\/h1>\r\n<h3>Robotika-Elektronika-Programazioa-Minecraft<\/h3>\r\n\r\n<p>2015-16eko ikasturtera begira eta ikasleen trebakuntza indartzeko asmoz  ibilbide akademiko  barri bat diseinatu dugu orain \u201cEskolaz Kanpoko teknologikoak\u201d programa berria zabaltzen dugun medioz.<\/p>\r\n<p>Eskolaz kanpoko teknologikoetan ohiko teknologiak (Robotika, elektronika, programazioa eta Minecraft ) modu  konbinatuan eta curriculumarekin lerrokatutako ariketen bidez lantzen ditugu, ikasleek gaitasun diziplinarrak eta, aldi berean, zeharkako gaitasunak garatu ditzaten.<\/p>\r\n<p>Planteamendu barri honekin, hezkuntza berrikuntzaren aldeko filosofiarekin bat,  eskolaz kanpoko ekintzei  balore akademiko gehiago ematen aurrea hartzen du Camp Tecnol\u00f3gicok.<\/p>\r\n\r\n<p>Eskolaz Kanpoko teknologikoen ezaugarriak:<\/p>\r\n<ul>\r\n<li>Errefortzu curricularra (matematika, fisika, teknologia, \u2026)<\/li>\r\n<li>Zeharkako gaitasunen errefortzua (espazio-ikusmena, zientzia-arrazoibidea, logika,\u2026)<\/li>\r\n<li>Programa modularra:  hiruhilabeteko modulu tematikoak<\/li>\r\n<li>STEM eredu  eta curriculumarekin lerrokatutako  ariketak. <\/li>\r\n<li>Ikaskuntzaren hiruhilabeteko  banakako ebaluazioa<\/li>\r\n<li>Proiektuetan oinarritutako ekintzak<\/li>\r\n<\/ul>\r\n\r\n<p><strong>Camp Tecnol\u00f3gico-ko erraztasun esklusiboak:<\/strong><\/p>\r\n<p>Norentzako:  Gutxienez 8 parte-hartzaile biltzen dituen Ikastetxe eta ikastola <br>\r\nDatak eta ordutegiak:  Ikastetxearen beharrizanetara egokitutakoak<br>\r\nIraupena: Ikasturtearen zehar, 1-2 ordu bitartean<br>\r\nNon: Ikastetxeko informatika gelatan<br>\r\nNibelak: Haur-hezkuntza, lehen hezkuntza eta bigarren hezkuntza.<\/p>\r\n\r\n\r\n","protected":false},"excerpt":{"rendered":"Castellano Eskolaz kanpoko teknologikoak Robotika-Elektronika-Programazioa-Minecraft 2015-16eko ikasturtera begira eta ikasleen trebakuntza indartzeko asmoz ibilbide akademiko barri bat diseinatu dugu orain \u201cEskolaz Kanpoko teknologikoak\u201d programa berria zabaltzen dugun medioz. Eskolaz kanpoko teknologikoetan ohiko teknologiak (Robotika, elektronika, programazioa eta Minecraft ) modu konbinatuan eta curriculumarekin lerrokatutako ariketen bidez lantzen ditugu, ikasleek gaitasun diziplinarrak eta, aldi berean, zeharkako [&hellip;]","protected":false},"author":27,"featured_media":49704,"parent":0,"menu_order":0,"comment_status":"open","ping_status":"open","template":"template-right.php","meta":{"footnotes":"","_links_to":"","_links_to_target":""},"class_list":["post-11903","page","type-page","status-publish","has-post-thumbnail","hentry"],"yoast_head":"<!-- This site is optimized with the Yoast SEO plugin v22.6 - https:\/\/yoast.com\/wordpress\/plugins\/seo\/ -->\n<title>Eskolaz kanpokoak | Camp Tecnologico<\/title>\n<meta name=\"description\" content=\"Castellano Eskolaz kanpoko teknologikoak Robotika-Elektronika-Programazioa-Minecraft 2015-16eko ikasturtera begira eta ikasleen trebakuntza indartzeko\" \/>\n<meta name=\"robots\" content=\"noindex, follow, max-snippet:-1, max-image-preview:large, max-video-preview:-1\" \/>\n<meta property=\"og:locale\" content=\"es_ES\" \/>\n<meta property=\"og:type\" content=\"article\" \/>\n<meta property=\"og:title\" content=\"Eskolaz kanpokoak | Camp Tecnologico\" \/>\n<meta property=\"og:description\" content=\"Castellano Eskolaz kanpoko teknologikoak Robotika-Elektronika-Programazioa-Minecraft 2015-16eko ikasturtera begira eta ikasleen trebakuntza indartzeko\" \/>\n<meta property=\"og:url\" content=\"https:\/\/camptecnologico.com\/inicio\/eskolaz-kanpokoak\/\" \/>\n<meta property=\"og:site_name\" content=\"Camp Tecnologico\" \/>\n<meta property=\"article:publisher\" content=\"https:\/\/www.facebook.com\/camptecnologico\/\" \/>\n<meta property=\"article:modified_time\" content=\"2017-04-27T09:07:42+00:00\" \/>\n<meta property=\"og:image\" content=\"https:\/\/camptecnologico.com\/inicio\/wp-content\/uploads\/industry-4.0camptec-1.jpg\" \/>\n\t<meta property=\"og:image:width\" content=\"400\" \/>\n\t<meta property=\"og:image:height\" content=\"235\" \/>\n\t<meta property=\"og:image:type\" content=\"image\/jpeg\" \/>\n<meta name=\"twitter:card\" content=\"summary_large_image\" \/>\n<meta name=\"twitter:site\" content=\"@CampTecnologico\" \/>\n<meta name=\"twitter:label1\" content=\"Tiempo de lectura\" \/>\n\t<meta name=\"twitter:data1\" content=\"1 minuto\" \/>\n<!-- \/ Yoast SEO plugin. -->","yoast_head_json":{"title":"Eskolaz kanpokoak | Camp Tecnologico","description":"Castellano Eskolaz kanpoko teknologikoak Robotika-Elektronika-Programazioa-Minecraft 2015-16eko ikasturtera begira eta ikasleen trebakuntza indartzeko","robots":{"index":"noindex","follow":"follow","max-snippet":"max-snippet:-1","max-image-preview":"max-image-preview:large","max-video-preview":"max-video-preview:-1"},"og_locale":"es_ES","og_type":"article","og_title":"Eskolaz kanpokoak | Camp Tecnologico","og_description":"Castellano Eskolaz kanpoko teknologikoak Robotika-Elektronika-Programazioa-Minecraft 2015-16eko ikasturtera begira eta ikasleen trebakuntza indartzeko","og_url":"https:\/\/camptecnologico.com\/inicio\/eskolaz-kanpokoak\/","og_site_name":"Camp Tecnologico","article_publisher":"https:\/\/www.facebook.com\/camptecnologico\/","article_modified_time":"2017-04-27T09:07:42+00:00","og_image":[{"width":400,"height":235,"url":"https:\/\/camptecnologico.com\/inicio\/wp-content\/uploads\/industry-4.0camptec-1.jpg","type":"image\/jpeg"}],"twitter_card":"summary_large_image","twitter_site":"@CampTecnologico","twitter_misc":{"Tiempo de lectura":"1 minuto"},"schema":{"@context":"https:\/\/schema.org","@graph":[{"@type":"WebPage","@id":"https:\/\/camptecnologico.com\/inicio\/eskolaz-kanpokoak\/","url":"https:\/\/camptecnologico.com\/inicio\/eskolaz-kanpokoak\/","name":"Eskolaz kanpokoak | Camp Tecnologico","isPartOf":{"@id":"https:\/\/camptecnologico.com\/inicio\/#website"},"primaryImageOfPage":{"@id":"https:\/\/camptecnologico.com\/inicio\/eskolaz-kanpokoak\/#primaryimage"},"image":{"@id":"https:\/\/camptecnologico.com\/inicio\/eskolaz-kanpokoak\/#primaryimage"},"thumbnailUrl":"https:\/\/camptecnologico.com\/inicio\/wp-content\/uploads\/industry-4.0camptec-1.jpg","datePublished":"2015-05-28T09:56:54+00:00","dateModified":"2017-04-27T09:07:42+00:00","description":"Castellano Eskolaz kanpoko teknologikoak Robotika-Elektronika-Programazioa-Minecraft 2015-16eko ikasturtera begira eta ikasleen trebakuntza indartzeko","breadcrumb":{"@id":"https:\/\/camptecnologico.com\/inicio\/eskolaz-kanpokoak\/#breadcrumb"},"inLanguage":"es","potentialAction":[{"@type":"ReadAction","target":["https:\/\/camptecnologico.com\/inicio\/eskolaz-kanpokoak\/"]}]},{"@type":"ImageObject","inLanguage":"es","@id":"https:\/\/camptecnologico.com\/inicio\/eskolaz-kanpokoak\/#primaryimage","url":"https:\/\/camptecnologico.com\/inicio\/wp-content\/uploads\/industry-4.0camptec-1.jpg","contentUrl":"https:\/\/camptecnologico.com\/inicio\/wp-content\/uploads\/industry-4.0camptec-1.jpg","width":400,"height":235},{"@type":"BreadcrumbList","@id":"https:\/\/camptecnologico.com\/inicio\/eskolaz-kanpokoak\/#breadcrumb","itemListElement":[{"@type":"ListItem","position":1,"name":"Home","item":"https:\/\/camptecnologico.com\/"},{"@type":"ListItem","position":2,"name":"Eskolaz kanpokoak"}]},{"@type":"WebSite","@id":"https:\/\/camptecnologico.com\/inicio\/#website","url":"https:\/\/camptecnologico.com\/inicio\/","name":"Camp Tecnologico","description":"Campamento tecnol\u00f3gico para ni\u00f1os y j\u00f3venes. Tecnolog\u00eda para ni\u00f1os. Minecraft.","publisher":{"@id":"https:\/\/camptecnologico.com\/inicio\/#organization"},"potentialAction":[{"@type":"SearchAction","target":{"@type":"EntryPoint","urlTemplate":"https:\/\/camptecnologico.com\/inicio\/?s={search_term_string}"},"query-input":"required name=search_term_string"}],"inLanguage":"es"},{"@type":"Organization","@id":"https:\/\/camptecnologico.com\/inicio\/#organization","name":"Camp Tecnol\u00f3gico","url":"https:\/\/camptecnologico.com\/inicio\/","logo":{"@type":"ImageObject","inLanguage":"es","@id":"https:\/\/camptecnologico.com\/inicio\/#\/schema\/logo\/image\/","url":"https:\/\/camptecnologico.com\/inicio\/wp-content\/uploads\/logo1.jpg","contentUrl":"https:\/\/camptecnologico.com\/inicio\/wp-content\/uploads\/logo1.jpg","width":120,"height":120,"caption":"Camp Tecnol\u00f3gico"},"image":{"@id":"https:\/\/camptecnologico.com\/inicio\/#\/schema\/logo\/image\/"},"sameAs":["https:\/\/www.facebook.com\/camptecnologico\/","https:\/\/x.com\/CampTecnologico","https:\/\/www.instagram.com\/camptecnologico\/","https:\/\/www.linkedin.com\/company\/camptecnol-gico","https:\/\/www.youtube.com\/user\/CampTecologico"]}]}},"_links":{"self":[{"href":"https:\/\/camptecnologico.com\/inicio\/wp-json\/wp\/v2\/pages\/11903","targetHints":{"allow":["GET"]}}],"collection":[{"href":"https:\/\/camptecnologico.com\/inicio\/wp-json\/wp\/v2\/pages"}],"about":[{"href":"https:\/\/camptecnologico.com\/inicio\/wp-json\/wp\/v2\/types\/page"}],"author":[{"embeddable":true,"href":"https:\/\/camptecnologico.com\/inicio\/wp-json\/wp\/v2\/users\/27"}],"replies":[{"embeddable":true,"href":"https:\/\/camptecnologico.com\/inicio\/wp-json\/wp\/v2\/comments?post=11903"}],"version-history":[{"count":5,"href":"https:\/\/camptecnologico.com\/inicio\/wp-json\/wp\/v2\/pages\/11903\/revisions"}],"predecessor-version":[{"id":14296,"href":"https:\/\/camptecnologico.com\/inicio\/wp-json\/wp\/v2\/pages\/11903\/revisions\/14296"}],"wp:featuredmedia":[{"embeddable":true,"href":"https:\/\/camptecnologico.com\/inicio\/wp-json\/wp\/v2\/media\/49704"}],"wp:attachment":[{"href":"https:\/\/camptecnologico.com\/inicio\/wp-json\/wp\/v2\/media?parent=11903"}],"curies":[{"name":"wp","href":"https:\/\/api.w.org\/{rel}","templated":true}]}}