




{"id":11677,"date":"2015-05-20T11:44:17","date_gmt":"2015-05-20T10:44:17","guid":{"rendered":"https:\/\/camptecnologico.com\/inicio\/?page_id=11677"},"modified":"2017-06-06T11:05:23","modified_gmt":"2017-06-06T10:05:23","slug":"boletin","status":"publish","type":"page","link":"https:\/\/camptecnologico.com\/inicio\/boletin\/","title":{"rendered":"Bolet\u00edn"},"content":{"rendered":"<p>Con la suscripci\u00f3n al bolet\u00edn te enviaremos las novedades sobre talleres, campamentos o eventos gratuitos que consideremos puedan ser de tu inter\u00e9s.<\/p>\r\n\r\n<!-- Begin MailChimp Signup Form -->\r\n<link href=\"\/\/cdn-images.mailchimp.com\/embedcode\/classic-081711.css\" rel=\"stylesheet\" type=\"text\/css\">\r\n<style type=\"text\/css\">\r\n\t#mc_embed_signup{background:#fff; clear:left; font:14px Helvetica,Arial,sans-serif; }\r\n\t\/* Add your own MailChimp form style overrides in your site stylesheet or in this style block.\r\n\t   We recommend moving this block and the preceding CSS link to the HEAD of your HTML file. *\/\r\n<\/style>\r\n<div id=\"mc_embed_signup\">\r\n<form action=\"\/\/camptecnologico.us8.list-manage.com\/subscribe\/post?u=ad70313344162e387507f7395&amp;id=7869711e5b\" method=\"post\" id=\"mc-embedded-subscribe-form\" name=\"mc-embedded-subscribe-form\" class=\"validate\" target=\"_blank\" novalidate>\r\n\t<!--<h2>Inscr\u00edbete a nuestro bolet\u00edn informativo.<\/h2>-->\r\n<div class=\"indicates-required\">(<span class=\"asterisk\">*<\/span> dato requerido)<\/div>\r\n<div class=\"mc-field-group\">\r\n\t<label for=\"mce-MMERGE3\">\u00bfCu\u00e1l es tu nombre?<\/label>\r\n\t<input type=\"text\" value=\"\" name=\"MMERGE3\" class=\"\" id=\"mce-MMERGE3\">\r\n<\/div>\r\n<div class=\"mc-field-group\">\r\n\t<label for=\"mce-MMERGE4\">\u00bfY tus apellidos?<\/label>\r\n\t<input type=\"text\" value=\"\" name=\"MMERGE4\" class=\"\" id=\"mce-MMERGE4\">\r\n<\/div>\r\n<div class=\"mc-field-group\">\r\n\t<label for=\"mce-EMAIL\">Necesitamos tu correo electr\u00f3nico<span class=\"asterisk\">*<\/span>\r\n<\/label>\r\n\t<input type=\"email\" value=\"\" name=\"EMAIL\" class=\"required email\" id=\"mce-EMAIL\">\r\n<\/div>\r\n<div class=\"mc-field-group\">\r\n\t<label for=\"mce-group[11533]\">\u00bfDe donde eres?<\/label>\r\n\t<select name=\"group[11533]\" class=\"REQ_CSS\" id=\"mce-group[11533]\">\r\n\t<option value=\"\"><\/option>\r\n\t<option value=\"1\">Andalucia<\/option>\r\n<option value=\"2\">Arag\u00f3n<\/option>\r\n<option value=\"4\">Cantabria<\/option>\r\n<option value=\"8\">Castilla y Le\u00f3n<\/option>\r\n<option value=\"16\">Castilla-La Mancha<\/option>\r\n<option value=\"32\">Ceuta<\/option>\r\n<option value=\"64\">Comunidad Valenciana<\/option>\r\n<option value=\"128\">Extremadura<\/option>\r\n<option value=\"256\">Galicia<\/option>\r\n<option value=\"512\">Islas Baleares<\/option>\r\n<option value=\"1024\">Islas Canarias<\/option>\r\n<option value=\"2048\">La Rioja<\/option>\r\n<option value=\"4096\">Madrid<\/option>\r\n<option value=\"8192\">Melilla<\/option>\r\n<option value=\"16384\">Navarra<\/option>\r\n<option value=\"32768\">Pa\u00eds Vasco<\/option>\r\n<option value=\"65536\">Principado de Asturias<\/option>\r\n<option value=\"131072\">Regi\u00f3n de Murcia<\/option>\r\n<option value=\"262144\">Catalu\u00f1a<\/option>\r\n\r\n\t<\/select>\r\n<\/div>\r\n\t<div id=\"mce-responses\" class=\"clear\">\r\n\t\t<div class=\"response\" id=\"mce-error-response\" style=\"display:none\"><\/div>\r\n\t\t<div class=\"response\" id=\"mce-success-response\" style=\"display:none\"><\/div>\r\n\t<\/div>    <!-- real people should not fill this in and expect good things - do not remove this or risk form bot signups-->\r\n    <div style=\"position: absolute; left: -5000px;\"><input type=\"text\" name=\"b_ad70313344162e387507f7395_7869711e5b\" tabindex=\"-1\" value=\"\"><\/div>\r\n    <div class=\"clear\"><input type=\"submit\" value=\"QUIERO RECIBIR EL BOLETIN\" name=\"subscribe\" id=\"mc-embedded-subscribe\" class=\"button\"><\/div>\r\n<\/form>\r\n<\/div>\r\n<script type='text\/javascript' src='\/\/s3.amazonaws.com\/downloads.mailchimp.com\/js\/mc-validate.js'><\/script>\r\n<script type='text\/javascript'>\r\n(function($) {\r\nwindow.fnames = new Array(); window.ftypes = new Array();fnames[3]='MMERGE3';ftypes[3]='text';fnames[4]='MMERGE4';ftypes[4]='text';fnames[0]='EMAIL';ftypes[0]='email';\r\n}(jQuery));\r\nvar $mcj = jQuery.noConflict(true);\r\n<\/script>\r\n<!--End mc_embed_signup-->","protected":false},"excerpt":{"rendered":"Con la suscripci\u00f3n al bolet\u00edn te enviaremos las novedades sobre talleres, campamentos o eventos gratuitos que consideremos puedan ser de tu inter\u00e9s. (* dato requerido) \u00bfCu\u00e1l es tu nombre? \u00bfY tus apellidos? Necesitamos tu correo electr\u00f3nico* \u00bfDe donde eres? Andalucia Arag\u00f3n Cantabria Castilla y Le\u00f3n Castilla-La Mancha Ceuta Comunidad Valenciana Extremadura Galicia Islas Baleares Islas [&hellip;]","protected":false},"author":27,"featured_media":49704,"parent":0,"menu_order":0,"comment_status":"closed","ping_status":"closed","template":"","meta":{"footnotes":"","_links_to":"","_links_to_target":""},"class_list":["post-11677","page","type-page","status-publish","has-post-thumbnail","hentry"],"yoast_head":"<!-- This site is optimized with the Yoast SEO plugin v22.6 - https:\/\/yoast.com\/wordpress\/plugins\/seo\/ -->\n<title>Bolet\u00edn | Camp Tecnologico<\/title>\n<meta name=\"description\" content=\"Con la suscripci\u00f3n al bolet\u00edn te enviaremos las novedades sobre talleres, campamentos o eventos gratuitos que consideremos puedan ser de tu inter\u00e9s. (*\" \/>\n<meta name=\"robots\" content=\"noindex, follow, max-snippet:-1, max-image-preview:large, max-video-preview:-1\" \/>\n<meta property=\"og:locale\" content=\"es_ES\" \/>\n<meta property=\"og:type\" content=\"article\" \/>\n<meta property=\"og:title\" content=\"Bolet\u00edn | Camp Tecnologico\" \/>\n<meta property=\"og:description\" content=\"Con la suscripci\u00f3n al bolet\u00edn te enviaremos las novedades sobre talleres, campamentos o eventos gratuitos que consideremos puedan ser de tu inter\u00e9s. (*\" \/>\n<meta property=\"og:url\" content=\"https:\/\/camptecnologico.com\/inicio\/boletin\/\" \/>\n<meta property=\"og:site_name\" content=\"Camp Tecnologico\" \/>\n<meta property=\"article:publisher\" content=\"https:\/\/www.facebook.com\/camptecnologico\/\" \/>\n<meta property=\"article:modified_time\" content=\"2017-06-06T10:05:23+00:00\" \/>\n<meta name=\"twitter:card\" content=\"summary_large_image\" \/>\n<meta name=\"twitter:site\" content=\"@CampTecnologico\" \/>\n<!-- \/ Yoast SEO plugin. -->","yoast_head_json":{"title":"Bolet\u00edn | Camp Tecnologico","description":"Con la suscripci\u00f3n al bolet\u00edn te enviaremos las novedades sobre talleres, campamentos o eventos gratuitos que consideremos puedan ser de tu inter\u00e9s. (*","robots":{"index":"noindex","follow":"follow","max-snippet":"max-snippet:-1","max-image-preview":"max-image-preview:large","max-video-preview":"max-video-preview:-1"},"og_locale":"es_ES","og_type":"article","og_title":"Bolet\u00edn | Camp Tecnologico","og_description":"Con la suscripci\u00f3n al bolet\u00edn te enviaremos las novedades sobre talleres, campamentos o eventos gratuitos que consideremos puedan ser de tu inter\u00e9s. (*","og_url":"https:\/\/camptecnologico.com\/inicio\/boletin\/","og_site_name":"Camp Tecnologico","article_publisher":"https:\/\/www.facebook.com\/camptecnologico\/","article_modified_time":"2017-06-06T10:05:23+00:00","twitter_card":"summary_large_image","twitter_site":"@CampTecnologico","schema":{"@context":"https:\/\/schema.org","@graph":[{"@type":"WebPage","@id":"https:\/\/camptecnologico.com\/inicio\/boletin\/","url":"https:\/\/camptecnologico.com\/inicio\/boletin\/","name":"Bolet\u00edn | Camp Tecnologico","isPartOf":{"@id":"https:\/\/camptecnologico.com\/inicio\/#website"},"primaryImageOfPage":{"@id":"https:\/\/camptecnologico.com\/inicio\/boletin\/#primaryimage"},"image":{"@id":"https:\/\/camptecnologico.com\/inicio\/boletin\/#primaryimage"},"thumbnailUrl":"https:\/\/camptecnologico.com\/inicio\/wp-content\/uploads\/industry-4.0camptec-1.jpg","datePublished":"2015-05-20T10:44:17+00:00","dateModified":"2017-06-06T10:05:23+00:00","description":"Con la suscripci\u00f3n al bolet\u00edn te enviaremos las novedades sobre talleres, campamentos o eventos gratuitos que consideremos puedan ser de tu inter\u00e9s. (*","breadcrumb":{"@id":"https:\/\/camptecnologico.com\/inicio\/boletin\/#breadcrumb"},"inLanguage":"es","potentialAction":[{"@type":"ReadAction","target":["https:\/\/camptecnologico.com\/inicio\/boletin\/"]}]},{"@type":"ImageObject","inLanguage":"es","@id":"https:\/\/camptecnologico.com\/inicio\/boletin\/#primaryimage","url":"https:\/\/camptecnologico.com\/inicio\/wp-content\/uploads\/industry-4.0camptec-1.jpg","contentUrl":"https:\/\/camptecnologico.com\/inicio\/wp-content\/uploads\/industry-4.0camptec-1.jpg","width":400,"height":235},{"@type":"BreadcrumbList","@id":"https:\/\/camptecnologico.com\/inicio\/boletin\/#breadcrumb","itemListElement":[{"@type":"ListItem","position":1,"name":"Home","item":"https:\/\/camptecnologico.com\/"},{"@type":"ListItem","position":2,"name":"Bolet\u00edn"}]},{"@type":"WebSite","@id":"https:\/\/camptecnologico.com\/inicio\/#website","url":"https:\/\/camptecnologico.com\/inicio\/","name":"Camp Tecnologico","description":"Campamento tecnol\u00f3gico para ni\u00f1os y j\u00f3venes. Tecnolog\u00eda para ni\u00f1os. Minecraft.","publisher":{"@id":"https:\/\/camptecnologico.com\/inicio\/#organization"},"potentialAction":[{"@type":"SearchAction","target":{"@type":"EntryPoint","urlTemplate":"https:\/\/camptecnologico.com\/inicio\/?s={search_term_string}"},"query-input":"required name=search_term_string"}],"inLanguage":"es"},{"@type":"Organization","@id":"https:\/\/camptecnologico.com\/inicio\/#organization","name":"Camp Tecnol\u00f3gico","url":"https:\/\/camptecnologico.com\/inicio\/","logo":{"@type":"ImageObject","inLanguage":"es","@id":"https:\/\/camptecnologico.com\/inicio\/#\/schema\/logo\/image\/","url":"https:\/\/camptecnologico.com\/inicio\/wp-content\/uploads\/logo1.jpg","contentUrl":"https:\/\/camptecnologico.com\/inicio\/wp-content\/uploads\/logo1.jpg","width":120,"height":120,"caption":"Camp Tecnol\u00f3gico"},"image":{"@id":"https:\/\/camptecnologico.com\/inicio\/#\/schema\/logo\/image\/"},"sameAs":["https:\/\/www.facebook.com\/camptecnologico\/","https:\/\/x.com\/CampTecnologico","https:\/\/www.instagram.com\/camptecnologico\/","https:\/\/www.linkedin.com\/company\/camptecnol-gico","https:\/\/www.youtube.com\/user\/CampTecologico"]}]}},"_links":{"self":[{"href":"https:\/\/camptecnologico.com\/inicio\/wp-json\/wp\/v2\/pages\/11677","targetHints":{"allow":["GET"]}}],"collection":[{"href":"https:\/\/camptecnologico.com\/inicio\/wp-json\/wp\/v2\/pages"}],"about":[{"href":"https:\/\/camptecnologico.com\/inicio\/wp-json\/wp\/v2\/types\/page"}],"author":[{"embeddable":true,"href":"https:\/\/camptecnologico.com\/inicio\/wp-json\/wp\/v2\/users\/27"}],"replies":[{"embeddable":true,"href":"https:\/\/camptecnologico.com\/inicio\/wp-json\/wp\/v2\/comments?post=11677"}],"version-history":[{"count":4,"href":"https:\/\/camptecnologico.com\/inicio\/wp-json\/wp\/v2\/pages\/11677\/revisions"}],"predecessor-version":[{"id":16064,"href":"https:\/\/camptecnologico.com\/inicio\/wp-json\/wp\/v2\/pages\/11677\/revisions\/16064"}],"wp:featuredmedia":[{"embeddable":true,"href":"https:\/\/camptecnologico.com\/inicio\/wp-json\/wp\/v2\/media\/49704"}],"wp:attachment":[{"href":"https:\/\/camptecnologico.com\/inicio\/wp-json\/wp\/v2\/media?parent=11677"}],"curies":[{"name":"wp","href":"https:\/\/api.w.org\/{rel}","templated":true}]}}