




{"id":10239,"date":"2015-03-27T12:57:52","date_gmt":"2015-03-27T11:57:52","guid":{"rendered":"https:\/\/camptecnologico.com\/inicio\/?page_id=10239"},"modified":"2019-07-17T10:00:40","modified_gmt":"2019-07-17T09:00:40","slug":"barcelona-sarria","status":"publish","type":"page","link":"https:\/\/camptecnologico.com\/inicio\/campamentos-de-verano\/barcelona-sarria\/","title":{"rendered":"Campamentos de Verano 2019 en Barcelona-Sarri\u00e0"},"content":{"rendered":"<script>\r\n    sessionStorage.campus=5160;\r\n<\/script>\r\n\r\n<!----------------------------- NO TOCAR, SE DESMONTA LA PARTE DE INFORMACION GENERAL --------------------->\r\n<style type=\"text\/css\">\r\n#descripcion {\r\n    margin-top: 50px;\r\n}\r\n#descripcion .fourcol.column {\r\n    float: left;\r\n    display: block;\r\n}\r\n.column {  \r\n    margin-right: 2.6%;\r\n    display: inline-grid;float: none;\r\n}\r\n.minifichas {\r\n    background-image: url('wp-content\/uploads\/Fondo-web.jpg');\r\n    background-size: cover;\r\n    background-repeat: no-repeat;\r\n    padding-top:10px;\r\n    padding-bottom:10px;\r\n}\r\n<\/style>\r\n<!--------------------------------------------------------------------------------------------------------->\r\n\r\n<div class=\"row\" style=\"padding-bottom:10px;\">\r\n    <p style=\"color: #FF2200; font-weight: bold; font-size: 200%;text-align:center;margin-top:20px\">\r\n        <a href=\"#infor_general\">Informaci\u00f3n de Fechas, Horarios, Precios y Descuentos<\/a>\r\n    <\/p>\r\n\r\n    <p style=\"color: #FF0000; font-weight: bold; font-size: 350%;text-align:center;\">\r\n        \u00a1\u00a1\u00a1\u00daltimas plazas.!!!\r\n    <\/p>\r\n    <div class=\"threecol column\" align=\"right\">\r\n        <strong>Nuestros talleres se segmentan en:<\/strong>\r\n    <\/div>\r\n    <div class=\"threecol column\">\r\n        <ul>\r\n            <li> <span class=\"segmento_kid\">&nbsp;Kid: 4\u00ba-5\u00ba Infantil&nbsp;<\/span><\/li>\r\n            <li> <span class=\"segmento_junior\">&nbsp;Junior: 1\u00ba-3\u00ba Primaria&nbsp;<\/span><\/li>\r\n        <\/ul>   \r\n    <\/div>\r\n    <div class=\"threecol column last\">\r\n        <ul>            \r\n            <li> <span class=\"segmento_genius\">&nbsp;Genius: 4\u00ba-6\u00ba Primaria y 1\u00ba-2\u00ba ESO&nbsp;<\/span><\/li>\r\n            <li> <span class=\"segmento_explorer\">&nbsp;Explorer: 1\u00ba ESO en adelante&nbsp;<\/span><\/li>\r\n        <\/ul>  \r\n    <\/div>\r\n    <center>\r\n         <br \/><a href=\"https:\/\/camptecnologico.com\/inicio\/inscripcion\/\" class=\"button large primary\" rel=\"nofollow\">\r\n                 <i class=\"fa fa-paper-plane\"><\/i>&nbsp;&nbsp;Realizar Inscripci\u00f3n<\/a>\r\n    <\/center>\r\n<\/div>\r\n\r\n<!-- microfichas -->\r\n<div class=\"minifichas\">\r\n    <div class=\"row\">\r\n        [wpv-view name=\u00bbtalleres-sarria-verano-microficha\u00bb]\r\n    <\/div>\r\n<\/div>\r\n\r\n<!-- informaci\u00f3n general -->\r\n<div style=\"background-color:#58ACFA; color:#FFFFFF\">\r\n    <div class=\"row\">\r\n        <p id=\"infor_general\" style=\"margin-top:0px; padding-top:0px; font-size:50%\">&nbsp;<\/p>\r\n        <h2>Informaci\u00f3n General<\/h2>\r\n        <div>\r\n            <h3>D\u00f3nde<\/h3>\r\n            <p style=\"margin-bottom: 30px;\">\r\n                <\/p><p>Los Campamentos se realizan en <spam style=\"font-weight: bold; font-size: 1.2em;\">Colegio Sagrado Coraz\u00f3n Corazonistas<\/spam> (Carrer d&#8217;Eduard Comte, 17-23, 08034 Barcelona)&nbsp;\r\n            <a href=\"https:\/\/www.google.es\/maps\/place\/Colegio+Sagrado+Coraz%C3%B3n+-+Corazonistas\/@41.393115,2.1188986,17z\/\r\n               data=!3m1!4b1!4m5!3m4!1s0x12a4984367d5ce1d:0xf4f218fd80137d1c!8m2!3d41.393111!4d2.1210873?hl=es&#038;authuser=0\"\r\n               target=\"_blanc\" rel=\"nofollow noopener noreferrer\"><i class=\"fa fa-map-marker fa-3x\" aria-hidden=\"true\" style=\"color:#00ffff\"><\/i><\/a><\/p>\r\n            \r\n        <\/div>\r\n        <div>\r\n             <p><span style=\"font-size: 1.2em;\">GRUPOS REDUCIDOS<\/span>, 10 alumnos por monitor. Una metodolog\u00eda probada desde 2011 que nos diferencia de otras opciones del mercado.<\/p>\r\n<br \/>&nbsp;\r\n        <\/div>\r\n        <div class=\"fourcol column\">\r\n            <h3>Fechas<\/h3>\r\n            <ul>\r\n          \t<li>25 al 28 de Junio (4 d\u00edas)<\/li>\r\n \t        <li>1 al 5 de Julio<\/li>\r\n \t        <li>8 al 12 de Julio<\/li>\r\n                <li>15 al 19 de Julio<\/li>\r\n \t        <li>22 al 24 de Julio<\/li>\r\n            <\/ul>\r\n            <h3>Horario<\/h3>\r\n            <ul>\r\n                <li>De 9.00 a 14.00 horas (5 horas \/d\u00eda).<\/li>\r\n            <\/ul>            \r\n            <em>Nota: El \u00faltimo d\u00eda del campamento habr\u00e1 <strong>1 hora de puertas abiertas<\/strong> (13.00 a 14.00), donde las familias podr\u00e1n ver el trabajo realizado \r\n                durante la semana.<br \/><br \/>Para aquellos que contraten servicio de comedor, existe la posibilidad de no coger el \u00faltimo d\u00eda.<\/em>\r\n        <\/div>\r\n\r\n        <div class=\"eightcol column last\">\r\n            <h3 align=\"center\">Calendario de talleres en Barcelona<\/h3>\r\n            <div style=\"text-align:center; padding-bottom:20px\">                       \r\n                <img decoding=\"async\" src=\"https:\/\/camptecnologico.com\/inicio\/wp-content\/uploads\/CalendarioBarcelonaVerano2019.jpg\" class=\"alignnone size-full wp-image-32836\" \/>\r\n            <\/div>\r\n            <div style=\"text-align:center; padding-bottom:20px\">\r\n                <strong>Junio y Julio<\/strong>: en L&#8217;Eixample talleres solo para \u00abmayores\u00bb, en Sarr\u00eca para todas las edades.<br \/>\r\n                <strong>Agosto<\/strong>: Solo en Sants.\r\n                <strong>Septiembre<\/strong>: Sants y L&#8217;Eixample.\r\n            <\/div>\r\n\r\n            <div style=\"text-align:center; padding-bottom:20px\">\r\n                <a href=\"https:\/\/camptecnologico.com\/inicio\/inscripcion\/\" class=\"button large primary\" rel=\"nofollow\">\r\n                     <i class=\"fa fa-paper-plane\"><\/i>&nbsp;&nbsp;Realizar Inscripci\u00f3n<\/a>\r\n            <\/div>\r\n\r\n        <\/div>\r\n        <div class=\"clear\"><\/div>\r\n    <\/div>\r\n\r\n<hr \/>\r\n\r\n    <div class=\"row\">\r\n        <p>&nbsp;<\/p>\r\n        <h2>Precios y Descuentos<\/h2>\r\n\r\n        <div class=\"fourcol column\">\r\n            <h3 style=\"padding-top:10px;\">Servicios Adicionales<\/h3>\r\n            <ul>\r\n                <li>Horario ampliado de 08.30 a 14.30: <span style=\"font-size: 1.2em;\"><strong>5\u20ac\/d\u00eda<\/strong><\/span><\/li>\r\n                <li>Comedor de 14:00 a 15:00: <strong>7\u20ac al d\u00eda<\/strong> <br \/>\r\n                    <em>(hay la posibilidad de coger de lunes a jueves)<\/em><\/li>\r\n                <li>Comedor + Piscina de 14:00 a 17:00: <strong>16\u20ac al d\u00eda<\/strong> <br \/>\r\n\t            <em>(La piscina es en el propio colegio)<\/em><\/li>\r\n            <\/ul>\r\n            <em>Nota: No hay posibilidad de d\u00edas sueltos.<\/em>\r\n        <\/div>\r\n\r\n        <div class=\"fourcol column\">\r\n            <h3>Precio<\/h3>\r\n<!--            <p><strong>Descuento en inscripciones pagadas <br \/>antes del <\/strong><span style=\"font-size: 1.5em;color:#CC0000;\">12 de Mayo<\/span>.-->\r\n            <h4>Talleres de 5 d\u00edas:<\/h4>\r\n            <ul>\r\n<!--\r\n                <li style=\"margin-bottom:0px;\">Kids y Junior: <strike>210\u20ac<\/strike> <span style=\"font-size: 1.5em;\"> <strong>189\u20ac<\/strong><\/span>\r\n                <li style=\"margin-bottom:0px;\">Genius y Explorer: <strike>220\u20ac<\/strike> <span style=\"font-size: 1.5em;\"> <strong>199\u20ac<\/strong><\/span><\/li>\r\n-->\r\n                <li style=\"margin-bottom:0px;\">Kids y Junior: <span style=\"font-size: 1.5em;\"> <strong>210\u20ac<\/strong><\/span><\/li>\r\n                <li style=\"margin-bottom:0px;\">Genius y Explorer: <span style=\"font-size: 1.5em;\"> <strong>220\u20ac<\/strong><\/span><\/li>\r\n            <\/ul> \r\n\r\n            <h4>Talleres <span style=\"color: #FF33F9; font-weight: bold;\">PREMIUM<\/span>, que se llevan lo construido:<\/h4>\r\n            <ul>\r\n<!--\r\n                <li style=\"margin-bottom:0px;\">Inventor Lab: Robot Jansen <strike>238\u20ac<\/strike> <span style=\"font-size: 1.5em;\"> <strong>219\u20ac<\/strong><\/span>\r\n                <li style=\"margin-bottom:0px;\">Drone Master <strike>238\u20ac<\/strike> <span style=\"font-size: 1.5em;\"> <strong>219\u20ac<\/strong><\/span><\/li>\r\n                <li style=\"margin-bottom:0px;\">Game Boy maker <strike>254\u20ac<\/strike> <span style=\"font-size: 1.5em;\"> <strong>234\u20ac<\/strong><\/span><\/li>\r\n-->\r\n                <li style=\"margin-bottom:0px;\">Inventor Lab: Robot Jansen <span style=\"font-size: 1.5em;\"> <strong>238\u20ac<\/strong><\/span><\/li>\r\n                <li style=\"margin-bottom:0px;\">Drone Master <span style=\"font-size: 1.5em;\"> <strong>238\u20ac<\/strong><\/span><\/li>\r\n                <li style=\"margin-bottom:0px;\">Game Boy maker <span style=\"font-size: 1.5em;\"> <strong>254\u20ac<\/strong><\/span><\/li>\r\n            <\/ul>\r\n            <p>En talleres de 4 d\u00edas, el precio es proporcional.<\/p>\r\n        <\/div>\r\n\r\n        <div class=\"fourcol column last\">\r\n            <h3>Descuentos no acumulables<\/h3>\r\n            <p>S\u00f3lo se puede disfrutar de uno de ellos:<\/p>\r\n            <ul>\r\n               <li>Antig\u00fco Alumno de CampTecnol\u00f3gico: <span style=\"font-size: 1.2em;\"><strong>-10%<\/strong><\/span><\/li>\r\n               <li>Familia numerosa o monoparental: <span style=\"font-size: 1.2em;\"><strong>-5%<\/strong><\/span><\/li>\r\n            <\/ul>\r\n            <h3>Descuentos acumulables<\/h3>\r\n            <p>Adem\u00e1s puedes a\u00f1adir todos los que puedas:<\/p>\r\n            <ul>\r\n                <li>La segunda semana contratada: <span style=\"font-size: 1.2em;\"><strong>-10%<\/strong><\/span><\/li>\r\n                <li>Viene con un hermano y\/o amigo: <span style=\"font-size: 1.2em;\"><strong>-5%<\/strong><\/span><\/li>\r\n                <li>Si traes tu ordenador en Unity y Minecraft: v<strong>-10\u20ac<\/strong><\/li>\r\n            <\/ul>\r\n            <em>Nota: Requerimientos m\u00ednimos de PC: Intel i3 o superior, con Windows 10 (no tablet o Surface o Apple)<\/em>\r\n        <\/div><p>&nbsp;<\/p>\r\n        <div class=\"clear\"><\/div>\r\n    <\/div>\r\n<\/div>\r\n\r\n<!-- fichas -->\r\n<div>\r\n    [wpv-view name=\u00bbtalleres-sarria-verano-ficha\u00bb]\r\n<\/div>\r\n\r\n<div class=\"row\">\r\n    <hr \/>\r\n    <p>\r\n        <spam style=\"color:#ff0000;font-weight: bold; font-size: 2.0em;\">AVISO:<\/spam> \r\n        <spam style=\"font-size: 1.7em;\">La realizaci\u00f3n de los talleres esta sujeta a alcanzar un grupo m\u00ednimo de asistentes al turno elegido. \r\n           En caso de no ser factible, desde la organizaci\u00f3n les ofreceremos las alternativas existentes.<\/spam>\r\n    <\/p>\r\n<\/div>\r\n\r\n","protected":false},"excerpt":{"rendered":"Informaci\u00f3n de Fechas, Horarios, Precios y Descuentos \u00a1\u00a1\u00a1\u00daltimas plazas.!!! Nuestros talleres se segmentan en: &nbsp;Kid: 4\u00ba-5\u00ba Infantil&nbsp; &nbsp;Junior: 1\u00ba-3\u00ba Primaria&nbsp; &nbsp;Genius: 4\u00ba-6\u00ba Primaria y 1\u00ba-2\u00ba ESO&nbsp; &nbsp;Explorer: 1\u00ba ESO en adelante&nbsp; &nbsp;&nbsp;Realizar Inscripci\u00f3n [wpv-view name=\u00bbtalleres-sarria-verano-microficha\u00bb] &nbsp; Informaci\u00f3n General D\u00f3nde Los Campamentos se realizan en Colegio Sagrado Coraz\u00f3n Corazonistas (Carrer d&#8217;Eduard Comte, 17-23, 08034 Barcelona)&nbsp; GRUPOS [&hellip;]","protected":false},"author":21,"featured_media":49704,"parent":6591,"menu_order":0,"comment_status":"open","ping_status":"open","template":"","meta":{"footnotes":"","_links_to":"","_links_to_target":""},"class_list":["post-10239","page","type-page","status-publish","has-post-thumbnail","hentry"],"yoast_head":"<!-- This site is optimized with the Yoast SEO plugin v22.6 - https:\/\/yoast.com\/wordpress\/plugins\/seo\/ -->\n<title>Campamentos de Verano 2019 en Barcelona - Sarri\u00e0 (Colegio Corazonistas)<\/title>\n<meta name=\"description\" content=\"Campamentos de verano Barcelona. Campamentos Urbanos de 4 a 17 a\u00f1os en Escola Universit\u00e0ria Salesiana de Sarri\u00e0. Rob\u00f3tica, programaci\u00f3n, LEDs, Makers, etc.\" \/>\n<meta name=\"robots\" content=\"noindex, follow, max-snippet:-1, max-image-preview:large, max-video-preview:-1\" \/>\n<meta property=\"og:locale\" content=\"es_ES\" \/>\n<meta property=\"og:type\" content=\"article\" \/>\n<meta property=\"og:title\" content=\"Campamentos de Verano 2019 en Barcelona - Sarri\u00e0 (Colegio Corazonistas)\" \/>\n<meta property=\"og:description\" content=\"Campamentos de verano Barcelona. Campamentos Urbanos de 4 a 17 a\u00f1os en Escola Universit\u00e0ria Salesiana de Sarri\u00e0. Rob\u00f3tica, programaci\u00f3n, LEDs, Makers, etc.\" \/>\n<meta property=\"og:url\" content=\"https:\/\/camptecnologico.com\/inicio\/campamentos-de-verano\/barcelona-sarria\/\" \/>\n<meta property=\"og:site_name\" content=\"Camp Tecnologico\" \/>\n<meta property=\"article:publisher\" content=\"https:\/\/www.facebook.com\/camptecnologico\/\" \/>\n<meta property=\"article:modified_time\" content=\"2019-07-17T09:00:40+00:00\" \/>\n<meta property=\"og:image\" content=\"https:\/\/camptecnologico.com\/inicio\/wp-content\/uploads\/industry-4.0camptec-1.jpg\" \/>\n\t<meta property=\"og:image:width\" content=\"400\" \/>\n\t<meta property=\"og:image:height\" content=\"235\" \/>\n\t<meta property=\"og:image:type\" content=\"image\/jpeg\" \/>\n<meta name=\"twitter:card\" content=\"summary_large_image\" \/>\n<meta name=\"twitter:site\" content=\"@CampTecnologico\" \/>\n<meta name=\"twitter:label1\" content=\"Tiempo de lectura\" \/>\n\t<meta name=\"twitter:data1\" content=\"2 minutos\" \/>\n<!-- \/ Yoast SEO plugin. -->","yoast_head_json":{"title":"Campamentos de Verano 2019 en Barcelona - Sarri\u00e0 (Colegio Corazonistas)","description":"Campamentos de verano Barcelona. Campamentos Urbanos de 4 a 17 a\u00f1os en Escola Universit\u00e0ria Salesiana de Sarri\u00e0. Rob\u00f3tica, programaci\u00f3n, LEDs, Makers, etc.","robots":{"index":"noindex","follow":"follow","max-snippet":"max-snippet:-1","max-image-preview":"max-image-preview:large","max-video-preview":"max-video-preview:-1"},"og_locale":"es_ES","og_type":"article","og_title":"Campamentos de Verano 2019 en Barcelona - Sarri\u00e0 (Colegio Corazonistas)","og_description":"Campamentos de verano Barcelona. Campamentos Urbanos de 4 a 17 a\u00f1os en Escola Universit\u00e0ria Salesiana de Sarri\u00e0. Rob\u00f3tica, programaci\u00f3n, LEDs, Makers, etc.","og_url":"https:\/\/camptecnologico.com\/inicio\/campamentos-de-verano\/barcelona-sarria\/","og_site_name":"Camp Tecnologico","article_publisher":"https:\/\/www.facebook.com\/camptecnologico\/","article_modified_time":"2019-07-17T09:00:40+00:00","og_image":[{"width":400,"height":235,"url":"https:\/\/camptecnologico.com\/inicio\/wp-content\/uploads\/industry-4.0camptec-1.jpg","type":"image\/jpeg"}],"twitter_card":"summary_large_image","twitter_site":"@CampTecnologico","twitter_misc":{"Tiempo de lectura":"2 minutos"},"schema":{"@context":"https:\/\/schema.org","@graph":[{"@type":"WebPage","@id":"https:\/\/camptecnologico.com\/inicio\/campamentos-de-verano\/barcelona-sarria\/","url":"https:\/\/camptecnologico.com\/inicio\/campamentos-de-verano\/barcelona-sarria\/","name":"Campamentos de Verano 2019 en Barcelona - Sarri\u00e0 (Colegio Corazonistas)","isPartOf":{"@id":"https:\/\/camptecnologico.com\/inicio\/#website"},"primaryImageOfPage":{"@id":"https:\/\/camptecnologico.com\/inicio\/campamentos-de-verano\/barcelona-sarria\/#primaryimage"},"image":{"@id":"https:\/\/camptecnologico.com\/inicio\/campamentos-de-verano\/barcelona-sarria\/#primaryimage"},"thumbnailUrl":"https:\/\/camptecnologico.com\/inicio\/wp-content\/uploads\/industry-4.0camptec-1.jpg","datePublished":"2015-03-27T11:57:52+00:00","dateModified":"2019-07-17T09:00:40+00:00","description":"Campamentos de verano Barcelona. Campamentos Urbanos de 4 a 17 a\u00f1os en Escola Universit\u00e0ria Salesiana de Sarri\u00e0. Rob\u00f3tica, programaci\u00f3n, LEDs, Makers, etc.","breadcrumb":{"@id":"https:\/\/camptecnologico.com\/inicio\/campamentos-de-verano\/barcelona-sarria\/#breadcrumb"},"inLanguage":"es","potentialAction":[{"@type":"ReadAction","target":["https:\/\/camptecnologico.com\/inicio\/campamentos-de-verano\/barcelona-sarria\/"]}]},{"@type":"ImageObject","inLanguage":"es","@id":"https:\/\/camptecnologico.com\/inicio\/campamentos-de-verano\/barcelona-sarria\/#primaryimage","url":"https:\/\/camptecnologico.com\/inicio\/wp-content\/uploads\/industry-4.0camptec-1.jpg","contentUrl":"https:\/\/camptecnologico.com\/inicio\/wp-content\/uploads\/industry-4.0camptec-1.jpg","width":400,"height":235},{"@type":"BreadcrumbList","@id":"https:\/\/camptecnologico.com\/inicio\/campamentos-de-verano\/barcelona-sarria\/#breadcrumb","itemListElement":[{"@type":"ListItem","position":1,"name":"Home","item":"https:\/\/camptecnologico.com\/"},{"@type":"ListItem","position":2,"name":"no vale &#8211; Campamentos de verano","item":"https:\/\/camptecnologico.com\/inicio\/campamentos-con-alojamiento\/"},{"@type":"ListItem","position":3,"name":"Campamentos de Verano 2019 en Barcelona-Sarri\u00e0"}]},{"@type":"WebSite","@id":"https:\/\/camptecnologico.com\/inicio\/#website","url":"https:\/\/camptecnologico.com\/inicio\/","name":"Camp Tecnologico","description":"Campamento tecnol\u00f3gico para ni\u00f1os y j\u00f3venes. Tecnolog\u00eda para ni\u00f1os. Minecraft.","publisher":{"@id":"https:\/\/camptecnologico.com\/inicio\/#organization"},"potentialAction":[{"@type":"SearchAction","target":{"@type":"EntryPoint","urlTemplate":"https:\/\/camptecnologico.com\/inicio\/?s={search_term_string}"},"query-input":"required name=search_term_string"}],"inLanguage":"es"},{"@type":"Organization","@id":"https:\/\/camptecnologico.com\/inicio\/#organization","name":"Camp Tecnol\u00f3gico","url":"https:\/\/camptecnologico.com\/inicio\/","logo":{"@type":"ImageObject","inLanguage":"es","@id":"https:\/\/camptecnologico.com\/inicio\/#\/schema\/logo\/image\/","url":"https:\/\/camptecnologico.com\/inicio\/wp-content\/uploads\/logo1.jpg","contentUrl":"https:\/\/camptecnologico.com\/inicio\/wp-content\/uploads\/logo1.jpg","width":120,"height":120,"caption":"Camp Tecnol\u00f3gico"},"image":{"@id":"https:\/\/camptecnologico.com\/inicio\/#\/schema\/logo\/image\/"},"sameAs":["https:\/\/www.facebook.com\/camptecnologico\/","https:\/\/x.com\/CampTecnologico","https:\/\/www.instagram.com\/camptecnologico\/","https:\/\/www.linkedin.com\/company\/camptecnol-gico","https:\/\/www.youtube.com\/user\/CampTecologico"]}]}},"_links":{"self":[{"href":"https:\/\/camptecnologico.com\/inicio\/wp-json\/wp\/v2\/pages\/10239","targetHints":{"allow":["GET"]}}],"collection":[{"href":"https:\/\/camptecnologico.com\/inicio\/wp-json\/wp\/v2\/pages"}],"about":[{"href":"https:\/\/camptecnologico.com\/inicio\/wp-json\/wp\/v2\/types\/page"}],"author":[{"embeddable":true,"href":"https:\/\/camptecnologico.com\/inicio\/wp-json\/wp\/v2\/users\/21"}],"replies":[{"embeddable":true,"href":"https:\/\/camptecnologico.com\/inicio\/wp-json\/wp\/v2\/comments?post=10239"}],"version-history":[{"count":89,"href":"https:\/\/camptecnologico.com\/inicio\/wp-json\/wp\/v2\/pages\/10239\/revisions"}],"predecessor-version":[{"id":41497,"href":"https:\/\/camptecnologico.com\/inicio\/wp-json\/wp\/v2\/pages\/10239\/revisions\/41497"}],"up":[{"embeddable":true,"href":"https:\/\/camptecnologico.com\/inicio\/wp-json\/wp\/v2\/pages\/6591"}],"wp:featuredmedia":[{"embeddable":true,"href":"https:\/\/camptecnologico.com\/inicio\/wp-json\/wp\/v2\/media\/49704"}],"wp:attachment":[{"href":"https:\/\/camptecnologico.com\/inicio\/wp-json\/wp\/v2\/media?parent=10239"}],"curies":[{"name":"wp","href":"https:\/\/api.w.org\/{rel}","templated":true}]}}