




{"id":10193,"date":"2015-03-24T03:40:53","date_gmt":"2015-03-24T02:40:53","guid":{"rendered":"https:\/\/camptecnologico.com\/inicio\/?page_id=10193"},"modified":"2020-06-23T14:57:24","modified_gmt":"2020-06-23T13:57:24","slug":"preguntas-frecuentes","status":"publish","type":"page","link":"https:\/\/camptecnologico.com\/inicio\/preguntas-frecuentes\/","title":{"rendered":"Preguntas Frecuentes"},"content":{"rendered":"<div class=\"row\" style=\"margin-left:50px;\">\r\n\r\n<h3>Preguntas frecuentes sobre Campamentos<\/h3>\r\n\r\n<p><strong>\u00bfA partir de qu\u00e9 edad pueden participar?<\/strong><br \/>\r\nDesde los 4 a\u00f1os hasta 17 a\u00f1os.<\/p>\r\n\r\n<p><strong>Mi hijo tiene 3 a\u00f1os \u00bfpuede acudir a los Campamentos?<\/strong><br \/>\r\nSe han dado casos donde hemos aceptado a ni\u00f1os\/as de 3 a\u00f1os siempre y cuando no sean reci\u00e9n cumplidos. En caso de tener hermanos\/as mayores que acudan es, adem\u00e1s, m\u00e1s f\u00e1cil el que puedan acudir a nuestros talleres.<\/p>\r\n\r\n<p><strong>\u00bfD\u00f3nde puedo hacer el registro?<\/strong><br \/>\r\nPara contratar los servicios de Campamentos y asegurar la plaza solo se pueden hacer previo registro en nuestro sitio web:<br \/>\r\n<a title=\"Camp Tecnol\u00f3gico\" href=\"https:\/\/camptecnologico.com\/inicio\/\" target=\"_blank\" rel=\"noopener noreferrer\">https:\/\/camptecnologico.com\/inicio\/<\/a><br \/>\r\nNo se aceptan otro tipo de registros (ni telef\u00f3nico, ni v\u00eda e-mail\u2026).<\/p>\r\n\r\n<p><strong>Si quiero inscribir a m\u00e1s de un ni\u00f1o \u00bfC\u00f3mo deber\u00e9 de hacerlo?<\/strong><br \/>\r\nPara inscribir a m\u00e1s de un ni\u00f1o ser\u00e1 necesario rellenar tantos formularios como ni\u00f1os se quieran inscribir.<\/p>\r\n\r\n<p><strong>\u00bfCu\u00e1ntos alumnos hay por cada monitor?<\/strong><br \/>\r\nPermitimos un m\u00e1ximo de 10 alumnos\/as por cada monitor.<\/p>\r\n\r\n<p><strong>\u00bfTiene Camp Tecnol\u00f3gico alg\u00fan tipo de seguro para los ni\u00f1os\/as?<\/strong><br \/>\r\nSi, todos los ni\u00f1os\/as que acuden a nuestros Campamentos est\u00e1n asegurados.<\/p>\r\n\r\n<p><strong>\u00bfDisponen de servicio de comedor y en qu\u00e9 sedes podemos contratarlo? (est\u00e1 opci\u00f3n es para algunas sedes y en Campamentos de Verano) <\/strong><br \/>\r\nDisponemos de servicio de Comedor en las siguientes sedes: <br \/>\r\n\u00b7 En Bilbao | AZ y Jesuitas<br \/>\r\n\u00b7 En Barcelona | Corazonistas<br \/>\r\n\u00b7 En Madrid | En el Colegio Santa Mar\u00eda La Blanca<\/p>\r\n\r\n<p><strong>\u00bfC\u00f3mo se hace el registro para el comedor? (est\u00e1 opci\u00f3n es para algunas sedes y en Campamentos de Verano)<\/strong><br \/>\r\nPara contratar los servicios comedor de Campamentos de Verano solo se pueden hacer previo registro en nuestro sitio web en la ciudad elegida para hacer el taller:<br \/>\r\n<a title=\"Camp tecnol\u00f3gico\" href=\"https:\/\/camptecnologico.com\/inicio\/\" target=\"_blank\" rel=\"noopener noreferrer\">https:\/\/camptecnologico.com\/inicio\/<\/a><br \/>\r\nNo se aceptan otro tipo de registros (ni telef\u00f3nico, ni v\u00eda e-mail\u2026).<\/p>\r\n\r\n<p><strong>\u00bfCu\u00e1les son los horarios y precios de los Campamentos?\u00bfExisten descuentos?<\/strong><br \/>\r\nLos horarios son siempre de 9:00 a 14:00 h. aunque damos opci\u00f3n de guarder\u00eda y poder dejarles media hora antes y recogerles media hora m\u00e1s tarde.<\/p>\r\n\r\n<p>Los precios se deben consultar en la p\u00e1gina web. aunque tambi\u00e9n tenemos descuentos por repetir con nosotros, o tener hermanos que acudan juntos, etc.<\/p>\r\n\r\n<p><strong>\u00bfQu\u00e9 horario de comedor tienen?<\/strong><br \/>\r\nEl horario es de 14:00 h. a 15:00h y deber\u00e1n recoger a esa hora en el lugar que le indiquemos a los ni\u00f1os\/as.<\/p>\r\n\r\n<p><strong>\u00bfCu\u00e1nto cuesta el comedor?<\/strong><br \/>\r\nSon 45\u20ac (toda la semana)<\/p>\r\n\r\n<p><strong>\u00bfSe puede aplicar alg\u00fan descuento al comedor?<\/strong><br \/>\r\nNo, los descuentos solo son aplicables a los talleres.<\/p>\r\n\r\n<p><strong>\u00bfDisponen de servicio de Guarder\u00eda? (Consultar en sitio web en sede elegida) <\/strong><br \/>\r\nEst\u00e1 disponible en todas las ciudades y el coste es de 25 \u20ac (toda la semana)<br \/>\r\nSe podr\u00e1 dejar a los ni\u00f1os a las 8:30 h y recogerlos a las 14:30 h.<br \/>\r\nEl precio se mantiene en ambos casos (dejarles antes o recogerles m\u00e1s tarde).<\/p>\r\n\r\n<p><strong>\u00bfPuede mi hijo\/a irse solo a casa al final de los talleres sin que vayamos a buscarles?<\/strong><br \/>\r\nPodr\u00e1 hacerlo en caso de ser mayores de 14 a\u00f1os y enviando sus tutores un e-mail a \u201cinfo@camptecnologico.com\u201d indicando el nombre del menor y donde realiza el taller junto con un escrito dando el consentimiento.<\/p>\r\n\r\n<p><strong>\u00bfPuede salir antes el ni\u00f1o\/a de los talleres?<\/strong><br \/>\r\nPodr\u00e1 hacerlo siempre que sea notificado primero a la Central de Camp Tecnol\u00f3gico que se lo notificar\u00e1 a los monitores.<\/p>\r\n\r\n<h3>Preguntas frecuentes sobre Club Tecnol\u00f3gico<\/h3>\r\n\r\n<p><strong>\u00bfA partir de qu\u00e9 edad pueden participar?<\/strong><br \/>\r\nDesde los 7 a\u00f1os hasta 16 a\u00f1os.<\/p>\r\n\r\n<p><strong>Mi hijo tiene 6 a\u00f1os \u00bfpuede acudir al Club Tecnol\u00f3gico?<\/strong><br \/>\r\nSe han dado casos donde hemos aceptado a ni\u00f1os\/as de 6 a\u00f1os siempre y cuando no sean reci\u00e9n cumplidos. En caso de tener hermanos\/as mayores que acudan es, adem\u00e1s, m\u00e1s f\u00e1cil el que puedan acudir a nuestros talleres.<\/p>\r\n\r\n<p><strong>\u00bfD\u00f3nde puedo hacer el registro?<\/strong><br \/>\r\nPara contratar los servicios de Club Tecnol\u00f3gico y asegurar la plaza solo se pueden hacer previo registro en nuestro sitio web en la ciudad correspondiente:<br \/>\r\n<a title=\"Camp Tecnol\u00f3gico\" href=\"https:\/\/camptecnologico.com\/inicio\/\" target=\"_blank\" rel=\"noopener noreferrer\">https:\/\/camptecnologico.com\/inicio\/<\/a><br \/>\r\nNo se aceptan otro tipo de registros (ni telef\u00f3nico, ni v\u00eda e-mail\u2026).<\/p>\r\n\r\n<p><strong>Si quiero inscribir a m\u00e1s de un ni\u00f1o \u00bfC\u00f3mo deber\u00e9 de hacerlo?<\/strong><br \/>\r\nPara inscribir a m\u00e1s de un ni\u00f1o ser\u00e1 necesario rellenar tantos formularios como ni\u00f1os se quieran inscribir.<\/p>\r\n\r\n<p><strong>\u00bfCu\u00e1ntos alumnos hay por cada monitor?<\/strong><br \/>\r\nPermitimos un m\u00e1ximo de 8-10 alumnos\/as por cada monitor.<\/p>\r\n\r\n<p><strong>\u00bfTiene Camp Tecnol\u00f3gico alg\u00fan tipo de seguro para los ni\u00f1os\/as?<\/strong><br \/>\r\nSi, todos los ni\u00f1os\/as que acuden a nuestros Campamentos est\u00e1n asegurados.<\/p>\r\n\r\n<p><strong>\u00bfCu\u00e1les son los horarios y precios del Club Tecnol\u00f3gico?<\/strong><br \/>\r\nLos horarios y las fechas las pod\u00e9is consultar en la pagina web ya que hay diversdad de horarios .<\/p>\r\n\r\n<p>Los precios son de 80\u20ac aunque tambi\u00e9n tenemos descuentos por repetir con nosotros, o por tener el Plan Gaztedi (s\u00f3lo para el Pa\u00eds Vasco).<\/p>\r\n\r\n<p><strong>\u00bfPuede mi hijo\/a irse solo a casa al final de los talleres sin que vayamos a buscarles?<\/strong><br \/>\r\nPodr\u00e1 hacerlo en caso de ser mayores de 14 a\u00f1os y enviando sus tutores un e-mail a \u201cinfo@camptecnologico.com\u201d indicando el nombre del menor y donde realiza el taller junto con un escrito dando el consentimiento.<\/p>\r\n\r\n<p><strong>\u00bfPuede salir antes el ni\u00f1o\/a de los talleres?<\/strong><br \/>\r\nPodr\u00e1 hacerlo siempre que sea notificado primero a la Central de Camp Tecnol\u00f3gico que se lo notificar\u00e1 a los monitores.<\/p>\r\n\r\n<h3>Preguntas frecuentes sobre Extraescolares<\/h3>\r\n\r\n<p><strong>PDF de consentimiento de domiciliaci\u00f3n<\/strong><br \/>\r\nLa legislaci\u00f3n actual nos obliga a tener <strong>tu firma con el permiso<\/strong> para poder hacerte la domiciliaci\u00f3n bancaria correspondiente. Los pasos que debes seguir son los siguientes:<\/p>\r\n<ul>\r\n<li>A trav\u00e9s de este link se descargar\u00e1 el PDF del consentimiento de domiciliaci\u00f3n:<a href=\"https:\/\/camptecnologico.com\/inicio\/wp-content\/uploads\/2016\/01\/autorizacion-bancaria-domiciliacion.pdf\" download><i class=\"fa fa-file-pdf-o\"><\/i> PDF Autorizaci\u00f3n Domicialici\u00f3n Bancaria<\/a><\/li>\r\n<li>Deber\u00e1s imprimirlo y rellenarlo con los datos bancarios y firmarlo el titular de la cuenta.<\/li>\r\n<li>Finalmente te rogamos se lo entregues al monitor de tu hija\/o.<\/li>\r\n<\/ul>\r\n\r\n\r\n<p id=\"minecraft\">&nbsp;<br \/><br \/><br \/><br \/><br \/><br \/><br \/><\/p>\r\n<h3>Preguntas frecuentes sobre Minecraft<\/h3>\r\n\r\n<p><strong>\u00bfQu\u00e9 ordenador hace falta para talleres de Minecraft?<\/strong><br \/>\r\nEl port\u00e1til que lleve el ni\u00f1o tiene que tener el juego Minecraft instalado, cualquier port\u00e1til con una antig\u00fcedad de menos de 5 a\u00f1os puede funcionar con Minecraft.<\/p>\r\n\r\n<p><strong>\u00bfSirven las tablets para los talleres de Minecraft?<\/strong><br \/>\r\nNO, la versi\u00f3n de Minecraft de los tablets es distinta de la de los Pcs , y la que vamos a usar es la de Pcs.<\/p>\r\n\r\n<p><strong>\u00bfQu\u00e9 ordenador puedo comprar para que mi hijo\/a pueda instalar Minecraft, jugar y aprender a programar con el?<br \/>\r\n<\/strong>Un ordenador con estas caracter\u00edsticas como m\u00ednimo de: Ordenador port\u00e1til de 15.6&#8243; (Intel Core i3, 4 GB de RAM, 500 GB de disco duro, Intel HD Graphics 4000, Windows 8.1), Teclado QWERTY Espa\u00f1ol<\/p>\r\n\r\n<p><strong>\u00bfPuedo traer un ordenador port\u00e1til iMAC al taller?<\/strong><br \/>\r\n<strong>\u00a1\u00a1\u00a1NO!!!<\/strong>, no se recomienda traer un iMAC al taller de Minecraft ya que tiene varias dificultades con este sistema operativo. Es muy distinto tanto el servidor como los comandos.<\/p>\r\n\r\n<p><strong>Mi hijo\/a no dispone de port\u00e1til, \u00bfqu\u00e9 opci\u00f3n me dan?<\/strong><br \/>\r\nEn caso de no disponer del mismo la organizaci\u00f3n le alquilar\u00e1 un ordenador.<br \/>\r\nEn el momento de hacer el registro le aparecer\u00e1 esta opci\u00f3n.<\/p>\r\n\r\n<p><strong>\u00bfDonde puedo comprar el juego de Minecraft?<\/strong><br \/>\r\nLa p\u00e1gina oficial donde podr\u00e1 adquirir Minecraft es: minecraft.net\/<\/p>\r\n\r\n\r\n<h3>Requisitos del sistema para Unity<\/h3>\r\n\r\n<p>Para bajar el juego de <strong>Unity<\/strong> visitar la p\u00e1gina <a href=\"https:\/\/unity3d.com\/es\/get-unity\/download\" rel=\"nofollow\">https:\/\/unity3d.com\/es\/get-unity\/download<\/a><\/p>\r\n\r\n<p>Por lo general, el contenido desarrollado con Unity puede ejecutarse bastante bien en todas partes. Qu\u00e9 tan bien se ejecuta depende de la complejidad de su proyecto. Para aquellos que traigan ordenadores Apple es importante que traigan el programa ya instalado.<\/p>\r\n\r\n<p>Los <strong>Requisitos<\/strong> son que el programa ejecute correctamente en el equipo port\u00e1til que se trae al taller.<\/p>\r\n\r\n<\/div>","protected":false},"excerpt":{"rendered":"Preguntas frecuentes sobre Campamentos \u00bfA partir de qu\u00e9 edad pueden participar? Desde los 4 a\u00f1os hasta 17 a\u00f1os. Mi hijo tiene 3 a\u00f1os \u00bfpuede acudir a los Campamentos? Se han dado casos donde hemos aceptado a ni\u00f1os\/as de 3 a\u00f1os siempre y cuando no sean reci\u00e9n cumplidos. En caso de tener hermanos\/as mayores que acudan [&hellip;]","protected":false},"author":21,"featured_media":49704,"parent":0,"menu_order":0,"comment_status":"open","ping_status":"open","template":"","meta":{"footnotes":"","_links_to":"","_links_to_target":""},"class_list":["post-10193","page","type-page","status-publish","has-post-thumbnail","hentry"],"yoast_head":"<!-- This site is optimized with the Yoast SEO plugin v22.6 - https:\/\/yoast.com\/wordpress\/plugins\/seo\/ -->\n<title>Preguntas Frecuentes | Camp Tecnologico<\/title>\n<meta name=\"description\" content=\"Preguntas Frecuentes sobre los Campamentos, Clubs y Extraescolares de Camp Tecnol\u00f3gico.\" \/>\n<meta name=\"robots\" content=\"noindex, follow\" \/>\n<meta property=\"og:locale\" content=\"es_ES\" \/>\n<meta property=\"og:type\" content=\"article\" \/>\n<meta property=\"og:title\" content=\"Preguntas Frecuentes | Camp Tecnologico\" \/>\n<meta property=\"og:description\" content=\"Preguntas Frecuentes sobre los Campamentos, Clubs y Extraescolares de Camp Tecnol\u00f3gico.\" \/>\n<meta property=\"og:url\" content=\"https:\/\/camptecnologico.com\/inicio\/preguntas-frecuentes\/\" \/>\n<meta property=\"og:site_name\" content=\"Camp Tecnologico\" \/>\n<meta property=\"article:publisher\" content=\"https:\/\/www.facebook.com\/camptecnologico\/\" \/>\n<meta property=\"article:modified_time\" content=\"2020-06-23T13:57:24+00:00\" \/>\n<meta property=\"og:image\" content=\"https:\/\/camptecnologico.com\/inicio\/wp-content\/uploads\/industry-4.0camptec-1.jpg\" \/>\n\t<meta property=\"og:image:width\" content=\"400\" \/>\n\t<meta property=\"og:image:height\" content=\"235\" \/>\n\t<meta property=\"og:image:type\" content=\"image\/jpeg\" \/>\n<meta name=\"twitter:card\" content=\"summary_large_image\" \/>\n<meta name=\"twitter:site\" content=\"@CampTecnologico\" \/>\n<meta name=\"twitter:label1\" content=\"Tiempo de lectura\" \/>\n\t<meta name=\"twitter:data1\" content=\"7 minutos\" \/>\n<!-- \/ Yoast SEO plugin. -->","yoast_head_json":{"title":"Preguntas Frecuentes | Camp Tecnologico","description":"Preguntas Frecuentes sobre los Campamentos, Clubs y Extraescolares de Camp Tecnol\u00f3gico.","robots":{"index":"noindex","follow":"follow"},"og_locale":"es_ES","og_type":"article","og_title":"Preguntas Frecuentes | Camp Tecnologico","og_description":"Preguntas Frecuentes sobre los Campamentos, Clubs y Extraescolares de Camp Tecnol\u00f3gico.","og_url":"https:\/\/camptecnologico.com\/inicio\/preguntas-frecuentes\/","og_site_name":"Camp Tecnologico","article_publisher":"https:\/\/www.facebook.com\/camptecnologico\/","article_modified_time":"2020-06-23T13:57:24+00:00","og_image":[{"width":400,"height":235,"url":"https:\/\/camptecnologico.com\/inicio\/wp-content\/uploads\/industry-4.0camptec-1.jpg","type":"image\/jpeg"}],"twitter_card":"summary_large_image","twitter_site":"@CampTecnologico","twitter_misc":{"Tiempo de lectura":"7 minutos"},"schema":{"@context":"https:\/\/schema.org","@graph":[{"@type":"WebPage","@id":"https:\/\/camptecnologico.com\/inicio\/preguntas-frecuentes\/","url":"https:\/\/camptecnologico.com\/inicio\/preguntas-frecuentes\/","name":"Preguntas Frecuentes | Camp Tecnologico","isPartOf":{"@id":"https:\/\/camptecnologico.com\/inicio\/#website"},"primaryImageOfPage":{"@id":"https:\/\/camptecnologico.com\/inicio\/preguntas-frecuentes\/#primaryimage"},"image":{"@id":"https:\/\/camptecnologico.com\/inicio\/preguntas-frecuentes\/#primaryimage"},"thumbnailUrl":"https:\/\/camptecnologico.com\/inicio\/wp-content\/uploads\/industry-4.0camptec-1.jpg","datePublished":"2015-03-24T02:40:53+00:00","dateModified":"2020-06-23T13:57:24+00:00","description":"Preguntas Frecuentes sobre los Campamentos, Clubs y Extraescolares de Camp Tecnol\u00f3gico.","breadcrumb":{"@id":"https:\/\/camptecnologico.com\/inicio\/preguntas-frecuentes\/#breadcrumb"},"inLanguage":"es","potentialAction":[{"@type":"ReadAction","target":["https:\/\/camptecnologico.com\/inicio\/preguntas-frecuentes\/"]}]},{"@type":"ImageObject","inLanguage":"es","@id":"https:\/\/camptecnologico.com\/inicio\/preguntas-frecuentes\/#primaryimage","url":"https:\/\/camptecnologico.com\/inicio\/wp-content\/uploads\/industry-4.0camptec-1.jpg","contentUrl":"https:\/\/camptecnologico.com\/inicio\/wp-content\/uploads\/industry-4.0camptec-1.jpg","width":400,"height":235},{"@type":"BreadcrumbList","@id":"https:\/\/camptecnologico.com\/inicio\/preguntas-frecuentes\/#breadcrumb","itemListElement":[{"@type":"ListItem","position":1,"name":"Home","item":"https:\/\/camptecnologico.com\/"},{"@type":"ListItem","position":2,"name":"Preguntas Frecuentes"}]},{"@type":"WebSite","@id":"https:\/\/camptecnologico.com\/inicio\/#website","url":"https:\/\/camptecnologico.com\/inicio\/","name":"Camp Tecnologico","description":"Campamento tecnol\u00f3gico para ni\u00f1os y j\u00f3venes. Tecnolog\u00eda para ni\u00f1os. Minecraft.","publisher":{"@id":"https:\/\/camptecnologico.com\/inicio\/#organization"},"potentialAction":[{"@type":"SearchAction","target":{"@type":"EntryPoint","urlTemplate":"https:\/\/camptecnologico.com\/inicio\/?s={search_term_string}"},"query-input":"required name=search_term_string"}],"inLanguage":"es"},{"@type":"Organization","@id":"https:\/\/camptecnologico.com\/inicio\/#organization","name":"Camp Tecnol\u00f3gico","url":"https:\/\/camptecnologico.com\/inicio\/","logo":{"@type":"ImageObject","inLanguage":"es","@id":"https:\/\/camptecnologico.com\/inicio\/#\/schema\/logo\/image\/","url":"https:\/\/camptecnologico.com\/inicio\/wp-content\/uploads\/logo1.jpg","contentUrl":"https:\/\/camptecnologico.com\/inicio\/wp-content\/uploads\/logo1.jpg","width":120,"height":120,"caption":"Camp Tecnol\u00f3gico"},"image":{"@id":"https:\/\/camptecnologico.com\/inicio\/#\/schema\/logo\/image\/"},"sameAs":["https:\/\/www.facebook.com\/camptecnologico\/","https:\/\/x.com\/CampTecnologico","https:\/\/www.instagram.com\/camptecnologico\/","https:\/\/www.linkedin.com\/company\/camptecnol-gico","https:\/\/www.youtube.com\/user\/CampTecologico"]}]}},"_links":{"self":[{"href":"https:\/\/camptecnologico.com\/inicio\/wp-json\/wp\/v2\/pages\/10193","targetHints":{"allow":["GET"]}}],"collection":[{"href":"https:\/\/camptecnologico.com\/inicio\/wp-json\/wp\/v2\/pages"}],"about":[{"href":"https:\/\/camptecnologico.com\/inicio\/wp-json\/wp\/v2\/types\/page"}],"author":[{"embeddable":true,"href":"https:\/\/camptecnologico.com\/inicio\/wp-json\/wp\/v2\/users\/21"}],"replies":[{"embeddable":true,"href":"https:\/\/camptecnologico.com\/inicio\/wp-json\/wp\/v2\/comments?post=10193"}],"version-history":[{"count":18,"href":"https:\/\/camptecnologico.com\/inicio\/wp-json\/wp\/v2\/pages\/10193\/revisions"}],"predecessor-version":[{"id":47877,"href":"https:\/\/camptecnologico.com\/inicio\/wp-json\/wp\/v2\/pages\/10193\/revisions\/47877"}],"wp:featuredmedia":[{"embeddable":true,"href":"https:\/\/camptecnologico.com\/inicio\/wp-json\/wp\/v2\/media\/49704"}],"wp:attachment":[{"href":"https:\/\/camptecnologico.com\/inicio\/wp-json\/wp\/v2\/media?parent=10193"}],"curies":[{"name":"wp","href":"https:\/\/api.w.org\/{rel}","templated":true}]}}