




{"id":1014,"date":"2012-05-17T08:56:03","date_gmt":"2012-05-17T08:56:03","guid":{"rendered":"https:\/\/camptecnologico.com\/inicio\/wordpress\/?page_id=1014"},"modified":"2019-01-23T14:36:14","modified_gmt":"2019-01-23T13:36:14","slug":"formacion-profesorado","status":"publish","type":"page","link":"https:\/\/camptecnologico.com\/inicio\/formacion-profesorado\/","title":{"rendered":"Formaci\u00f3n a profesorado"},"content":{"rendered":"<div class=\"row\" style=\"margin-left: 50px;\">\r\n\r\n<img loading=\"lazy\" decoding=\"async\" src=\"https:\/\/camptecnologico.com\/inicio\/wp-content\/uploads\/imagen-cabecera-formacion.jpg\" alt=\"\" width=\"1920\" height=\"403\" class=\"alignleft size-full wp-image-28288\" srcset=\"https:\/\/camptecnologico.com\/inicio\/wp-content\/uploads\/imagen-cabecera-formacion.jpg 746w, https:\/\/camptecnologico.com\/inicio\/wp-content\/uploads\/imagen-cabecera-formacion-150x32.jpg 150w, https:\/\/camptecnologico.com\/inicio\/wp-content\/uploads\/imagen-cabecera-formacion-224x47.jpg 224w, https:\/\/camptecnologico.com\/inicio\/wp-content\/uploads\/imagen-cabecera-formacion-350x74.jpg 350w, https:\/\/camptecnologico.com\/inicio\/wp-content\/uploads\/imagen-cabecera-formacion-318x67.jpg 318w, https:\/\/camptecnologico.com\/inicio\/wp-content\/uploads\/imagen-cabecera-formacion-200x42.jpg 200w, https:\/\/camptecnologico.com\/inicio\/wp-content\/uploads\/imagen-cabecera-formacion-745x157.jpg 745w, https:\/\/camptecnologico.com\/inicio\/wp-content\/uploads\/imagen-cabecera-formacion-113x24.jpg 113w, https:\/\/camptecnologico.com\/inicio\/wp-content\/uploads\/imagen-cabecera-formacion-302x64.jpg 302w, https:\/\/camptecnologico.com\/inicio\/wp-content\/uploads\/imagen-cabecera-formacion-368x77.jpg 368w, https:\/\/camptecnologico.com\/inicio\/wp-content\/uploads\/imagen-cabecera-formacion-420x88.jpg 420w, https:\/\/camptecnologico.com\/inicio\/wp-content\/uploads\/imagen-cabecera-formacion-738x155.jpg 738w\" sizes=\"auto, (max-width: 1920px) 100vw, 1920px\" \/>\r\n<br \/>\r\n<br \/>\r\n<h2>Curso formaci\u00f3n  Tecnolog\u00eda educativa, rob\u00f3tica y videojuegos <\/h2>\r\n<h4>Dirigido a Estudiantes, Titulados de Magisterio y Educadores<\/h4>\r\n<p><strong>NIVEL I  (Iniciaci\u00f3n Infantil y 1er ciclo de Primaria)<\/strong><\/p> \r\n\r\n<p>D\u00edas: 25 \u2013 29 Sept.<\/p>\r\n<p>Horario: 10:00 a 14:00 h.<\/p>\r\n<p>Lugar: Aulas de Camp Tecnol\u00f3gico (Basauri) \/  Azkuna Zentroa (Bilbao)<\/p>\r\n<p>Precio: 220\u20ac | Descuento de 20\u20ac si te matriculas conjuntamente con un compa\u00f1ero\/a*<\/p>\r\n<p>Modo de pago: Trasferencia bancaria una vez confirmada la plaza.<\/p>\r\n<p>Horas: 20<\/p>\r\n<p>Bolsa de trabajo propia<\/p>\r\n\r\n<p>* El acompa\u00f1ante ha de consignar en el formulario de inscripci\u00f3n (en el campo \u00abReferencia\u00bb) tu nombre y apellidos. En caso de que se realice una inscripci\u00f3n cuya referencia sea la de otra persona inscrita la cual haya realizado ya el pago del importe total, se proceder\u00eda a ajustar el descuento mediante devoluci\u00f3n.<\/p>\r\n<br \/>\r\n<div class=\"text-center\">\r\n    <a class=\"button large primary\" href=\"https:\/\/docs.google.com\/forms\/d\/e\/1FAIpQLSdGrV3mbn071LRz286Ywd9l4oWWqGIvQ8Y9HwoXAJ7a5jLU7g\/viewform?usp=sf_link\" title=\"Contacto Formaci\u00f3n Profesorado\">REALIZAR PREINSCRIPCI\u00d3N<\/a>\r\n<\/div>\r\n\r\n<h4>Objetivos<\/h4>\r\n\r\n<ul>\r\n\t<li>Familiarizarse con la gama de recursos de la tecnolog\u00eda educativa (Apps, Robots, Tablets, dispositivos, placas, juguetes,\u2026)<\/li>\r\n\t<li>Familiarizarse con los recursos de mayor valor educativo para la etapa de Infantil y primer ciclo de Primaria as\u00ed como aquellos nuevos que a\u00fan no son utilizados de forma habitual en este tipo de actividades.<\/li>\r\n\t<li>Conocer c\u00f3mo funciona, su uso  y manejo y cu\u00e1les son las caracter\u00edsticas t\u00e9cnicas de los recursos educativos.<\/li>\r\n\t<li>A partir de la experiencia acumulada por nuestros monitores repasar algunas de las din\u00e1micas de juego\/aprendizaje que mejor funcionan con los materiales estudiados.<\/li>\r\n\t<li>Tener oportunidad de idear y confrontar con el grupo y con el monitor secuencias de juego\/ aprendizaje nuevos y originales en base a lo aprendido en las sesiones del curso.<\/li>\r\n\t<li>Conocer los fundamentos comunes de la programaci\u00f3n de robots, de aplicaciones y videojuegos. Ventajas y l\u00edmites de la programaci\u00f3n visual.<\/li>\r\n\t<li>Ejercitarse con los materiales con la ayuda del profesor  y a trav\u00e9s de trabajo con los compa\u00f1eros.<\/li>\r\n\t<li>Exponer los beneficios de la tecnolog\u00eda educativa en el aprendizaje y atender al tiempo a los \u00e1mbitos en los que el uso de la tecnolog\u00eda en las etapas iniciales del desarrollo ha de ser supervisado por los tutores.<\/li>\r\n\t<li>Instruirse en el uso de las aplicaciones TIC de gesti\u00f3n que nos ayudan a gestionar grupos de alumnos\/as<\/li>\r\n\t<li>Conocer los indicadores de aprendizaje de las diferentes actividades realizadas con tecnolog\u00eda educativa.<\/li>\r\n<\/ul>\r\n\r\n<br \/>\r\n\r\n<p>Plazas limitadas<\/p>\r\n\r\n<\/div>\r\n","protected":false},"excerpt":{"rendered":"Curso formaci\u00f3n Tecnolog\u00eda educativa, rob\u00f3tica y videojuegos Dirigido a Estudiantes, Titulados de Magisterio y Educadores NIVEL I (Iniciaci\u00f3n Infantil y 1er ciclo de Primaria) D\u00edas: 25 \u2013 29 Sept. Horario: 10:00 a 14:00 h. Lugar: Aulas de Camp Tecnol\u00f3gico (Basauri) \/ Azkuna Zentroa (Bilbao) Precio: 220\u20ac | Descuento de 20\u20ac si te matriculas conjuntamente con [&hellip;]","protected":false},"author":27,"featured_media":49704,"parent":0,"menu_order":4,"comment_status":"closed","ping_status":"closed","template":"template-right.php","meta":{"footnotes":"","_links_to":"","_links_to_target":""},"class_list":["post-1014","page","type-page","status-publish","has-post-thumbnail","hentry"],"yoast_head":"<!-- This site is optimized with the Yoast SEO plugin v22.6 - https:\/\/yoast.com\/wordpress\/plugins\/seo\/ -->\n<title>Formaci\u00f3n Profesorado | Camp Tecnol\u00f3gico<\/title>\n<meta name=\"description\" content=\"Cursos de formaci\u00f3n a profesorado en Rob\u00f3tica y creaci\u00f3n de Videojuegos o APPs. Formaci\u00f3n en: LEGO Mindstorm, Arduino, Scratch y App Inventor \u00a1Mejora tu CV!\" \/>\n<meta name=\"robots\" content=\"noindex, follow, max-snippet:-1, max-image-preview:large, max-video-preview:-1\" \/>\n<meta property=\"og:locale\" content=\"es_ES\" \/>\n<meta property=\"og:type\" content=\"article\" \/>\n<meta property=\"og:title\" content=\"Formaci\u00f3n Profesorado | Camp Tecnol\u00f3gico\" \/>\n<meta property=\"og:description\" content=\"Cursos de formaci\u00f3n a profesorado en Rob\u00f3tica y creaci\u00f3n de Videojuegos o APPs. Formaci\u00f3n en: LEGO Mindstorm, Arduino, Scratch y App Inventor \u00a1Mejora tu CV!\" \/>\n<meta property=\"og:url\" content=\"https:\/\/camptecnologico.com\/inicio\/formacion-profesorado\/\" \/>\n<meta property=\"og:site_name\" content=\"Camp Tecnologico\" \/>\n<meta property=\"article:publisher\" content=\"https:\/\/www.facebook.com\/camptecnologico\/\" \/>\n<meta property=\"article:modified_time\" content=\"2019-01-23T13:36:14+00:00\" \/>\n<meta property=\"og:image\" content=\"https:\/\/camptecnologico.com\/inicio\/wp-content\/uploads\/industry-4.0camptec-1.jpg\" \/>\n\t<meta property=\"og:image:width\" content=\"400\" \/>\n\t<meta property=\"og:image:height\" content=\"235\" \/>\n\t<meta property=\"og:image:type\" content=\"image\/jpeg\" \/>\n<meta name=\"twitter:card\" content=\"summary_large_image\" \/>\n<meta name=\"twitter:site\" content=\"@CampTecnologico\" \/>\n<meta name=\"twitter:label1\" content=\"Tiempo de lectura\" \/>\n\t<meta name=\"twitter:data1\" content=\"2 minutos\" \/>\n<!-- \/ Yoast SEO plugin. -->","yoast_head_json":{"title":"Formaci\u00f3n Profesorado | Camp Tecnol\u00f3gico","description":"Cursos de formaci\u00f3n a profesorado en Rob\u00f3tica y creaci\u00f3n de Videojuegos o APPs. Formaci\u00f3n en: LEGO Mindstorm, Arduino, Scratch y App Inventor \u00a1Mejora tu CV!","robots":{"index":"noindex","follow":"follow","max-snippet":"max-snippet:-1","max-image-preview":"max-image-preview:large","max-video-preview":"max-video-preview:-1"},"og_locale":"es_ES","og_type":"article","og_title":"Formaci\u00f3n Profesorado | Camp Tecnol\u00f3gico","og_description":"Cursos de formaci\u00f3n a profesorado en Rob\u00f3tica y creaci\u00f3n de Videojuegos o APPs. Formaci\u00f3n en: LEGO Mindstorm, Arduino, Scratch y App Inventor \u00a1Mejora tu CV!","og_url":"https:\/\/camptecnologico.com\/inicio\/formacion-profesorado\/","og_site_name":"Camp Tecnologico","article_publisher":"https:\/\/www.facebook.com\/camptecnologico\/","article_modified_time":"2019-01-23T13:36:14+00:00","og_image":[{"width":400,"height":235,"url":"https:\/\/camptecnologico.com\/inicio\/wp-content\/uploads\/industry-4.0camptec-1.jpg","type":"image\/jpeg"}],"twitter_card":"summary_large_image","twitter_site":"@CampTecnologico","twitter_misc":{"Tiempo de lectura":"2 minutos"},"schema":{"@context":"https:\/\/schema.org","@graph":[{"@type":"WebPage","@id":"https:\/\/camptecnologico.com\/inicio\/formacion-profesorado\/","url":"https:\/\/camptecnologico.com\/inicio\/formacion-profesorado\/","name":"Formaci\u00f3n Profesorado | Camp Tecnol\u00f3gico","isPartOf":{"@id":"https:\/\/camptecnologico.com\/inicio\/#website"},"primaryImageOfPage":{"@id":"https:\/\/camptecnologico.com\/inicio\/formacion-profesorado\/#primaryimage"},"image":{"@id":"https:\/\/camptecnologico.com\/inicio\/formacion-profesorado\/#primaryimage"},"thumbnailUrl":"https:\/\/camptecnologico.com\/inicio\/wp-content\/uploads\/industry-4.0camptec-1.jpg","datePublished":"2012-05-17T08:56:03+00:00","dateModified":"2019-01-23T13:36:14+00:00","description":"Cursos de formaci\u00f3n a profesorado en Rob\u00f3tica y creaci\u00f3n de Videojuegos o APPs. Formaci\u00f3n en: LEGO Mindstorm, Arduino, Scratch y App Inventor \u00a1Mejora tu CV!","breadcrumb":{"@id":"https:\/\/camptecnologico.com\/inicio\/formacion-profesorado\/#breadcrumb"},"inLanguage":"es","potentialAction":[{"@type":"ReadAction","target":["https:\/\/camptecnologico.com\/inicio\/formacion-profesorado\/"]}]},{"@type":"ImageObject","inLanguage":"es","@id":"https:\/\/camptecnologico.com\/inicio\/formacion-profesorado\/#primaryimage","url":"https:\/\/camptecnologico.com\/inicio\/wp-content\/uploads\/industry-4.0camptec-1.jpg","contentUrl":"https:\/\/camptecnologico.com\/inicio\/wp-content\/uploads\/industry-4.0camptec-1.jpg","width":400,"height":235},{"@type":"BreadcrumbList","@id":"https:\/\/camptecnologico.com\/inicio\/formacion-profesorado\/#breadcrumb","itemListElement":[{"@type":"ListItem","position":1,"name":"Home","item":"https:\/\/camptecnologico.com\/"},{"@type":"ListItem","position":2,"name":"Formaci\u00f3n a profesorado"}]},{"@type":"WebSite","@id":"https:\/\/camptecnologico.com\/inicio\/#website","url":"https:\/\/camptecnologico.com\/inicio\/","name":"Camp Tecnologico","description":"Campamento tecnol\u00f3gico para ni\u00f1os y j\u00f3venes. Tecnolog\u00eda para ni\u00f1os. Minecraft.","publisher":{"@id":"https:\/\/camptecnologico.com\/inicio\/#organization"},"potentialAction":[{"@type":"SearchAction","target":{"@type":"EntryPoint","urlTemplate":"https:\/\/camptecnologico.com\/inicio\/?s={search_term_string}"},"query-input":"required name=search_term_string"}],"inLanguage":"es"},{"@type":"Organization","@id":"https:\/\/camptecnologico.com\/inicio\/#organization","name":"Camp Tecnol\u00f3gico","url":"https:\/\/camptecnologico.com\/inicio\/","logo":{"@type":"ImageObject","inLanguage":"es","@id":"https:\/\/camptecnologico.com\/inicio\/#\/schema\/logo\/image\/","url":"https:\/\/camptecnologico.com\/inicio\/wp-content\/uploads\/logo1.jpg","contentUrl":"https:\/\/camptecnologico.com\/inicio\/wp-content\/uploads\/logo1.jpg","width":120,"height":120,"caption":"Camp Tecnol\u00f3gico"},"image":{"@id":"https:\/\/camptecnologico.com\/inicio\/#\/schema\/logo\/image\/"},"sameAs":["https:\/\/www.facebook.com\/camptecnologico\/","https:\/\/x.com\/CampTecnologico","https:\/\/www.instagram.com\/camptecnologico\/","https:\/\/www.linkedin.com\/company\/camptecnol-gico","https:\/\/www.youtube.com\/user\/CampTecologico"]}]}},"_links":{"self":[{"href":"https:\/\/camptecnologico.com\/inicio\/wp-json\/wp\/v2\/pages\/1014","targetHints":{"allow":["GET"]}}],"collection":[{"href":"https:\/\/camptecnologico.com\/inicio\/wp-json\/wp\/v2\/pages"}],"about":[{"href":"https:\/\/camptecnologico.com\/inicio\/wp-json\/wp\/v2\/types\/page"}],"author":[{"embeddable":true,"href":"https:\/\/camptecnologico.com\/inicio\/wp-json\/wp\/v2\/users\/27"}],"replies":[{"embeddable":true,"href":"https:\/\/camptecnologico.com\/inicio\/wp-json\/wp\/v2\/comments?post=1014"}],"version-history":[{"count":17,"href":"https:\/\/camptecnologico.com\/inicio\/wp-json\/wp\/v2\/pages\/1014\/revisions"}],"predecessor-version":[{"id":36377,"href":"https:\/\/camptecnologico.com\/inicio\/wp-json\/wp\/v2\/pages\/1014\/revisions\/36377"}],"wp:featuredmedia":[{"embeddable":true,"href":"https:\/\/camptecnologico.com\/inicio\/wp-json\/wp\/v2\/media\/49704"}],"wp:attachment":[{"href":"https:\/\/camptecnologico.com\/inicio\/wp-json\/wp\/v2\/media?parent=1014"}],"curies":[{"name":"wp","href":"https:\/\/api.w.org\/{rel}","templated":true}]}}